{"id":15757,"date":"2023-02-15T15:07:01","date_gmt":"2023-02-15T14:07:01","guid":{"rendered":"https:\/\/www.pecsisitter.hu\/?page_id=15757"},"modified":"2025-02-25T16:51:56","modified_gmt":"2025-02-25T15:51:56","slug":"bemutatkozas-julcsi","status":"publish","type":"page","link":"https:\/\/www.pecsisitter.hu\/hu\/bemutatkozas-julcsi\/","title":{"rendered":"Bemutatkoz\u00e1s Julcsi"},"content":{"rendered":"\t\t<div data-elementor-type=\"wp-page\" data-elementor-id=\"15757\" class=\"elementor elementor-15757\">\n\t\t\t\t\t\t<div class=\"elementor-inner\">\n\t\t\t\t<div class=\"elementor-section-wrap\">\n\t\t\t\t\t\t\t\t\t<section class=\"elementor-section elementor-top-section elementor-element elementor-element-453b0c28 elementor-section-boxed elementor-section-height-default elementor-section-height-default\" data-id=\"453b0c28\" data-element_type=\"section\">\n\t\t\t\t\t\t<div class=\"elementor-container elementor-column-gap-default\">\n\t\t\t\t\t\t\t<div class=\"elementor-row\">\n\t\t\t\t\t<div class=\"elementor-column elementor-col-100 elementor-top-column elementor-element elementor-element-4c0eb2ab\" data-id=\"4c0eb2ab\" data-element_type=\"column\">\n\t\t\t<div class=\"elementor-column-wrap\">\n\t\t\t\t\t\t\t<div class=\"elementor-widget-wrap\">\n\t\t\t\t\t\t\t\t<\/div>\n\t\t\t\t\t<\/div>\n\t\t<\/div>\n\t\t\t\t\t\t\t\t<\/div>\n\t\t\t\t\t<\/div>\n\t\t<\/section>\n\t\t\t\t<section class=\"elementor-section elementor-top-section elementor-element elementor-element-1e9e467 elementor-section-boxed elementor-section-height-default elementor-section-height-default\" data-id=\"1e9e467\" data-element_type=\"section\" data-settings=\"{&quot;background_background&quot;:&quot;video&quot;,&quot;background_video_link&quot;:&quot;https:\\\/\\\/www.youtube.com\\\/watch?v=xqjDrZJwk4E&amp;ab_channel=CKFreeVideoTemplates&quot;}\">\n\t\t\t\t\t\t\t\t<div class=\"elementor-background-video-container elementor-hidden-phone\">\n\t\t\t\t\t\t\t\t\t\t\t\t\t<div class=\"elementor-background-video-embed\"><\/div>\n\t\t\t\t\t\t\t\t\t\t\t\t<\/div>\n\t\t\t\t\t\t\t\t<div class=\"elementor-container elementor-column-gap-default\">\n\t\t\t\t\t\t\t<div class=\"elementor-row\">\n\t\t\t\t\t<div class=\"elementor-column elementor-col-50 elementor-top-column elementor-element elementor-element-5d5c5209\" data-id=\"5d5c5209\" data-element_type=\"column\">\n\t\t\t<div class=\"elementor-column-wrap elementor-element-populated\">\n\t\t\t\t\t\t\t<div class=\"elementor-widget-wrap\">\n\t\t\t\t\t\t<div class=\"elementor-element elementor-element-84a9ef1 elementor-widget elementor-widget-image\" data-id=\"84a9ef1\" data-element_type=\"widget\" data-widget_type=\"image.default\">\n\t\t\t\t<div class=\"elementor-widget-container\">\n\t\t\t\t\t\t\t\t<div class=\"elementor-image\">\n\t\t\t\t\t\t\t\t\t\t\t\t<img decoding=\"async\" width=\"800\" height=\"786\" src=\"https:\/\/www.pecsisitter.hu\/wp-content\/uploads\/2025\/02\/Julcsi-1024x1006.jpeg\" class=\"attachment-large size-large\" alt=\"\" loading=\"lazy\" srcset=\"https:\/\/www.pecsisitter.hu\/wp-content\/uploads\/2025\/02\/Julcsi-1024x1006.jpeg 1024w, https:\/\/www.pecsisitter.hu\/wp-content\/uploads\/2025\/02\/Julcsi-300x295.jpeg 300w, https:\/\/www.pecsisitter.hu\/wp-content\/uploads\/2025\/02\/Julcsi-768x754.jpeg 768w, https:\/\/www.pecsisitter.hu\/wp-content\/uploads\/2025\/02\/Julcsi-12x12.jpeg 12w, https:\/\/www.pecsisitter.hu\/wp-content\/uploads\/2025\/02\/Julcsi.jpeg 1295w\" sizes=\"(max-width: 800px) 100vw, 800px\" \/>\t\t\t\t\t\t\t\t\t\t\t\t\t\t<\/div>\n\t\t\t\t\t\t<\/div>\n\t\t\t\t<\/div>\n\t\t\t\t\t\t<\/div>\n\t\t\t\t\t<\/div>\n\t\t<\/div>\n\t\t\t\t<div class=\"elementor-column elementor-col-50 elementor-top-column elementor-element elementor-element-58d8f132\" data-id=\"58d8f132\" data-element_type=\"column\">\n\t\t\t<div class=\"elementor-column-wrap elementor-element-populated\">\n\t\t\t\t\t\t\t<div class=\"elementor-widget-wrap\">\n\t\t\t\t\t\t<div class=\"elementor-element elementor-element-777fa368 elementor-widget elementor-widget-spacer\" data-id=\"777fa368\" data-element_type=\"widget\" data-widget_type=\"spacer.default\">\n\t\t\t\t<div class=\"elementor-widget-container\">\n\t\t\t\t\t<div class=\"elementor-spacer\">\n\t\t\t<div class=\"elementor-spacer-inner\"><\/div>\n\t\t<\/div>\n\t\t\t\t<\/div>\n\t\t\t\t<\/div>\n\t\t\t\t<div class=\"elementor-element elementor-element-64ac05c4 elementor-widget elementor-widget-heading\" data-id=\"64ac05c4\" data-element_type=\"widget\" data-widget_type=\"heading.default\">\n\t\t\t\t<div class=\"elementor-widget-container\">\n\t\t\t<h2 class=\"elementor-heading-title elementor-size-default\">Julcsi<\/h2>\t\t<\/div>\n\t\t\t\t<\/div>\n\t\t\t\t<div class=\"elementor-element elementor-element-48de25b8 elementor-widget elementor-widget-text-editor\" data-id=\"48de25b8\" data-element_type=\"widget\" data-widget_type=\"text-editor.default\">\n\t\t\t\t<div class=\"elementor-widget-container\">\n\t\t\t\t\t\t\t\t<div class=\"elementor-text-editor elementor-clearfix\">\n\t\t\t\t<div>Julcsi vagyok, 22 \u00e9ves pszichol\u00f3gia hallgat\u00f3. Nagyj\u00e1b\u00f3l eg\u00e9sz \u00e9letemben gyerekek vettek k\u00f6rbe,\u00a0<span style=\"color: var( --e-global-color-text ); font-family: var( --e-global-typography-text-font-family ), Sans-serif; font-weight: var( --e-global-typography-text-font-weight ); background-color: initial;\">mivel van 2 kisebb testv\u00e9rem. 16 \u00e9ves koromt\u00f3l minden ny\u00e1ron t\u00e1boroztatok 6-17 \u00e9ves gyerekeket\u00a0<\/span><span style=\"color: var( --e-global-color-text ); font-family: var( --e-global-typography-text-font-family ), Sans-serif; font-weight: var( --e-global-typography-text-font-weight ); background-color: initial;\">\u00e9s p\u00e1r \u00e9vig edz\u0151sk\u00f6dtem is a klubban, ahol sportoltam. 2021-ben ker\u00fcltem P\u00e9csre az egyetem miatt\u00a0\u00a0<\/span><span style=\"color: var( --e-global-color-text ); font-family: var( --e-global-typography-text-font-family ), Sans-serif; font-weight: var( --e-global-typography-text-font-weight ); background-color: initial;\">s mivel nagyon megszerettem a v\u00e1rost az\u00f3ta is itt vagyok, jelenleg a MA k\u00e9pz\u00e9semet v\u00e9gzem. Volt\u00a0<\/span><span style=\"color: var( --e-global-color-text ); font-family: var( --e-global-typography-text-font-family ), Sans-serif; font-weight: var( --e-global-typography-text-font-weight ); background-color: initial;\">lehet\u0151s\u00e9gem 2 \u00e9vig a Gyermekklinik\u00e1n \u00f6nk\u00e9nteskedni, amit szint\u00e9n nagyon szerettem, b\u00e1r\u00a0<\/span><span style=\"color: var( --e-global-color-text ); font-family: var( --e-global-typography-text-font-family ), Sans-serif; font-weight: var( --e-global-typography-text-font-weight ); background-color: initial;\">ment\u00e1lisan sokszor f\u00e1raszt\u00f3 volt, de hihetetlen\u00fcl fel tudtak t\u00f6lteni az ott l\u00e1tott gyermekmosolyok.\u00a0<\/span><span style=\"color: var( --e-global-color-text ); font-family: var( --e-global-typography-text-font-family ), Sans-serif; font-weight: var( --e-global-typography-text-font-weight ); background-color: initial;\">A gyerekekkel mindig is k\u00f6nnyen megtal\u00e1ltam a k\u00f6z\u00f6s hangot, \u00edgy \u00fagy d\u00f6nt\u00f6ttem t\u00f6bb \u00e9v\u00a0<\/span><span style=\"color: var( --e-global-color-text ); font-family: var( --e-global-typography-text-font-family ), Sans-serif; font-weight: var( --e-global-typography-text-font-weight ); background-color: initial;\">vend\u00e9gl\u00e1t\u00f3z\u00e1s ut\u00e1n olyan munk\u00e1t szeretn\u00e9k, amit sz\u00edvb\u0151l tudok csin\u00e1lni, ez\u00e9rt d\u00f6nt\u00f6ttem a\u00a0<\/span><span style=\"color: var( --e-global-color-text ); font-family: var( --e-global-typography-text-font-family ), Sans-serif; font-weight: var( --e-global-typography-text-font-weight ); background-color: initial;\">babysitterked\u00e9s mellett. A j\u00e1t\u00e9k \u00e9s sz\u00f3rakoz\u00e1s mellett sz\u00edvesen v\u00e1llalok korrepet\u00e1l\u00e1st\/ k\u00f6z\u00f6s tanul\u00e1st\u00a0<\/span><span style=\"color: var( --e-global-color-text ); font-family: var( --e-global-typography-text-font-family ), Sans-serif; font-weight: var( --e-global-typography-text-font-weight ); background-color: initial;\">is a gyerekekkel, hiszen ebben is van b\u0151ven tapasztalatom.<\/span><\/div>\t\t\t\t\t<\/div>\n\t\t\t\t\t\t<\/div>\n\t\t\t\t<\/div>\n\t\t\t\t<div class=\"elementor-element elementor-element-11d43aa4 elementor-align-center elementor-widget elementor-widget-button\" data-id=\"11d43aa4\" data-element_type=\"widget\" data-widget_type=\"button.default\">\n\t\t\t\t<div class=\"elementor-widget-container\">\n\t\t\t\t\t<div class=\"elementor-button-wrapper\">\n\t\t\t<a href=\"https:\/\/www.pecsisitter.hu\/hu\/babysitterek\/\" class=\"elementor-button-link elementor-button elementor-size-sm\" role=\"button\">\n\t\t\t\t\t\t<span class=\"elementor-button-content-wrapper\">\n\t\t\t\t\t\t<span class=\"elementor-button-text\">Vissza a P\u00e9csiSitterekhez<\/span>\n\t\t<\/span>\n\t\t\t\t\t<\/a>\n\t\t<\/div>\n\t\t\t\t<\/div>\n\t\t\t\t<\/div>\n\t\t\t\t\t\t<\/div>\n\t\t\t\t\t<\/div>\n\t\t<\/div>\n\t\t\t\t\t\t\t\t<\/div>\n\t\t\t\t\t<\/div>\n\t\t<\/section>\n\t\t\t\t\t\t\t\t\t<\/div>\n\t\t\t<\/div>\n\t\t\t\t\t<\/div>\n\t\t","protected":false},"excerpt":{"rendered":"<p>Julcsi Julcsi vagyok, 22 \u00e9ves pszichol\u00f3gia hallgat\u00f3. Nagyj\u00e1b\u00f3l eg\u00e9sz \u00e9letemben&hellip;<\/p>\n<p> <a class=\"more-link\" href=\"https:\/\/www.pecsisitter.hu\/hu\/bemutatkozas-julcsi\/\">B\u0151vebben<\/a><\/p>\n","protected":false},"author":1,"featured_media":0,"parent":0,"menu_order":0,"comment_status":"closed","ping_status":"closed","template":"elementor_header_footer","meta":[],"yoast_head":"<!-- This site is optimized with the Yoast SEO plugin v18.6 - https:\/\/yoast.com\/wordpress\/plugins\/seo\/ -->\n<title>Bemutatkoz\u00e1s Julcsi - P&eacute;csi Sitter<\/title>\n<meta name=\"robots\" content=\"index, follow, max-snippet:-1, max-image-preview:large, max-video-preview:-1\" \/>\n<link rel=\"canonical\" href=\"https:\/\/www.pecsisitter.hu\/hu\/bemutatkozas-julcsi\/\" \/>\n<meta property=\"og:locale\" content=\"hu_HU\" \/>\n<meta property=\"og:type\" content=\"article\" \/>\n<meta property=\"og:title\" content=\"Bemutatkoz\u00e1s Julcsi - P&eacute;csi Sitter\" \/>\n<meta property=\"og:description\" content=\"Julcsi Julcsi vagyok, 22 \u00e9ves pszichol\u00f3gia hallgat\u00f3. Nagyj\u00e1b\u00f3l eg\u00e9sz \u00e9letemben&hellip;  B\u0151vebben\" \/>\n<meta property=\"og:url\" content=\"https:\/\/www.pecsisitter.hu\/hu\/bemutatkozas-julcsi\/\" \/>\n<meta property=\"og:site_name\" content=\"P&eacute;csi Sitter\" \/>\n<meta property=\"article:publisher\" content=\"https:\/\/www.facebook.com\/pecsisitter\" \/>\n<meta property=\"article:modified_time\" content=\"2025-02-25T15:51:56+00:00\" \/>\n<meta property=\"og:image\" content=\"https:\/\/www.pecsisitter.hu\/wp-content\/uploads\/2025\/02\/Julcsi-1024x1006.jpeg\" \/>\n<meta name=\"twitter:card\" content=\"summary_large_image\" \/>\n<meta name=\"twitter:label1\" content=\"Becs\u00fclt olvas\u00e1si id\u0151\" \/>\n\t<meta name=\"twitter:data1\" content=\"1 perc\" \/>\n<script type=\"application\/ld+json\" class=\"yoast-schema-graph\">{\"@context\":\"https:\/\/schema.org\",\"@graph\":[{\"@type\":\"Organization\",\"@id\":\"https:\/\/www.pecsisitter.hu\/hu\/#organization\",\"name\":\"P\u00e9csiSitter\",\"url\":\"https:\/\/www.pecsisitter.hu\/hu\/\",\"sameAs\":[\"https:\/\/www.facebook.com\/pecsisitter\",\"https:\/\/www.instagram.com\/pecsisitter\"],\"logo\":{\"@type\":\"ImageObject\",\"@id\":\"https:\/\/www.pecsisitter.hu\/hu\/#logo\",\"inLanguage\":\"hu\",\"url\":\"https:\/\/www.pecsisitter.hu\/wp-content\/uploads\/2020\/10\/PS-logo-icon.jpg\",\"contentUrl\":\"https:\/\/www.pecsisitter.hu\/wp-content\/uploads\/2020\/10\/PS-logo-icon.jpg\",\"width\":997,\"height\":997,\"caption\":\"P\u00e9csiSitter\"},\"image\":{\"@id\":\"https:\/\/www.pecsisitter.hu\/hu\/#logo\"}},{\"@type\":\"WebSite\",\"@id\":\"https:\/\/www.pecsisitter.hu\/hu\/#website\",\"url\":\"https:\/\/www.pecsisitter.hu\/hu\/\",\"name\":\"P\u00e9csi Sitter\",\"description\":\"P&eacute;cs b&eacute;biszitter &eacute;s id\u0151sgondoz&aacute;s\",\"publisher\":{\"@id\":\"https:\/\/www.pecsisitter.hu\/hu\/#organization\"},\"potentialAction\":[{\"@type\":\"SearchAction\",\"target\":{\"@type\":\"EntryPoint\",\"urlTemplate\":\"https:\/\/www.pecsisitter.hu\/hu\/?s={search_term_string}\"},\"query-input\":\"required name=search_term_string\"}],\"inLanguage\":\"hu\"},{\"@type\":\"ImageObject\",\"@id\":\"https:\/\/www.pecsisitter.hu\/bemutatkozas-julcsi\/#primaryimage\",\"inLanguage\":\"hu\",\"url\":\"https:\/\/www.pecsisitter.hu\/wp-content\/uploads\/2025\/02\/Julcsi.jpeg\",\"contentUrl\":\"https:\/\/www.pecsisitter.hu\/wp-content\/uploads\/2025\/02\/Julcsi.jpeg\",\"width\":1295,\"height\":1272},{\"@type\":\"WebPage\",\"@id\":\"https:\/\/www.pecsisitter.hu\/bemutatkozas-julcsi\/#webpage\",\"url\":\"https:\/\/www.pecsisitter.hu\/bemutatkozas-julcsi\/\",\"name\":\"Bemutatkoz\u00e1s Julcsi - P&eacute;csi Sitter\",\"isPartOf\":{\"@id\":\"https:\/\/www.pecsisitter.hu\/hu\/#website\"},\"primaryImageOfPage\":{\"@id\":\"https:\/\/www.pecsisitter.hu\/bemutatkozas-julcsi\/#primaryimage\"},\"datePublished\":\"2023-02-15T14:07:01+00:00\",\"dateModified\":\"2025-02-25T15:51:56+00:00\",\"breadcrumb\":{\"@id\":\"https:\/\/www.pecsisitter.hu\/bemutatkozas-julcsi\/#breadcrumb\"},\"inLanguage\":\"hu\",\"potentialAction\":[{\"@type\":\"ReadAction\",\"target\":[\"https:\/\/www.pecsisitter.hu\/bemutatkozas-julcsi\/\"]}]},{\"@type\":\"BreadcrumbList\",\"@id\":\"https:\/\/www.pecsisitter.hu\/bemutatkozas-julcsi\/#breadcrumb\",\"itemListElement\":[{\"@type\":\"ListItem\",\"position\":1,\"name\":\"Kezd\u0151lap\",\"item\":\"https:\/\/www.pecsisitter.hu\/hu\/\"},{\"@type\":\"ListItem\",\"position\":2,\"name\":\"Bemutatkoz\u00e1s Julcsi\"}]}]}<\/script>\n<!-- \/ Yoast SEO plugin. -->","yoast_head_json":{"title":"Bemutatkoz\u00e1s Julcsi - P&eacute;csi Sitter","robots":{"index":"index","follow":"follow","max-snippet":"max-snippet:-1","max-image-preview":"max-image-preview:large","max-video-preview":"max-video-preview:-1"},"canonical":"https:\/\/www.pecsisitter.hu\/hu\/bemutatkozas-julcsi\/","og_locale":"hu_HU","og_type":"article","og_title":"Bemutatkoz\u00e1s Julcsi - P&eacute;csi Sitter","og_description":"Julcsi Julcsi vagyok, 22 \u00e9ves pszichol\u00f3gia hallgat\u00f3. Nagyj\u00e1b\u00f3l eg\u00e9sz \u00e9letemben&hellip;  B\u0151vebben","og_url":"https:\/\/www.pecsisitter.hu\/hu\/bemutatkozas-julcsi\/","og_site_name":"P&eacute;csi Sitter","article_publisher":"https:\/\/www.facebook.com\/pecsisitter","article_modified_time":"2025-02-25T15:51:56+00:00","og_image":[{"url":"https:\/\/www.pecsisitter.hu\/wp-content\/uploads\/2025\/02\/Julcsi-1024x1006.jpeg"}],"twitter_card":"summary_large_image","twitter_misc":{"Becs\u00fclt olvas\u00e1si id\u0151":"1 perc"},"schema":{"@context":"https:\/\/schema.org","@graph":[{"@type":"Organization","@id":"https:\/\/www.pecsisitter.hu\/hu\/#organization","name":"P\u00e9csiSitter","url":"https:\/\/www.pecsisitter.hu\/hu\/","sameAs":["https:\/\/www.facebook.com\/pecsisitter","https:\/\/www.instagram.com\/pecsisitter"],"logo":{"@type":"ImageObject","@id":"https:\/\/www.pecsisitter.hu\/hu\/#logo","inLanguage":"hu","url":"https:\/\/www.pecsisitter.hu\/wp-content\/uploads\/2020\/10\/PS-logo-icon.jpg","contentUrl":"https:\/\/www.pecsisitter.hu\/wp-content\/uploads\/2020\/10\/PS-logo-icon.jpg","width":997,"height":997,"caption":"P\u00e9csiSitter"},"image":{"@id":"https:\/\/www.pecsisitter.hu\/hu\/#logo"}},{"@type":"WebSite","@id":"https:\/\/www.pecsisitter.hu\/hu\/#website","url":"https:\/\/www.pecsisitter.hu\/hu\/","name":"P\u00e9csi Sitter","description":"P&eacute;cs b&eacute;biszitter &eacute;s id\u0151sgondoz&aacute;s","publisher":{"@id":"https:\/\/www.pecsisitter.hu\/hu\/#organization"},"potentialAction":[{"@type":"SearchAction","target":{"@type":"EntryPoint","urlTemplate":"https:\/\/www.pecsisitter.hu\/hu\/?s={search_term_string}"},"query-input":"required name=search_term_string"}],"inLanguage":"hu"},{"@type":"ImageObject","@id":"https:\/\/www.pecsisitter.hu\/bemutatkozas-julcsi\/#primaryimage","inLanguage":"hu","url":"https:\/\/www.pecsisitter.hu\/wp-content\/uploads\/2025\/02\/Julcsi.jpeg","contentUrl":"https:\/\/www.pecsisitter.hu\/wp-content\/uploads\/2025\/02\/Julcsi.jpeg","width":1295,"height":1272},{"@type":"WebPage","@id":"https:\/\/www.pecsisitter.hu\/bemutatkozas-julcsi\/#webpage","url":"https:\/\/www.pecsisitter.hu\/bemutatkozas-julcsi\/","name":"Bemutatkoz\u00e1s Julcsi - P&eacute;csi Sitter","isPartOf":{"@id":"https:\/\/www.pecsisitter.hu\/hu\/#website"},"primaryImageOfPage":{"@id":"https:\/\/www.pecsisitter.hu\/bemutatkozas-julcsi\/#primaryimage"},"datePublished":"2023-02-15T14:07:01+00:00","dateModified":"2025-02-25T15:51:56+00:00","breadcrumb":{"@id":"https:\/\/www.pecsisitter.hu\/bemutatkozas-julcsi\/#breadcrumb"},"inLanguage":"hu","potentialAction":[{"@type":"ReadAction","target":["https:\/\/www.pecsisitter.hu\/bemutatkozas-julcsi\/"]}]},{"@type":"BreadcrumbList","@id":"https:\/\/www.pecsisitter.hu\/bemutatkozas-julcsi\/#breadcrumb","itemListElement":[{"@type":"ListItem","position":1,"name":"Kezd\u0151lap","item":"https:\/\/www.pecsisitter.hu\/hu\/"},{"@type":"ListItem","position":2,"name":"Bemutatkoz\u00e1s Julcsi"}]}]}},"_links":{"self":[{"href":"https:\/\/www.pecsisitter.hu\/hu\/wp-json\/wp\/v2\/pages\/15757"}],"collection":[{"href":"https:\/\/www.pecsisitter.hu\/hu\/wp-json\/wp\/v2\/pages"}],"about":[{"href":"https:\/\/www.pecsisitter.hu\/hu\/wp-json\/wp\/v2\/types\/page"}],"author":[{"embeddable":true,"href":"https:\/\/www.pecsisitter.hu\/hu\/wp-json\/wp\/v2\/users\/1"}],"replies":[{"embeddable":true,"href":"https:\/\/www.pecsisitter.hu\/hu\/wp-json\/wp\/v2\/comments?post=15757"}],"version-history":[{"count":24,"href":"https:\/\/www.pecsisitter.hu\/hu\/wp-json\/wp\/v2\/pages\/15757\/revisions"}],"predecessor-version":[{"id":16114,"href":"https:\/\/www.pecsisitter.hu\/hu\/wp-json\/wp\/v2\/pages\/15757\/revisions\/16114"}],"wp:attachment":[{"href":"https:\/\/www.pecsisitter.hu\/hu\/wp-json\/wp\/v2\/media?parent=15757"}],"curies":[{"name":"wp","href":"https:\/\/api.w.org\/{rel}","templated":true}]}}