{"id":15183,"date":"2022-04-18T13:30:06","date_gmt":"2022-04-18T11:30:06","guid":{"rendered":"https:\/\/www.pecsisitter.hu\/?page_id=15183"},"modified":"2022-05-08T14:57:40","modified_gmt":"2022-05-08T12:57:40","slug":"bemutatkozas-alica","status":"publish","type":"page","link":"https:\/\/www.pecsisitter.hu\/hu\/bemutatkozas-alica\/","title":{"rendered":"Bemutatkoz\u00e1s Alica"},"content":{"rendered":"\t\t<div data-elementor-type=\"wp-page\" data-elementor-id=\"15183\" class=\"elementor elementor-15183\">\n\t\t\t\t\t\t<div class=\"elementor-inner\">\n\t\t\t\t<div class=\"elementor-section-wrap\">\n\t\t\t\t\t\t\t\t\t<section class=\"elementor-section elementor-top-section elementor-element elementor-element-453b0c28 elementor-section-boxed elementor-section-height-default elementor-section-height-default\" data-id=\"453b0c28\" data-element_type=\"section\">\n\t\t\t\t\t\t<div class=\"elementor-container elementor-column-gap-default\">\n\t\t\t\t\t\t\t<div class=\"elementor-row\">\n\t\t\t\t\t<div class=\"elementor-column elementor-col-100 elementor-top-column elementor-element elementor-element-4c0eb2ab\" data-id=\"4c0eb2ab\" data-element_type=\"column\">\n\t\t\t<div class=\"elementor-column-wrap\">\n\t\t\t\t\t\t\t<div class=\"elementor-widget-wrap\">\n\t\t\t\t\t\t\t\t<\/div>\n\t\t\t\t\t<\/div>\n\t\t<\/div>\n\t\t\t\t\t\t\t\t<\/div>\n\t\t\t\t\t<\/div>\n\t\t<\/section>\n\t\t\t\t<section class=\"elementor-section elementor-top-section elementor-element elementor-element-1e9e467 elementor-section-boxed elementor-section-height-default elementor-section-height-default\" data-id=\"1e9e467\" data-element_type=\"section\" data-settings=\"{&quot;background_background&quot;:&quot;video&quot;,&quot;background_video_link&quot;:&quot;https:\\\/\\\/www.youtube.com\\\/watch?v=xqjDrZJwk4E&amp;ab_channel=CKFreeVideoTemplates&quot;}\">\n\t\t\t\t\t\t\t\t<div class=\"elementor-background-video-container elementor-hidden-phone\">\n\t\t\t\t\t\t\t\t\t\t\t\t\t<div class=\"elementor-background-video-embed\"><\/div>\n\t\t\t\t\t\t\t\t\t\t\t\t<\/div>\n\t\t\t\t\t\t\t\t<div class=\"elementor-container elementor-column-gap-default\">\n\t\t\t\t\t\t\t<div class=\"elementor-row\">\n\t\t\t\t\t<div class=\"elementor-column elementor-col-50 elementor-top-column elementor-element elementor-element-5d5c5209\" data-id=\"5d5c5209\" data-element_type=\"column\">\n\t\t\t<div class=\"elementor-column-wrap elementor-element-populated\">\n\t\t\t\t\t\t\t<div class=\"elementor-widget-wrap\">\n\t\t\t\t\t\t<div class=\"elementor-element elementor-element-84a9ef1 elementor-widget elementor-widget-image\" data-id=\"84a9ef1\" data-element_type=\"widget\" data-widget_type=\"image.default\">\n\t\t\t\t<div class=\"elementor-widget-container\">\n\t\t\t\t\t\t\t\t<div class=\"elementor-image\">\n\t\t\t\t\t\t\t\t\t\t\t\t<img decoding=\"async\" width=\"768\" height=\"1024\" src=\"https:\/\/www.pecsisitter.hu\/wp-content\/uploads\/2022\/05\/Alica-768x1024.jpg\" class=\"attachment-large size-large\" alt=\"\" loading=\"lazy\" srcset=\"https:\/\/www.pecsisitter.hu\/wp-content\/uploads\/2022\/05\/Alica-768x1024.jpg 768w, https:\/\/www.pecsisitter.hu\/wp-content\/uploads\/2022\/05\/Alica-225x300.jpg 225w, https:\/\/www.pecsisitter.hu\/wp-content\/uploads\/2022\/05\/Alica-1152x1536.jpg 1152w, https:\/\/www.pecsisitter.hu\/wp-content\/uploads\/2022\/05\/Alica-1536x2048.jpg 1536w, https:\/\/www.pecsisitter.hu\/wp-content\/uploads\/2022\/05\/Alica-9x12.jpg 9w, https:\/\/www.pecsisitter.hu\/wp-content\/uploads\/2022\/05\/Alica-scaled.jpg 1920w\" sizes=\"(max-width: 768px) 100vw, 768px\" \/>\t\t\t\t\t\t\t\t\t\t\t\t\t\t<\/div>\n\t\t\t\t\t\t<\/div>\n\t\t\t\t<\/div>\n\t\t\t\t\t\t<\/div>\n\t\t\t\t\t<\/div>\n\t\t<\/div>\n\t\t\t\t<div class=\"elementor-column elementor-col-50 elementor-top-column elementor-element elementor-element-58d8f132\" data-id=\"58d8f132\" data-element_type=\"column\">\n\t\t\t<div class=\"elementor-column-wrap elementor-element-populated\">\n\t\t\t\t\t\t\t<div class=\"elementor-widget-wrap\">\n\t\t\t\t\t\t<div class=\"elementor-element elementor-element-777fa368 elementor-widget elementor-widget-spacer\" data-id=\"777fa368\" data-element_type=\"widget\" data-widget_type=\"spacer.default\">\n\t\t\t\t<div class=\"elementor-widget-container\">\n\t\t\t\t\t<div class=\"elementor-spacer\">\n\t\t\t<div class=\"elementor-spacer-inner\"><\/div>\n\t\t<\/div>\n\t\t\t\t<\/div>\n\t\t\t\t<\/div>\n\t\t\t\t<div class=\"elementor-element elementor-element-64ac05c4 elementor-widget elementor-widget-heading\" data-id=\"64ac05c4\" data-element_type=\"widget\" data-widget_type=\"heading.default\">\n\t\t\t\t<div class=\"elementor-widget-container\">\n\t\t\t<h2 class=\"elementor-heading-title elementor-size-default\">Alica<\/h2>\t\t<\/div>\n\t\t\t\t<\/div>\n\t\t\t\t<div class=\"elementor-element elementor-element-48de25b8 elementor-widget elementor-widget-text-editor\" data-id=\"48de25b8\" data-element_type=\"widget\" data-widget_type=\"text-editor.default\">\n\t\t\t\t<div class=\"elementor-widget-container\">\n\t\t\t\t\t\t\t\t<div class=\"elementor-text-editor elementor-clearfix\">\n\t\t\t\t<p>Alica vagyok, 2 kamasz l\u00e1ny anyuk\u00e1ja. Amikor megsz\u00fclettek a gyerekeim, nemsokkal azut\u00e1n \u00a0eld\u00f6nt\u00f6ttem, hogy gyerekekkel szeretn\u00e9k foglalkozni. Elv\u00e9geztem \u00f3vodai dajka majd k\u00e9s\u0151bb pedag\u00f3giai \u00e9s gy\u00f3gypedag\u00f3giai asszisztensi tanfolyamokat. Nagyon szeretem a pici bab\u00e1kat, im\u00e1dtam ezt a korszakot a gyerekeimn\u00e9l is. Sz\u00e9pkor\u00fa embereknek is sz\u00edvesen seg\u00edtek. Elv\u00e9geztem zongora szakon a zeneiskol\u00e1t \u00e9s j\u00e1rtam k\u00f3rusba is, ez\u00e9rt szeretek \u00e9nekelni. Magamat vid\u00e1mnak, \u0151szint\u00e9nek \u00e9s t\u00fcrelmesnek tartom. Sz\u00e1momra nagyon fontos a csal\u00e1d. A szabad id\u00f6mben szeretek moziba, sz\u00ednh\u00e1zba j\u00e1rni, szeretek utazni. Szeretem az \u00e1llatokat is. Van egy kis kert\u00fcnk, ahova ny\u00e1ron gyakran j\u00e1runk\u00a0 a csal\u00e1dommal.<\/p>\t\t\t\t\t<\/div>\n\t\t\t\t\t\t<\/div>\n\t\t\t\t<\/div>\n\t\t\t\t<div class=\"elementor-element elementor-element-8a62236 elementor-aspect-ratio-169 elementor-widget elementor-widget-video\" data-id=\"8a62236\" data-element_type=\"widget\" data-settings=\"{&quot;youtube_url&quot;:&quot;https:\\\/\\\/www.youtube.com\\\/watch?v=XHOmBV4js_E&quot;,&quot;video_type&quot;:&quot;youtube&quot;,&quot;controls&quot;:&quot;yes&quot;,&quot;aspect_ratio&quot;:&quot;169&quot;}\" data-widget_type=\"video.default\">\n\t\t\t\t<div class=\"elementor-widget-container\">\n\t\t\t\t\t<div class=\"elementor-wrapper elementor-fit-aspect-ratio elementor-open-inline\">\n\t\t\t<div class=\"elementor-video\"><\/div>\t\t<\/div>\n\t\t\t\t<\/div>\n\t\t\t\t<\/div>\n\t\t\t\t<div class=\"elementor-element elementor-element-11d43aa4 elementor-align-center elementor-widget elementor-widget-button\" data-id=\"11d43aa4\" data-element_type=\"widget\" data-widget_type=\"button.default\">\n\t\t\t\t<div class=\"elementor-widget-container\">\n\t\t\t\t\t<div class=\"elementor-button-wrapper\">\n\t\t\t<a href=\"https:\/\/www.pecsisitter.hu\/hu\/babysitterek\/\" class=\"elementor-button-link elementor-button elementor-size-sm\" role=\"button\">\n\t\t\t\t\t\t<span class=\"elementor-button-content-wrapper\">\n\t\t\t\t\t\t<span class=\"elementor-button-text\">Vissza a P\u00e9csiSitterekhez<\/span>\n\t\t<\/span>\n\t\t\t\t\t<\/a>\n\t\t<\/div>\n\t\t\t\t<\/div>\n\t\t\t\t<\/div>\n\t\t\t\t\t\t<\/div>\n\t\t\t\t\t<\/div>\n\t\t<\/div>\n\t\t\t\t\t\t\t\t<\/div>\n\t\t\t\t\t<\/div>\n\t\t<\/section>\n\t\t\t\t\t\t\t\t\t<\/div>\n\t\t\t<\/div>\n\t\t\t\t\t<\/div>\n\t\t","protected":false},"excerpt":{"rendered":"<p>Alica Alica vagyok, 2 kamasz l\u00e1ny anyuk\u00e1ja. Amikor megsz\u00fclettek a&hellip;<\/p>\n<p> <a class=\"more-link\" href=\"https:\/\/www.pecsisitter.hu\/hu\/bemutatkozas-alica\/\">B\u0151vebben<\/a><\/p>\n","protected":false},"author":1,"featured_media":0,"parent":0,"menu_order":0,"comment_status":"closed","ping_status":"closed","template":"elementor_header_footer","meta":[],"yoast_head":"<!-- This site is optimized with the Yoast SEO plugin v18.6 - https:\/\/yoast.com\/wordpress\/plugins\/seo\/ -->\n<title>Bemutatkoz\u00e1s Alica - P&eacute;csi Sitter<\/title>\n<meta name=\"robots\" content=\"index, follow, max-snippet:-1, max-image-preview:large, max-video-preview:-1\" \/>\n<link rel=\"canonical\" href=\"https:\/\/www.pecsisitter.hu\/hu\/bemutatkozas-alica\/\" \/>\n<meta property=\"og:locale\" content=\"hu_HU\" \/>\n<meta property=\"og:type\" content=\"article\" \/>\n<meta property=\"og:title\" content=\"Bemutatkoz\u00e1s Alica - P&eacute;csi Sitter\" \/>\n<meta property=\"og:description\" content=\"Alica Alica vagyok, 2 kamasz l\u00e1ny anyuk\u00e1ja. Amikor megsz\u00fclettek a&hellip;  B\u0151vebben\" \/>\n<meta property=\"og:url\" content=\"https:\/\/www.pecsisitter.hu\/hu\/bemutatkozas-alica\/\" \/>\n<meta property=\"og:site_name\" content=\"P&eacute;csi Sitter\" \/>\n<meta property=\"article:publisher\" content=\"https:\/\/www.facebook.com\/pecsisitter\" \/>\n<meta property=\"article:modified_time\" content=\"2022-05-08T12:57:40+00:00\" \/>\n<meta property=\"og:image\" content=\"https:\/\/www.pecsisitter.hu\/wp-content\/uploads\/2022\/05\/Alica-768x1024.jpg\" \/>\n<meta name=\"twitter:card\" content=\"summary_large_image\" \/>\n<meta name=\"twitter:label1\" content=\"Becs\u00fclt olvas\u00e1si id\u0151\" \/>\n\t<meta name=\"twitter:data1\" content=\"1 perc\" \/>\n<script type=\"application\/ld+json\" class=\"yoast-schema-graph\">{\"@context\":\"https:\/\/schema.org\",\"@graph\":[{\"@type\":\"Organization\",\"@id\":\"https:\/\/www.pecsisitter.hu\/hu\/#organization\",\"name\":\"P\u00e9csiSitter\",\"url\":\"https:\/\/www.pecsisitter.hu\/hu\/\",\"sameAs\":[\"https:\/\/www.facebook.com\/pecsisitter\",\"https:\/\/www.instagram.com\/pecsisitter\"],\"logo\":{\"@type\":\"ImageObject\",\"@id\":\"https:\/\/www.pecsisitter.hu\/hu\/#logo\",\"inLanguage\":\"hu\",\"url\":\"https:\/\/www.pecsisitter.hu\/wp-content\/uploads\/2020\/10\/PS-logo-icon.jpg\",\"contentUrl\":\"https:\/\/www.pecsisitter.hu\/wp-content\/uploads\/2020\/10\/PS-logo-icon.jpg\",\"width\":997,\"height\":997,\"caption\":\"P\u00e9csiSitter\"},\"image\":{\"@id\":\"https:\/\/www.pecsisitter.hu\/hu\/#logo\"}},{\"@type\":\"WebSite\",\"@id\":\"https:\/\/www.pecsisitter.hu\/hu\/#website\",\"url\":\"https:\/\/www.pecsisitter.hu\/hu\/\",\"name\":\"P\u00e9csi Sitter\",\"description\":\"P&eacute;cs b&eacute;biszitter &eacute;s id\u0151sgondoz&aacute;s\",\"publisher\":{\"@id\":\"https:\/\/www.pecsisitter.hu\/hu\/#organization\"},\"potentialAction\":[{\"@type\":\"SearchAction\",\"target\":{\"@type\":\"EntryPoint\",\"urlTemplate\":\"https:\/\/www.pecsisitter.hu\/hu\/?s={search_term_string}\"},\"query-input\":\"required name=search_term_string\"}],\"inLanguage\":\"hu\"},{\"@type\":\"ImageObject\",\"@id\":\"https:\/\/www.pecsisitter.hu\/hu\/bemutatkozas-alica\/#primaryimage\",\"inLanguage\":\"hu\",\"url\":\"https:\/\/www.pecsisitter.hu\/wp-content\/uploads\/2022\/05\/Alica-768x1024.jpg\",\"contentUrl\":\"https:\/\/www.pecsisitter.hu\/wp-content\/uploads\/2022\/05\/Alica-768x1024.jpg\"},{\"@type\":\"WebPage\",\"@id\":\"https:\/\/www.pecsisitter.hu\/hu\/bemutatkozas-alica\/#webpage\",\"url\":\"https:\/\/www.pecsisitter.hu\/hu\/bemutatkozas-alica\/\",\"name\":\"Bemutatkoz\u00e1s Alica - P&eacute;csi Sitter\",\"isPartOf\":{\"@id\":\"https:\/\/www.pecsisitter.hu\/hu\/#website\"},\"primaryImageOfPage\":{\"@id\":\"https:\/\/www.pecsisitter.hu\/hu\/bemutatkozas-alica\/#primaryimage\"},\"datePublished\":\"2022-04-18T11:30:06+00:00\",\"dateModified\":\"2022-05-08T12:57:40+00:00\",\"breadcrumb\":{\"@id\":\"https:\/\/www.pecsisitter.hu\/hu\/bemutatkozas-alica\/#breadcrumb\"},\"inLanguage\":\"hu\",\"potentialAction\":[{\"@type\":\"ReadAction\",\"target\":[\"https:\/\/www.pecsisitter.hu\/hu\/bemutatkozas-alica\/\"]}]},{\"@type\":\"BreadcrumbList\",\"@id\":\"https:\/\/www.pecsisitter.hu\/hu\/bemutatkozas-alica\/#breadcrumb\",\"itemListElement\":[{\"@type\":\"ListItem\",\"position\":1,\"name\":\"Kezd\u0151lap\",\"item\":\"https:\/\/www.pecsisitter.hu\/hu\/\"},{\"@type\":\"ListItem\",\"position\":2,\"name\":\"Bemutatkoz\u00e1s Alica\"}]}]}<\/script>\n<!-- \/ Yoast SEO plugin. -->","yoast_head_json":{"title":"Bemutatkoz\u00e1s Alica - P&eacute;csi Sitter","robots":{"index":"index","follow":"follow","max-snippet":"max-snippet:-1","max-image-preview":"max-image-preview:large","max-video-preview":"max-video-preview:-1"},"canonical":"https:\/\/www.pecsisitter.hu\/hu\/bemutatkozas-alica\/","og_locale":"hu_HU","og_type":"article","og_title":"Bemutatkoz\u00e1s Alica - P&eacute;csi Sitter","og_description":"Alica Alica vagyok, 2 kamasz l\u00e1ny anyuk\u00e1ja. Amikor megsz\u00fclettek a&hellip;  B\u0151vebben","og_url":"https:\/\/www.pecsisitter.hu\/hu\/bemutatkozas-alica\/","og_site_name":"P&eacute;csi Sitter","article_publisher":"https:\/\/www.facebook.com\/pecsisitter","article_modified_time":"2022-05-08T12:57:40+00:00","og_image":[{"url":"https:\/\/www.pecsisitter.hu\/wp-content\/uploads\/2022\/05\/Alica-768x1024.jpg"}],"twitter_card":"summary_large_image","twitter_misc":{"Becs\u00fclt olvas\u00e1si id\u0151":"1 perc"},"schema":{"@context":"https:\/\/schema.org","@graph":[{"@type":"Organization","@id":"https:\/\/www.pecsisitter.hu\/hu\/#organization","name":"P\u00e9csiSitter","url":"https:\/\/www.pecsisitter.hu\/hu\/","sameAs":["https:\/\/www.facebook.com\/pecsisitter","https:\/\/www.instagram.com\/pecsisitter"],"logo":{"@type":"ImageObject","@id":"https:\/\/www.pecsisitter.hu\/hu\/#logo","inLanguage":"hu","url":"https:\/\/www.pecsisitter.hu\/wp-content\/uploads\/2020\/10\/PS-logo-icon.jpg","contentUrl":"https:\/\/www.pecsisitter.hu\/wp-content\/uploads\/2020\/10\/PS-logo-icon.jpg","width":997,"height":997,"caption":"P\u00e9csiSitter"},"image":{"@id":"https:\/\/www.pecsisitter.hu\/hu\/#logo"}},{"@type":"WebSite","@id":"https:\/\/www.pecsisitter.hu\/hu\/#website","url":"https:\/\/www.pecsisitter.hu\/hu\/","name":"P\u00e9csi Sitter","description":"P&eacute;cs b&eacute;biszitter &eacute;s id\u0151sgondoz&aacute;s","publisher":{"@id":"https:\/\/www.pecsisitter.hu\/hu\/#organization"},"potentialAction":[{"@type":"SearchAction","target":{"@type":"EntryPoint","urlTemplate":"https:\/\/www.pecsisitter.hu\/hu\/?s={search_term_string}"},"query-input":"required name=search_term_string"}],"inLanguage":"hu"},{"@type":"ImageObject","@id":"https:\/\/www.pecsisitter.hu\/hu\/bemutatkozas-alica\/#primaryimage","inLanguage":"hu","url":"https:\/\/www.pecsisitter.hu\/wp-content\/uploads\/2022\/05\/Alica-768x1024.jpg","contentUrl":"https:\/\/www.pecsisitter.hu\/wp-content\/uploads\/2022\/05\/Alica-768x1024.jpg"},{"@type":"WebPage","@id":"https:\/\/www.pecsisitter.hu\/hu\/bemutatkozas-alica\/#webpage","url":"https:\/\/www.pecsisitter.hu\/hu\/bemutatkozas-alica\/","name":"Bemutatkoz\u00e1s Alica - P&eacute;csi Sitter","isPartOf":{"@id":"https:\/\/www.pecsisitter.hu\/hu\/#website"},"primaryImageOfPage":{"@id":"https:\/\/www.pecsisitter.hu\/hu\/bemutatkozas-alica\/#primaryimage"},"datePublished":"2022-04-18T11:30:06+00:00","dateModified":"2022-05-08T12:57:40+00:00","breadcrumb":{"@id":"https:\/\/www.pecsisitter.hu\/hu\/bemutatkozas-alica\/#breadcrumb"},"inLanguage":"hu","potentialAction":[{"@type":"ReadAction","target":["https:\/\/www.pecsisitter.hu\/hu\/bemutatkozas-alica\/"]}]},{"@type":"BreadcrumbList","@id":"https:\/\/www.pecsisitter.hu\/hu\/bemutatkozas-alica\/#breadcrumb","itemListElement":[{"@type":"ListItem","position":1,"name":"Kezd\u0151lap","item":"https:\/\/www.pecsisitter.hu\/hu\/"},{"@type":"ListItem","position":2,"name":"Bemutatkoz\u00e1s Alica"}]}]}},"_links":{"self":[{"href":"https:\/\/www.pecsisitter.hu\/hu\/wp-json\/wp\/v2\/pages\/15183"}],"collection":[{"href":"https:\/\/www.pecsisitter.hu\/hu\/wp-json\/wp\/v2\/pages"}],"about":[{"href":"https:\/\/www.pecsisitter.hu\/hu\/wp-json\/wp\/v2\/types\/page"}],"author":[{"embeddable":true,"href":"https:\/\/www.pecsisitter.hu\/hu\/wp-json\/wp\/v2\/users\/1"}],"replies":[{"embeddable":true,"href":"https:\/\/www.pecsisitter.hu\/hu\/wp-json\/wp\/v2\/comments?post=15183"}],"version-history":[{"count":7,"href":"https:\/\/www.pecsisitter.hu\/hu\/wp-json\/wp\/v2\/pages\/15183\/revisions"}],"predecessor-version":[{"id":15310,"href":"https:\/\/www.pecsisitter.hu\/hu\/wp-json\/wp\/v2\/pages\/15183\/revisions\/15310"}],"wp:attachment":[{"href":"https:\/\/www.pecsisitter.hu\/hu\/wp-json\/wp\/v2\/media?parent=15183"}],"curies":[{"name":"wp","href":"https:\/\/api.w.org\/{rel}","templated":true}]}}