{"id":13999,"date":"2021-06-03T09:54:14","date_gmt":"2021-06-03T07:54:14","guid":{"rendered":"https:\/\/www.pecsisitter.hu\/?page_id=13999"},"modified":"2022-04-21T12:29:56","modified_gmt":"2022-04-21T10:29:56","slug":"gyik","status":"publish","type":"page","link":"https:\/\/www.pecsisitter.hu\/hu\/gyik\/","title":{"rendered":"GyIK"},"content":{"rendered":"\t\t<div data-elementor-type=\"wp-page\" data-elementor-id=\"13999\" class=\"elementor elementor-13999\">\n\t\t\t\t\t\t<div class=\"elementor-inner\">\n\t\t\t\t<div class=\"elementor-section-wrap\">\n\t\t\t\t\t\t\t\t\t<section class=\"elementor-section elementor-top-section elementor-element elementor-element-02e39ef elementor-section-boxed elementor-section-height-default elementor-section-height-default\" data-id=\"02e39ef\" data-element_type=\"section\">\n\t\t\t\t\t\t\t<div class=\"elementor-background-overlay\"><\/div>\n\t\t\t\t\t\t\t<div class=\"elementor-container elementor-column-gap-default\">\n\t\t\t\t\t\t\t<div class=\"elementor-row\">\n\t\t\t\t\t<div class=\"elementor-column elementor-col-100 elementor-top-column elementor-element elementor-element-5870427\" data-id=\"5870427\" data-element_type=\"column\">\n\t\t\t<div class=\"elementor-column-wrap elementor-element-populated\">\n\t\t\t\t\t\t\t<div class=\"elementor-widget-wrap\">\n\t\t\t\t\t\t<div class=\"elementor-element elementor-element-bf8e6af elementor-widget elementor-widget-text-editor\" data-id=\"bf8e6af\" data-element_type=\"widget\" data-widget_type=\"text-editor.default\">\n\t\t\t\t<div class=\"elementor-widget-container\">\n\t\t\t\t\t\t\t\t<div class=\"elementor-text-editor elementor-clearfix\">\n\t\t\t\t<p><strong>Igyekezt\u00fcnk \u00f6sszegy\u0171jteni a leggyakrabban felmer\u00fcl\u0151 k\u00e9rdeseket, azonban ha valamire nem tal\u00e1lsz v\u00e1laszt, b\u00e1tran \u00edrj nek\u00fcnk a kapcsolat men\u00fcponton kereszt\u00fcl vagy az info@pecsisitter.hu emailc\u00edmre.<\/strong><\/p>\t\t\t\t\t<\/div>\n\t\t\t\t\t\t<\/div>\n\t\t\t\t<\/div>\n\t\t\t\t<div class=\"elementor-element elementor-element-570c861 elementor-widget elementor-widget-eael-adv-accordion\" data-id=\"570c861\" data-element_type=\"widget\" data-widget_type=\"eael-adv-accordion.default\">\n\t\t\t\t<div class=\"elementor-widget-container\">\n\t\t\t        <div class=\"eael-adv-accordion\" id=\"eael-adv-accordion-570c861\" data-accordion-id=\"570c861\" data-accordion-type=\"toggle\" data-toogle-speed=\"300\">\n    <div class=\"eael-accordion-list\">\n                <div id=\"mindenkpp-kell-regisztrlnom\" class=\"elementor-tab-title eael-accordion-header\" tabindex=\"9121\" data-tab=\"1\" role=\"tab\" aria-controls=\"elementor-tab-content-9121\"><i aria-hidden=\"true\" class=\"fa-accordion-icon fas fa-plus\"><\/i><span class=\"eael-accordion-tab-title\">Mindenk\u00e9pp kell regisztr\u00e1lnom?<\/span><i aria-hidden=\"true\" class=\"fa-toggle fas fa-chevron-down\"><\/i><\/div><div id=\"elementor-tab-content-9121\" class=\"eael-accordion-content clearfix\" data-tab=\"1\" role=\"tabpanel\" aria-labelledby=\"mindenkpp-kell-regisztrlnom\"><p><p>Nem. <br \/>Ahhoz hogy t\u00e9nyleges foglal\u00e1st tudj leadni, viszont sz\u00fcks\u00e9ges regisztr\u00e1lni, mivel a foglal\u00e1s sor\u00e1n mind szem\u00e9lyes mind eg\u00e9szs\u00e9g\u00fcgyi k\u00e9rd\u00e9seket tesz\u00fcnk fel gyermeke(i)dr\u0151l.\u00a0\u00a0<\/p><\/p><\/div>\n                <\/div><div class=\"eael-accordion-list\">\n                <div id=\"mi-van-ha-nem-r-r-az-ltalam-vlasztott-sitter\" class=\"elementor-tab-title eael-accordion-header\" tabindex=\"9122\" data-tab=\"2\" role=\"tab\" aria-controls=\"elementor-tab-content-9122\"><i aria-hidden=\"true\" class=\"fa-accordion-icon fas fa-plus\"><\/i><span class=\"eael-accordion-tab-title\">Mi van ha nem \u00e9r r\u00e1 az \u00e1ltalam v\u00e1lasztott Sitter?<\/span><i aria-hidden=\"true\" class=\"fa-toggle fas fa-chevron-down\"><\/i><\/div><div id=\"elementor-tab-content-9122\" class=\"eael-accordion-content clearfix\" data-tab=\"2\" role=\"tabpanel\" aria-labelledby=\"mi-van-ha-nem-r-r-az-ltalam-vlasztott-sitter\"><p><p>Ez el\u0151fordulhat. Ilyen esetben \u00e1ltal\u00e1ban m\u00e1st szoktunk javasolni a fel\u00fcgyeletre, de az is el\u0151fordul hogy az eredetileg kiv\u00e1lasztott Sitter helyett egy jobban passzol\u00f3 fel\u00fcgyel\u0151t aj\u00e1nlunk neked. A d\u00f6nt\u00e9s term\u00e9szetesen a te kezedben van.\u00a0<\/p><\/p><\/div>\n                <\/div><div class=\"eael-accordion-list\">\n                <div id=\"mi-van-ha-meggondolom-magam-s-mgsem-szimpatikus-a-foglalt-sitter\" class=\"elementor-tab-title eael-accordion-header\" tabindex=\"9123\" data-tab=\"3\" role=\"tab\" aria-controls=\"elementor-tab-content-9123\"><i aria-hidden=\"true\" class=\"fa-accordion-icon fas fa-plus\"><\/i><span class=\"eael-accordion-tab-title\">Mi van ha meggondolom magam, \u00e9s m\u00e9gsem szimpatikus a foglalt Sitter?<\/span><i aria-hidden=\"true\" class=\"fa-toggle fas fa-chevron-down\"><\/i><\/div><div id=\"elementor-tab-content-9123\" class=\"eael-accordion-content clearfix\" data-tab=\"3\" role=\"tabpanel\" aria-labelledby=\"mi-van-ha-meggondolom-magam-s-mgsem-szimpatikus-a-foglalt-sitter\"><p><p>Egy alkalommal 1 \u00f3ra erej\u00e9ig ingyenes megismerked\u00e9st biztos\u00edtunk. Ha ez ut\u00e1n \u00fagy d\u00f6ntesz, nem szeretn\u00e9d hogy \u0150 menjen fel\u00fcgyelni, minden k\u00f6vetkezm\u00e9ny n\u00e9lk\u00fcl meggondolhatod magad.\u00a0<\/p><p>Ha t\u00f6bbsz\u00f6ri fel\u00fcgyelet ut\u00e1n d\u00f6ntesz \u00edgy, k\u00e9r\u00fcnk mindenk\u00e9pp indokold meg a d\u00f6nt\u00e9sedet.\u00a0<\/p><\/p><\/div>\n                <\/div><div class=\"eael-accordion-list\">\n                <div id=\"1630tl-szeretnm-a-felgyeletet-de-csak-1600-vagy-1700-tudok-bejellni-\" class=\"elementor-tab-title eael-accordion-header\" tabindex=\"9124\" data-tab=\"4\" role=\"tab\" aria-controls=\"elementor-tab-content-9124\"><i aria-hidden=\"true\" class=\"fa-accordion-icon fas fa-plus\"><\/i><span class=\"eael-accordion-tab-title\">16:30.t\u00f3l szeretn\u00e9m a fel\u00fcgyeletet de csak 16:00-vagy 17:00 tudok bejel\u00f6lni. <\/span><i aria-hidden=\"true\" class=\"fa-toggle fas fa-chevron-down\"><\/i><\/div><div id=\"elementor-tab-content-9124\" class=\"eael-accordion-content clearfix\" data-tab=\"4\" role=\"tabpanel\" aria-labelledby=\"1630tl-szeretnm-a-felgyeletet-de-csak-1600-vagy-1700-tudok-bejellni-\"><p><p>\u00c1ltal\u00e1ban eg\u00e9szkor kezdj\u00fck a fel\u00fcgyeletet, de minden megoldhat\u00f3. K\u00e9rlek \u00edrd be a megjegyz\u00e9sbe foglal\u00e1skor. Onnant\u00f3l sz\u00e1moljuk majd, viszont \u00edgy a v\u00e9ge is f\u00e9l \u00f3r\u00e1t cs\u00faszik, mert csak teljes \u00f3r\u00e1k foglalhat\u00f3k.\u00a0<\/p><\/p><\/div>\n                <\/div><div class=\"eael-accordion-list\">\n                <div id=\"rendszeresen-foglalok-s-nem-szeretnm-kitlteni-a-teljes-krdvet-minden-alkalommal-\" class=\"elementor-tab-title eael-accordion-header\" tabindex=\"9125\" data-tab=\"5\" role=\"tab\" aria-controls=\"elementor-tab-content-9125\"><i aria-hidden=\"true\" class=\"fa-accordion-icon fas fa-plus\"><\/i><span class=\"eael-accordion-tab-title\">Rendszeresen foglalok, \u00e9s nem szeretn\u00e9m kit\u00f6lteni a teljes k\u00e9rd\u0151\u00edvet minden alkalommal. <\/span><i aria-hidden=\"true\" class=\"fa-toggle fas fa-chevron-down\"><\/i><\/div><div id=\"elementor-tab-content-9125\" class=\"eael-accordion-content clearfix\" data-tab=\"5\" role=\"tabpanel\" aria-labelledby=\"rendszeresen-foglalok-s-nem-szeretnm-kitlteni-a-teljes-krdvet-minden-alkalommal-\"><p><p>Amennyiben fix id\u0151pontokban j\u00e1r hozz\u00e1d fel\u00fcgyelni Sitter\u00fcnk, \u00fagy a foglal\u00e1s sor\u00e1n csak a *-gal jel\u00f6lt r\u00e9szeket sz\u00fcks\u00e9ges kit\u00f6ltened, amennyiben viszont v\u00e1ltoz\u00e1s l\u00e9p fel, k\u00e9r\u00fcnk, a megjegyz\u00e9s rovatban t\u00fcntetsd fel azt.\u00a0<\/p><\/p><\/div>\n                <\/div><div class=\"eael-accordion-list\">\n                <div id=\"pcs-vonzskrzetben-lakunk-van-plusz-kltsgnk\" class=\"elementor-tab-title eael-accordion-header\" tabindex=\"9126\" data-tab=\"6\" role=\"tab\" aria-controls=\"elementor-tab-content-9126\"><i aria-hidden=\"true\" class=\"fa-accordion-icon fas fa-plus\"><\/i><span class=\"eael-accordion-tab-title\">P\u00e9cs vonz\u00e1sk\u00f6rzet\u00e9ben lakunk, van plusz k\u00f6lts\u00e9g\u00fcnk?<\/span><i aria-hidden=\"true\" class=\"fa-toggle fas fa-chevron-down\"><\/i><\/div><div id=\"elementor-tab-content-9126\" class=\"eael-accordion-content clearfix\" data-tab=\"6\" role=\"tabpanel\" aria-labelledby=\"pcs-vonzskrzetben-lakunk-van-plusz-kltsgnk\"><p><p>P\u00e9cs k\u00f6rny\u00e9k\u00e9n is v\u00e1llalunk fel\u00fcgyeletet, de bizonyos esetekben csak egyedi \u00e1raj\u00e1nlat alapj\u00e1n. Amennyiben a k\u00f6zleked\u00e9s k\u00f6nnyen megoldhat\u00f3, (pl. Koz\u00e1rmisleny) az \u00fatik\u00f6lts\u00e9g \u00e1r\u00e1t kell pluszban fizetni. Amennyiben aut\u00f3val k\u00f6zel\u00edthet\u0151 csak meg a helysz\u00edn, abban az esetben vagy fel kell venni a Sittert P\u00e9csen, vagy 100 Ft\/ km d\u00edjat sz\u00e1m\u00edtunk fel. (amennyiben van szabad kapacit\u00e1s a fuvarra)<\/p><\/p><\/div>\n                <\/div><div class=\"eael-accordion-list\">\n                <div id=\"szeretnnk-ha-mindig-ugyan-az-a-sitter-jrna-megoldhat\" class=\"elementor-tab-title eael-accordion-header\" tabindex=\"9127\" data-tab=\"7\" role=\"tab\" aria-controls=\"elementor-tab-content-9127\"><i aria-hidden=\"true\" class=\"fa-accordion-icon fas fa-plus\"><\/i><span class=\"eael-accordion-tab-title\">Szeretn\u00e9nk ha mindig ugyan az a Sitter j\u00e1rna, megoldhat\u00f3?<\/span><i aria-hidden=\"true\" class=\"fa-toggle fas fa-chevron-down\"><\/i><\/div><div id=\"elementor-tab-content-9127\" class=\"eael-accordion-content clearfix\" data-tab=\"7\" role=\"tabpanel\" aria-labelledby=\"szeretnnk-ha-mindig-ugyan-az-a-sitter-jrna-megoldhat\"><p><p>P\u00e1rok term\u00e9szetesen az esetek t\u00f6bbs\u00e9g\u00e9ben kialakulnak. Ennek egyik felt\u00e9tele hogy a Sitter szabadon legyen a v\u00e1lasztott id\u0151pontban. Amennyiben biztosak akarunk lenne abban hogy a v\u00e1lasztott Sitter r\u00e1\u00e9rjen, min\u00e9l hamarabb \u00e9rdemes lefoglalni az id\u0151pontot,\u00a0 hogy m\u00e1s nem tudja \"elkapni\" el\u0151l\u00fcnk \ud83d\ude42\u00a0<\/p><p>B\u00e9rleteseink eset\u00e9ben betegs\u00e9g eset\u00e9n el\u0151nyt \u00e9lveznek, hogy a beteg gyermekekhez lehet\u0151leg egy szem\u00e9ly tudjon menni am\u00edg sz\u00fcks\u00e9ges.\u00a0<\/p><\/p><\/div>\n                <\/div><\/div>\n        <!-- FAQ Schema : Starts-->\n                <!-- FAQ Schema : Ends-->\n\n        \t\t<\/div>\n\t\t\t\t<\/div>\n\t\t\t\t\t\t<\/div>\n\t\t\t\t\t<\/div>\n\t\t<\/div>\n\t\t\t\t\t\t\t\t<\/div>\n\t\t\t\t\t<\/div>\n\t\t<\/section>\n\t\t\t\t<section class=\"elementor-section elementor-top-section elementor-element elementor-element-4c3f640 elementor-section-boxed elementor-section-height-default elementor-section-height-default\" data-id=\"4c3f640\" data-element_type=\"section\">\n\t\t\t\t\t\t<div class=\"elementor-container elementor-column-gap-default\">\n\t\t\t\t\t\t\t<div class=\"elementor-row\">\n\t\t\t\t\t<div class=\"elementor-column elementor-col-100 elementor-top-column elementor-element elementor-element-c1d229f\" data-id=\"c1d229f\" data-element_type=\"column\">\n\t\t\t<div class=\"elementor-column-wrap elementor-element-populated\">\n\t\t\t\t\t\t\t<div class=\"elementor-widget-wrap\">\n\t\t\t\t\t\t<div class=\"elementor-element elementor-element-996c25b elementor-widget elementor-widget-image\" data-id=\"996c25b\" data-element_type=\"widget\" data-widget_type=\"image.default\">\n\t\t\t\t<div class=\"elementor-widget-container\">\n\t\t\t\t\t\t\t\t<div class=\"elementor-image\">\n\t\t\t\t\t\t\t\t\t\t\t\t<img decoding=\"async\" width=\"800\" height=\"800\" src=\"https:\/\/www.pecsisitter.hu\/wp-content\/uploads\/2022\/04\/spring-g93a84823d_1920-2-1024x1024.png\" class=\"attachment-large size-large\" alt=\"\" loading=\"lazy\" srcset=\"https:\/\/www.pecsisitter.hu\/wp-content\/uploads\/2022\/04\/spring-g93a84823d_1920-2-1024x1024.png 1024w, https:\/\/www.pecsisitter.hu\/wp-content\/uploads\/2022\/04\/spring-g93a84823d_1920-2-300x300.png 300w, https:\/\/www.pecsisitter.hu\/wp-content\/uploads\/2022\/04\/spring-g93a84823d_1920-2-150x150.png 150w, https:\/\/www.pecsisitter.hu\/wp-content\/uploads\/2022\/04\/spring-g93a84823d_1920-2-768x768.png 768w, https:\/\/www.pecsisitter.hu\/wp-content\/uploads\/2022\/04\/spring-g93a84823d_1920-2-1536x1536.png 1536w, https:\/\/www.pecsisitter.hu\/wp-content\/uploads\/2022\/04\/spring-g93a84823d_1920-2-12x12.png 12w, https:\/\/www.pecsisitter.hu\/wp-content\/uploads\/2022\/04\/spring-g93a84823d_1920-2.png 1920w\" sizes=\"(max-width: 800px) 100vw, 800px\" \/>\t\t\t\t\t\t\t\t\t\t\t\t\t\t<\/div>\n\t\t\t\t\t\t<\/div>\n\t\t\t\t<\/div>\n\t\t\t\t\t\t<\/div>\n\t\t\t\t\t<\/div>\n\t\t<\/div>\n\t\t\t\t\t\t\t\t<\/div>\n\t\t\t\t\t<\/div>\n\t\t<\/section>\n\t\t\t\t\t\t\t\t\t<\/div>\n\t\t\t<\/div>\n\t\t\t\t\t<\/div>\n\t\t","protected":false},"excerpt":{"rendered":"<p>Igyekezt\u00fcnk \u00f6sszegy\u0171jteni a leggyakrabban felmer\u00fcl\u0151 k\u00e9rdeseket, azonban ha valamire nem&hellip;<\/p>\n<p> <a class=\"more-link\" href=\"https:\/\/www.pecsisitter.hu\/hu\/gyik\/\">B\u0151vebben<\/a><\/p>\n","protected":false},"author":1,"featured_media":0,"parent":0,"menu_order":0,"comment_status":"closed","ping_status":"closed","template":"","meta":[],"yoast_head":"<!-- This site is optimized with the Yoast SEO plugin v18.6 - https:\/\/yoast.com\/wordpress\/plugins\/seo\/ -->\n<title>GyIK - P&eacute;csi Sitter<\/title>\n<meta name=\"robots\" content=\"index, follow, max-snippet:-1, max-image-preview:large, max-video-preview:-1\" \/>\n<link rel=\"canonical\" href=\"https:\/\/www.pecsisitter.hu\/hu\/gyik\/\" \/>\n<meta property=\"og:locale\" content=\"hu_HU\" \/>\n<meta property=\"og:type\" content=\"article\" \/>\n<meta property=\"og:title\" content=\"GyIK - P&eacute;csi Sitter\" \/>\n<meta property=\"og:description\" content=\"Igyekezt\u00fcnk \u00f6sszegy\u0171jteni a leggyakrabban felmer\u00fcl\u0151 k\u00e9rdeseket, azonban ha valamire nem&hellip;  B\u0151vebben\" \/>\n<meta property=\"og:url\" content=\"https:\/\/www.pecsisitter.hu\/hu\/gyik\/\" \/>\n<meta property=\"og:site_name\" content=\"P&eacute;csi Sitter\" \/>\n<meta property=\"article:publisher\" content=\"https:\/\/www.facebook.com\/pecsisitter\" \/>\n<meta property=\"article:modified_time\" content=\"2022-04-21T10:29:56+00:00\" \/>\n<meta property=\"og:image\" content=\"https:\/\/www.pecsisitter.hu\/wp-content\/uploads\/2022\/04\/spring-g93a84823d_1920-2-1024x1024.png\" \/>\n<meta name=\"twitter:card\" content=\"summary_large_image\" \/>\n<meta name=\"twitter:label1\" content=\"Becs\u00fclt olvas\u00e1si id\u0151\" \/>\n\t<meta name=\"twitter:data1\" content=\"3 perc\" \/>\n<script type=\"application\/ld+json\" class=\"yoast-schema-graph\">{\"@context\":\"https:\/\/schema.org\",\"@graph\":[{\"@type\":\"Organization\",\"@id\":\"https:\/\/www.pecsisitter.hu\/hu\/#organization\",\"name\":\"P\u00e9csiSitter\",\"url\":\"https:\/\/www.pecsisitter.hu\/hu\/\",\"sameAs\":[\"https:\/\/www.facebook.com\/pecsisitter\",\"https:\/\/www.instagram.com\/pecsisitter\"],\"logo\":{\"@type\":\"ImageObject\",\"@id\":\"https:\/\/www.pecsisitter.hu\/hu\/#logo\",\"inLanguage\":\"hu\",\"url\":\"https:\/\/www.pecsisitter.hu\/wp-content\/uploads\/2020\/10\/PS-logo-icon.jpg\",\"contentUrl\":\"https:\/\/www.pecsisitter.hu\/wp-content\/uploads\/2020\/10\/PS-logo-icon.jpg\",\"width\":997,\"height\":997,\"caption\":\"P\u00e9csiSitter\"},\"image\":{\"@id\":\"https:\/\/www.pecsisitter.hu\/hu\/#logo\"}},{\"@type\":\"WebSite\",\"@id\":\"https:\/\/www.pecsisitter.hu\/hu\/#website\",\"url\":\"https:\/\/www.pecsisitter.hu\/hu\/\",\"name\":\"P\u00e9csi Sitter\",\"description\":\"P&eacute;cs b&eacute;biszitter &eacute;s id\u0151sgondoz&aacute;s\",\"publisher\":{\"@id\":\"https:\/\/www.pecsisitter.hu\/hu\/#organization\"},\"potentialAction\":[{\"@type\":\"SearchAction\",\"target\":{\"@type\":\"EntryPoint\",\"urlTemplate\":\"https:\/\/www.pecsisitter.hu\/hu\/?s={search_term_string}\"},\"query-input\":\"required name=search_term_string\"}],\"inLanguage\":\"hu\"},{\"@type\":\"ImageObject\",\"@id\":\"https:\/\/www.pecsisitter.hu\/hu\/gyik\/#primaryimage\",\"inLanguage\":\"hu\",\"url\":\"https:\/\/www.pecsisitter.hu\/wp-content\/uploads\/2022\/04\/spring-g93a84823d_1920-2.png\",\"contentUrl\":\"https:\/\/www.pecsisitter.hu\/wp-content\/uploads\/2022\/04\/spring-g93a84823d_1920-2.png\",\"width\":1920,\"height\":1920},{\"@type\":\"WebPage\",\"@id\":\"https:\/\/www.pecsisitter.hu\/hu\/gyik\/#webpage\",\"url\":\"https:\/\/www.pecsisitter.hu\/hu\/gyik\/\",\"name\":\"GyIK - P&eacute;csi Sitter\",\"isPartOf\":{\"@id\":\"https:\/\/www.pecsisitter.hu\/hu\/#website\"},\"primaryImageOfPage\":{\"@id\":\"https:\/\/www.pecsisitter.hu\/hu\/gyik\/#primaryimage\"},\"datePublished\":\"2021-06-03T07:54:14+00:00\",\"dateModified\":\"2022-04-21T10:29:56+00:00\",\"breadcrumb\":{\"@id\":\"https:\/\/www.pecsisitter.hu\/hu\/gyik\/#breadcrumb\"},\"inLanguage\":\"hu\",\"potentialAction\":[{\"@type\":\"ReadAction\",\"target\":[\"https:\/\/www.pecsisitter.hu\/hu\/gyik\/\"]}]},{\"@type\":\"BreadcrumbList\",\"@id\":\"https:\/\/www.pecsisitter.hu\/hu\/gyik\/#breadcrumb\",\"itemListElement\":[{\"@type\":\"ListItem\",\"position\":1,\"name\":\"Kezd\u0151lap\",\"item\":\"https:\/\/www.pecsisitter.hu\/hu\/\"},{\"@type\":\"ListItem\",\"position\":2,\"name\":\"GyIK\"}]}]}<\/script>\n<!-- \/ Yoast SEO plugin. -->","yoast_head_json":{"title":"GyIK - P&eacute;csi Sitter","robots":{"index":"index","follow":"follow","max-snippet":"max-snippet:-1","max-image-preview":"max-image-preview:large","max-video-preview":"max-video-preview:-1"},"canonical":"https:\/\/www.pecsisitter.hu\/hu\/gyik\/","og_locale":"hu_HU","og_type":"article","og_title":"GyIK - P&eacute;csi Sitter","og_description":"Igyekezt\u00fcnk \u00f6sszegy\u0171jteni a leggyakrabban felmer\u00fcl\u0151 k\u00e9rdeseket, azonban ha valamire nem&hellip;  B\u0151vebben","og_url":"https:\/\/www.pecsisitter.hu\/hu\/gyik\/","og_site_name":"P&eacute;csi Sitter","article_publisher":"https:\/\/www.facebook.com\/pecsisitter","article_modified_time":"2022-04-21T10:29:56+00:00","og_image":[{"url":"https:\/\/www.pecsisitter.hu\/wp-content\/uploads\/2022\/04\/spring-g93a84823d_1920-2-1024x1024.png"}],"twitter_card":"summary_large_image","twitter_misc":{"Becs\u00fclt olvas\u00e1si id\u0151":"3 perc"},"schema":{"@context":"https:\/\/schema.org","@graph":[{"@type":"Organization","@id":"https:\/\/www.pecsisitter.hu\/hu\/#organization","name":"P\u00e9csiSitter","url":"https:\/\/www.pecsisitter.hu\/hu\/","sameAs":["https:\/\/www.facebook.com\/pecsisitter","https:\/\/www.instagram.com\/pecsisitter"],"logo":{"@type":"ImageObject","@id":"https:\/\/www.pecsisitter.hu\/hu\/#logo","inLanguage":"hu","url":"https:\/\/www.pecsisitter.hu\/wp-content\/uploads\/2020\/10\/PS-logo-icon.jpg","contentUrl":"https:\/\/www.pecsisitter.hu\/wp-content\/uploads\/2020\/10\/PS-logo-icon.jpg","width":997,"height":997,"caption":"P\u00e9csiSitter"},"image":{"@id":"https:\/\/www.pecsisitter.hu\/hu\/#logo"}},{"@type":"WebSite","@id":"https:\/\/www.pecsisitter.hu\/hu\/#website","url":"https:\/\/www.pecsisitter.hu\/hu\/","name":"P\u00e9csi Sitter","description":"P&eacute;cs b&eacute;biszitter &eacute;s id\u0151sgondoz&aacute;s","publisher":{"@id":"https:\/\/www.pecsisitter.hu\/hu\/#organization"},"potentialAction":[{"@type":"SearchAction","target":{"@type":"EntryPoint","urlTemplate":"https:\/\/www.pecsisitter.hu\/hu\/?s={search_term_string}"},"query-input":"required name=search_term_string"}],"inLanguage":"hu"},{"@type":"ImageObject","@id":"https:\/\/www.pecsisitter.hu\/hu\/gyik\/#primaryimage","inLanguage":"hu","url":"https:\/\/www.pecsisitter.hu\/wp-content\/uploads\/2022\/04\/spring-g93a84823d_1920-2.png","contentUrl":"https:\/\/www.pecsisitter.hu\/wp-content\/uploads\/2022\/04\/spring-g93a84823d_1920-2.png","width":1920,"height":1920},{"@type":"WebPage","@id":"https:\/\/www.pecsisitter.hu\/hu\/gyik\/#webpage","url":"https:\/\/www.pecsisitter.hu\/hu\/gyik\/","name":"GyIK - P&eacute;csi Sitter","isPartOf":{"@id":"https:\/\/www.pecsisitter.hu\/hu\/#website"},"primaryImageOfPage":{"@id":"https:\/\/www.pecsisitter.hu\/hu\/gyik\/#primaryimage"},"datePublished":"2021-06-03T07:54:14+00:00","dateModified":"2022-04-21T10:29:56+00:00","breadcrumb":{"@id":"https:\/\/www.pecsisitter.hu\/hu\/gyik\/#breadcrumb"},"inLanguage":"hu","potentialAction":[{"@type":"ReadAction","target":["https:\/\/www.pecsisitter.hu\/hu\/gyik\/"]}]},{"@type":"BreadcrumbList","@id":"https:\/\/www.pecsisitter.hu\/hu\/gyik\/#breadcrumb","itemListElement":[{"@type":"ListItem","position":1,"name":"Kezd\u0151lap","item":"https:\/\/www.pecsisitter.hu\/hu\/"},{"@type":"ListItem","position":2,"name":"GyIK"}]}]}},"_links":{"self":[{"href":"https:\/\/www.pecsisitter.hu\/hu\/wp-json\/wp\/v2\/pages\/13999"}],"collection":[{"href":"https:\/\/www.pecsisitter.hu\/hu\/wp-json\/wp\/v2\/pages"}],"about":[{"href":"https:\/\/www.pecsisitter.hu\/hu\/wp-json\/wp\/v2\/types\/page"}],"author":[{"embeddable":true,"href":"https:\/\/www.pecsisitter.hu\/hu\/wp-json\/wp\/v2\/users\/1"}],"replies":[{"embeddable":true,"href":"https:\/\/www.pecsisitter.hu\/hu\/wp-json\/wp\/v2\/comments?post=13999"}],"version-history":[{"count":46,"href":"https:\/\/www.pecsisitter.hu\/hu\/wp-json\/wp\/v2\/pages\/13999\/revisions"}],"predecessor-version":[{"id":15238,"href":"https:\/\/www.pecsisitter.hu\/hu\/wp-json\/wp\/v2\/pages\/13999\/revisions\/15238"}],"wp:attachment":[{"href":"https:\/\/www.pecsisitter.hu\/hu\/wp-json\/wp\/v2\/media?parent=13999"}],"curies":[{"name":"wp","href":"https:\/\/api.w.org\/{rel}","templated":true}]}}