{"id":13948,"date":"2021-02-09T20:21:09","date_gmt":"2021-02-09T19:21:09","guid":{"rendered":"https:\/\/www.pecsisitter.hu\/?page_id=13948"},"modified":"2025-02-25T17:06:40","modified_gmt":"2025-02-25T16:06:40","slug":"bemutatkozas-zsofi-2","status":"publish","type":"page","link":"https:\/\/www.pecsisitter.hu\/hu\/bemutatkozas-zsofi-2\/","title":{"rendered":"Bemutatkoz\u00e1s Zs\u00f3fi"},"content":{"rendered":"\t\t<div data-elementor-type=\"wp-page\" data-elementor-id=\"13948\" class=\"elementor elementor-13948\">\n\t\t\t\t\t\t<div class=\"elementor-inner\">\n\t\t\t\t<div class=\"elementor-section-wrap\">\n\t\t\t\t\t\t\t\t\t<section class=\"elementor-section elementor-top-section elementor-element elementor-element-453b0c28 elementor-section-boxed elementor-section-height-default elementor-section-height-default\" data-id=\"453b0c28\" data-element_type=\"section\">\n\t\t\t\t\t\t<div class=\"elementor-container elementor-column-gap-default\">\n\t\t\t\t\t\t\t<div class=\"elementor-row\">\n\t\t\t\t\t<div class=\"elementor-column elementor-col-100 elementor-top-column elementor-element elementor-element-4c0eb2ab\" data-id=\"4c0eb2ab\" data-element_type=\"column\">\n\t\t\t<div class=\"elementor-column-wrap\">\n\t\t\t\t\t\t\t<div class=\"elementor-widget-wrap\">\n\t\t\t\t\t\t\t\t<\/div>\n\t\t\t\t\t<\/div>\n\t\t<\/div>\n\t\t\t\t\t\t\t\t<\/div>\n\t\t\t\t\t<\/div>\n\t\t<\/section>\n\t\t\t\t<section class=\"elementor-section elementor-top-section elementor-element elementor-element-1e9e467 elementor-section-boxed elementor-section-height-default elementor-section-height-default\" data-id=\"1e9e467\" data-element_type=\"section\" data-settings=\"{&quot;background_background&quot;:&quot;video&quot;,&quot;background_video_link&quot;:&quot;https:\\\/\\\/www.youtube.com\\\/watch?v=xqjDrZJwk4E&amp;ab_channel=CKFreeVideoTemplates&quot;}\">\n\t\t\t\t\t\t\t\t<div class=\"elementor-background-video-container elementor-hidden-phone\">\n\t\t\t\t\t\t\t\t\t\t\t\t\t<div class=\"elementor-background-video-embed\"><\/div>\n\t\t\t\t\t\t\t\t\t\t\t\t<\/div>\n\t\t\t\t\t\t\t\t<div class=\"elementor-container elementor-column-gap-default\">\n\t\t\t\t\t\t\t<div class=\"elementor-row\">\n\t\t\t\t\t<div class=\"elementor-column elementor-col-50 elementor-top-column elementor-element elementor-element-5d5c5209\" data-id=\"5d5c5209\" data-element_type=\"column\">\n\t\t\t<div class=\"elementor-column-wrap elementor-element-populated\">\n\t\t\t\t\t\t\t<div class=\"elementor-widget-wrap\">\n\t\t\t\t\t\t<div class=\"elementor-element elementor-element-84a9ef1 elementor-widget elementor-widget-image\" data-id=\"84a9ef1\" data-element_type=\"widget\" data-widget_type=\"image.default\">\n\t\t\t\t<div class=\"elementor-widget-container\">\n\t\t\t\t\t\t\t\t<div class=\"elementor-image\">\n\t\t\t\t\t\t\t\t\t\t\t\t<img decoding=\"async\" width=\"800\" height=\"800\" src=\"https:\/\/www.pecsisitter.hu\/wp-content\/uploads\/2025\/02\/Zsofi1-1024x1024.jpg\" class=\"attachment-large size-large\" alt=\"\" loading=\"lazy\" srcset=\"https:\/\/www.pecsisitter.hu\/wp-content\/uploads\/2025\/02\/Zsofi1-1024x1024.jpg 1024w, https:\/\/www.pecsisitter.hu\/wp-content\/uploads\/2025\/02\/Zsofi1-300x300.jpg 300w, https:\/\/www.pecsisitter.hu\/wp-content\/uploads\/2025\/02\/Zsofi1-150x150.jpg 150w, https:\/\/www.pecsisitter.hu\/wp-content\/uploads\/2025\/02\/Zsofi1-768x768.jpg 768w, https:\/\/www.pecsisitter.hu\/wp-content\/uploads\/2025\/02\/Zsofi1-1536x1536.jpg 1536w, https:\/\/www.pecsisitter.hu\/wp-content\/uploads\/2025\/02\/Zsofi1-12x12.jpg 12w, https:\/\/www.pecsisitter.hu\/wp-content\/uploads\/2025\/02\/Zsofi1.jpg 2048w\" sizes=\"(max-width: 800px) 100vw, 800px\" \/>\t\t\t\t\t\t\t\t\t\t\t\t\t\t<\/div>\n\t\t\t\t\t\t<\/div>\n\t\t\t\t<\/div>\n\t\t\t\t\t\t<\/div>\n\t\t\t\t\t<\/div>\n\t\t<\/div>\n\t\t\t\t<div class=\"elementor-column elementor-col-50 elementor-top-column elementor-element elementor-element-58d8f132\" data-id=\"58d8f132\" data-element_type=\"column\">\n\t\t\t<div class=\"elementor-column-wrap elementor-element-populated\">\n\t\t\t\t\t\t\t<div class=\"elementor-widget-wrap\">\n\t\t\t\t\t\t<div class=\"elementor-element elementor-element-777fa368 elementor-widget elementor-widget-spacer\" data-id=\"777fa368\" data-element_type=\"widget\" data-widget_type=\"spacer.default\">\n\t\t\t\t<div class=\"elementor-widget-container\">\n\t\t\t\t\t<div class=\"elementor-spacer\">\n\t\t\t<div class=\"elementor-spacer-inner\"><\/div>\n\t\t<\/div>\n\t\t\t\t<\/div>\n\t\t\t\t<\/div>\n\t\t\t\t<div class=\"elementor-element elementor-element-64ac05c4 elementor-widget elementor-widget-heading\" data-id=\"64ac05c4\" data-element_type=\"widget\" data-widget_type=\"heading.default\">\n\t\t\t\t<div class=\"elementor-widget-container\">\n\t\t\t<h2 class=\"elementor-heading-title elementor-size-default\">Zs\u00f3fia<\/h2>\t\t<\/div>\n\t\t\t\t<\/div>\n\t\t\t\t<div class=\"elementor-element elementor-element-48de25b8 elementor-widget elementor-widget-text-editor\" data-id=\"48de25b8\" data-element_type=\"widget\" data-widget_type=\"text-editor.default\">\n\t\t\t\t<div class=\"elementor-widget-container\">\n\t\t\t\t\t\t\t\t<div class=\"elementor-text-editor elementor-clearfix\">\n\t\t\t\t<p>Zs\u00f3fi vagyok, 27 \u00e9ves. P\u00e9csen sz\u00fclettem \u00e9s \u00e9lek, f\u0151iskolai tanulm\u00e1nyaimat Kaposv\u00e1ron v\u00e9geztem a P\u00e9csi Tudom\u00e1nyegyetem kihelyezett kar\u00e1n. 2020 \u00f3ta v\u00e9d\u0151n\u0151k\u00e9nt dolgozom \u00e9s a neh\u00e9zs\u00e9gek ellen\u00e9re, nagyon szeretem a munk\u00e1m. Mindig vonzott az eg\u00e9szs\u00e9g\u00fcgy, \u00edgy ez egy biztos pont volt az \u00e9letemben, a v\u00e9d\u0151n\u0151i szakot pedig \u00e9desany\u00e1m aj\u00e1nl\u00e1s\u00e1ra v\u00e1lasztottam, ami k\u00e9s\u0151bb a hivat\u00e1somm\u00e1 v\u00e1lt. Mindennapi munk\u00e1m sor\u00e1n folyamatosan kapcsolatban vagyok a sz\u00fcl\u0151kkel \u00e9s a gyermekekkel, ennek k\u00f6sz\u00f6nhet\u0151en megtanultam j\u00f3l kommunik\u00e1lni \u00e9s egy\u00fcttm\u0171k\u00f6dni, j\u00f3 probl\u00e9mamegold\u00f3 k\u00e9pess\u00e9ggel rendelkezem. Ismerem a csecsem\u0151t\u00e1pl\u00e1l\u00e1s alapelveit, a k\u00fcl\u00f6nb\u00f6z\u0151 koroknak megfelel\u0151 j\u00e1t\u00e9kokat, a k\u00fcl\u00f6nb\u00f6z\u0151 nevel\u00e9si st\u00edlusokat. Angol nyelven t\u00e1rsalg\u00e1si szinten j\u00f3l besz\u00e9lek, sz\u00fcks\u00e9g eset\u00e9n tudok seg\u00edteni a gyerekek h\u00e1zifeladat\u00e1ban is. Mosolyg\u00f3s, pozit\u00edv term\u00e9szet\u0171 vagyok, sz\u00edvesen veszem k\u00f6rbe magam emberekkel, de nagyon szeretem az \u00e1llatokat, nekem is van otthon egy cic\u00e1m. Szabadid\u0151mben szeretek utazni, kir\u00e1ndulni, \u00faj helyeket \u00e9s kult\u00far\u00e1kat megismerni. Pihen\u00e9sk\u00e9ppen sokat olvasok, ezzel tudok igaz\u00e1n kikapcsol\u00f3dni.<\/p>\t\t\t\t\t<\/div>\n\t\t\t\t\t\t<\/div>\n\t\t\t\t<\/div>\n\t\t\t\t<div class=\"elementor-element elementor-element-11d43aa4 elementor-align-center elementor-widget elementor-widget-button\" data-id=\"11d43aa4\" data-element_type=\"widget\" data-widget_type=\"button.default\">\n\t\t\t\t<div class=\"elementor-widget-container\">\n\t\t\t\t\t<div class=\"elementor-button-wrapper\">\n\t\t\t<a href=\"https:\/\/www.pecsisitter.hu\/hu\/babysitterek\/\" class=\"elementor-button-link elementor-button elementor-size-sm\" role=\"button\">\n\t\t\t\t\t\t<span class=\"elementor-button-content-wrapper\">\n\t\t\t\t\t\t<span class=\"elementor-button-text\">Vissza a P\u00e9csiSitterekhez<\/span>\n\t\t<\/span>\n\t\t\t\t\t<\/a>\n\t\t<\/div>\n\t\t\t\t<\/div>\n\t\t\t\t<\/div>\n\t\t\t\t\t\t<\/div>\n\t\t\t\t\t<\/div>\n\t\t<\/div>\n\t\t\t\t\t\t\t\t<\/div>\n\t\t\t\t\t<\/div>\n\t\t<\/section>\n\t\t\t\t\t\t\t\t\t<\/div>\n\t\t\t<\/div>\n\t\t\t\t\t<\/div>\n\t\t","protected":false},"excerpt":{"rendered":"<p>Zs\u00f3fia Zs\u00f3fi vagyok, 27 \u00e9ves. P\u00e9csen sz\u00fclettem \u00e9s \u00e9lek, f\u0151iskolai&hellip;<\/p>\n<p> <a class=\"more-link\" href=\"https:\/\/www.pecsisitter.hu\/hu\/bemutatkozas-zsofi-2\/\">B\u0151vebben<\/a><\/p>\n","protected":false},"author":1,"featured_media":0,"parent":0,"menu_order":0,"comment_status":"closed","ping_status":"closed","template":"elementor_header_footer","meta":[],"yoast_head":"<!-- This site is optimized with the Yoast SEO plugin v18.6 - https:\/\/yoast.com\/wordpress\/plugins\/seo\/ -->\n<title>Bemutatkoz\u00e1s Zs\u00f3fi - P&eacute;csi Sitter<\/title>\n<meta name=\"robots\" content=\"index, follow, max-snippet:-1, max-image-preview:large, max-video-preview:-1\" \/>\n<link rel=\"canonical\" href=\"https:\/\/www.pecsisitter.hu\/hu\/bemutatkozas-zsofi-2\/\" \/>\n<meta property=\"og:locale\" content=\"hu_HU\" \/>\n<meta property=\"og:type\" content=\"article\" \/>\n<meta property=\"og:title\" content=\"Bemutatkoz\u00e1s Zs\u00f3fi - P&eacute;csi Sitter\" \/>\n<meta property=\"og:description\" content=\"Zs\u00f3fia Zs\u00f3fi vagyok, 27 \u00e9ves. P\u00e9csen sz\u00fclettem \u00e9s \u00e9lek, f\u0151iskolai&hellip;  B\u0151vebben\" \/>\n<meta property=\"og:url\" content=\"https:\/\/www.pecsisitter.hu\/hu\/bemutatkozas-zsofi-2\/\" \/>\n<meta property=\"og:site_name\" content=\"P&eacute;csi Sitter\" \/>\n<meta property=\"article:publisher\" content=\"https:\/\/www.facebook.com\/pecsisitter\" \/>\n<meta property=\"article:modified_time\" content=\"2025-02-25T16:06:40+00:00\" \/>\n<meta property=\"og:image\" content=\"https:\/\/www.pecsisitter.hu\/wp-content\/uploads\/2025\/02\/Zsofi1-1024x1024.jpg\" \/>\n<meta name=\"twitter:card\" content=\"summary_large_image\" \/>\n<meta name=\"twitter:label1\" content=\"Becs\u00fclt olvas\u00e1si id\u0151\" \/>\n\t<meta name=\"twitter:data1\" content=\"1 perc\" \/>\n<script type=\"application\/ld+json\" class=\"yoast-schema-graph\">{\"@context\":\"https:\/\/schema.org\",\"@graph\":[{\"@type\":\"Organization\",\"@id\":\"https:\/\/www.pecsisitter.hu\/hu\/#organization\",\"name\":\"P\u00e9csiSitter\",\"url\":\"https:\/\/www.pecsisitter.hu\/hu\/\",\"sameAs\":[\"https:\/\/www.facebook.com\/pecsisitter\",\"https:\/\/www.instagram.com\/pecsisitter\"],\"logo\":{\"@type\":\"ImageObject\",\"@id\":\"https:\/\/www.pecsisitter.hu\/hu\/#logo\",\"inLanguage\":\"hu\",\"url\":\"https:\/\/www.pecsisitter.hu\/wp-content\/uploads\/2020\/10\/PS-logo-icon.jpg\",\"contentUrl\":\"https:\/\/www.pecsisitter.hu\/wp-content\/uploads\/2020\/10\/PS-logo-icon.jpg\",\"width\":997,\"height\":997,\"caption\":\"P\u00e9csiSitter\"},\"image\":{\"@id\":\"https:\/\/www.pecsisitter.hu\/hu\/#logo\"}},{\"@type\":\"WebSite\",\"@id\":\"https:\/\/www.pecsisitter.hu\/hu\/#website\",\"url\":\"https:\/\/www.pecsisitter.hu\/hu\/\",\"name\":\"P\u00e9csi Sitter\",\"description\":\"P&eacute;cs b&eacute;biszitter &eacute;s id\u0151sgondoz&aacute;s\",\"publisher\":{\"@id\":\"https:\/\/www.pecsisitter.hu\/hu\/#organization\"},\"potentialAction\":[{\"@type\":\"SearchAction\",\"target\":{\"@type\":\"EntryPoint\",\"urlTemplate\":\"https:\/\/www.pecsisitter.hu\/hu\/?s={search_term_string}\"},\"query-input\":\"required name=search_term_string\"}],\"inLanguage\":\"hu\"},{\"@type\":\"ImageObject\",\"@id\":\"https:\/\/www.pecsisitter.hu\/bemutatkozas-zsofi-2\/#primaryimage\",\"inLanguage\":\"hu\",\"url\":\"https:\/\/www.pecsisitter.hu\/wp-content\/uploads\/2025\/02\/Zsofi1.jpg\",\"contentUrl\":\"https:\/\/www.pecsisitter.hu\/wp-content\/uploads\/2025\/02\/Zsofi1.jpg\",\"width\":2048,\"height\":2048},{\"@type\":\"WebPage\",\"@id\":\"https:\/\/www.pecsisitter.hu\/bemutatkozas-zsofi-2\/#webpage\",\"url\":\"https:\/\/www.pecsisitter.hu\/bemutatkozas-zsofi-2\/\",\"name\":\"Bemutatkoz\u00e1s Zs\u00f3fi - P&eacute;csi Sitter\",\"isPartOf\":{\"@id\":\"https:\/\/www.pecsisitter.hu\/hu\/#website\"},\"primaryImageOfPage\":{\"@id\":\"https:\/\/www.pecsisitter.hu\/bemutatkozas-zsofi-2\/#primaryimage\"},\"datePublished\":\"2021-02-09T19:21:09+00:00\",\"dateModified\":\"2025-02-25T16:06:40+00:00\",\"breadcrumb\":{\"@id\":\"https:\/\/www.pecsisitter.hu\/bemutatkozas-zsofi-2\/#breadcrumb\"},\"inLanguage\":\"hu\",\"potentialAction\":[{\"@type\":\"ReadAction\",\"target\":[\"https:\/\/www.pecsisitter.hu\/bemutatkozas-zsofi-2\/\"]}]},{\"@type\":\"BreadcrumbList\",\"@id\":\"https:\/\/www.pecsisitter.hu\/bemutatkozas-zsofi-2\/#breadcrumb\",\"itemListElement\":[{\"@type\":\"ListItem\",\"position\":1,\"name\":\"Kezd\u0151lap\",\"item\":\"https:\/\/www.pecsisitter.hu\/hu\/\"},{\"@type\":\"ListItem\",\"position\":2,\"name\":\"Bemutatkoz\u00e1s Zs\u00f3fi\"}]}]}<\/script>\n<!-- \/ Yoast SEO plugin. -->","yoast_head_json":{"title":"Bemutatkoz\u00e1s Zs\u00f3fi - P&eacute;csi Sitter","robots":{"index":"index","follow":"follow","max-snippet":"max-snippet:-1","max-image-preview":"max-image-preview:large","max-video-preview":"max-video-preview:-1"},"canonical":"https:\/\/www.pecsisitter.hu\/hu\/bemutatkozas-zsofi-2\/","og_locale":"hu_HU","og_type":"article","og_title":"Bemutatkoz\u00e1s Zs\u00f3fi - P&eacute;csi Sitter","og_description":"Zs\u00f3fia Zs\u00f3fi vagyok, 27 \u00e9ves. P\u00e9csen sz\u00fclettem \u00e9s \u00e9lek, f\u0151iskolai&hellip;  B\u0151vebben","og_url":"https:\/\/www.pecsisitter.hu\/hu\/bemutatkozas-zsofi-2\/","og_site_name":"P&eacute;csi Sitter","article_publisher":"https:\/\/www.facebook.com\/pecsisitter","article_modified_time":"2025-02-25T16:06:40+00:00","og_image":[{"url":"https:\/\/www.pecsisitter.hu\/wp-content\/uploads\/2025\/02\/Zsofi1-1024x1024.jpg"}],"twitter_card":"summary_large_image","twitter_misc":{"Becs\u00fclt olvas\u00e1si id\u0151":"1 perc"},"schema":{"@context":"https:\/\/schema.org","@graph":[{"@type":"Organization","@id":"https:\/\/www.pecsisitter.hu\/hu\/#organization","name":"P\u00e9csiSitter","url":"https:\/\/www.pecsisitter.hu\/hu\/","sameAs":["https:\/\/www.facebook.com\/pecsisitter","https:\/\/www.instagram.com\/pecsisitter"],"logo":{"@type":"ImageObject","@id":"https:\/\/www.pecsisitter.hu\/hu\/#logo","inLanguage":"hu","url":"https:\/\/www.pecsisitter.hu\/wp-content\/uploads\/2020\/10\/PS-logo-icon.jpg","contentUrl":"https:\/\/www.pecsisitter.hu\/wp-content\/uploads\/2020\/10\/PS-logo-icon.jpg","width":997,"height":997,"caption":"P\u00e9csiSitter"},"image":{"@id":"https:\/\/www.pecsisitter.hu\/hu\/#logo"}},{"@type":"WebSite","@id":"https:\/\/www.pecsisitter.hu\/hu\/#website","url":"https:\/\/www.pecsisitter.hu\/hu\/","name":"P\u00e9csi Sitter","description":"P&eacute;cs b&eacute;biszitter &eacute;s id\u0151sgondoz&aacute;s","publisher":{"@id":"https:\/\/www.pecsisitter.hu\/hu\/#organization"},"potentialAction":[{"@type":"SearchAction","target":{"@type":"EntryPoint","urlTemplate":"https:\/\/www.pecsisitter.hu\/hu\/?s={search_term_string}"},"query-input":"required name=search_term_string"}],"inLanguage":"hu"},{"@type":"ImageObject","@id":"https:\/\/www.pecsisitter.hu\/bemutatkozas-zsofi-2\/#primaryimage","inLanguage":"hu","url":"https:\/\/www.pecsisitter.hu\/wp-content\/uploads\/2025\/02\/Zsofi1.jpg","contentUrl":"https:\/\/www.pecsisitter.hu\/wp-content\/uploads\/2025\/02\/Zsofi1.jpg","width":2048,"height":2048},{"@type":"WebPage","@id":"https:\/\/www.pecsisitter.hu\/bemutatkozas-zsofi-2\/#webpage","url":"https:\/\/www.pecsisitter.hu\/bemutatkozas-zsofi-2\/","name":"Bemutatkoz\u00e1s Zs\u00f3fi - P&eacute;csi Sitter","isPartOf":{"@id":"https:\/\/www.pecsisitter.hu\/hu\/#website"},"primaryImageOfPage":{"@id":"https:\/\/www.pecsisitter.hu\/bemutatkozas-zsofi-2\/#primaryimage"},"datePublished":"2021-02-09T19:21:09+00:00","dateModified":"2025-02-25T16:06:40+00:00","breadcrumb":{"@id":"https:\/\/www.pecsisitter.hu\/bemutatkozas-zsofi-2\/#breadcrumb"},"inLanguage":"hu","potentialAction":[{"@type":"ReadAction","target":["https:\/\/www.pecsisitter.hu\/bemutatkozas-zsofi-2\/"]}]},{"@type":"BreadcrumbList","@id":"https:\/\/www.pecsisitter.hu\/bemutatkozas-zsofi-2\/#breadcrumb","itemListElement":[{"@type":"ListItem","position":1,"name":"Kezd\u0151lap","item":"https:\/\/www.pecsisitter.hu\/hu\/"},{"@type":"ListItem","position":2,"name":"Bemutatkoz\u00e1s Zs\u00f3fi"}]}]}},"_links":{"self":[{"href":"https:\/\/www.pecsisitter.hu\/hu\/wp-json\/wp\/v2\/pages\/13948"}],"collection":[{"href":"https:\/\/www.pecsisitter.hu\/hu\/wp-json\/wp\/v2\/pages"}],"about":[{"href":"https:\/\/www.pecsisitter.hu\/hu\/wp-json\/wp\/v2\/types\/page"}],"author":[{"embeddable":true,"href":"https:\/\/www.pecsisitter.hu\/hu\/wp-json\/wp\/v2\/users\/1"}],"replies":[{"embeddable":true,"href":"https:\/\/www.pecsisitter.hu\/hu\/wp-json\/wp\/v2\/comments?post=13948"}],"version-history":[{"count":20,"href":"https:\/\/www.pecsisitter.hu\/hu\/wp-json\/wp\/v2\/pages\/13948\/revisions"}],"predecessor-version":[{"id":16134,"href":"https:\/\/www.pecsisitter.hu\/hu\/wp-json\/wp\/v2\/pages\/13948\/revisions\/16134"}],"wp:attachment":[{"href":"https:\/\/www.pecsisitter.hu\/hu\/wp-json\/wp\/v2\/media?parent=13948"}],"curies":[{"name":"wp","href":"https:\/\/api.w.org\/{rel}","templated":true}]}}