{"id":13011,"date":"2020-10-09T07:28:31","date_gmt":"2020-10-09T07:28:31","guid":{"rendered":"https:\/\/www.pecsisitter.hu\/?page_id=13011"},"modified":"2022-04-21T15:00:16","modified_gmt":"2022-04-21T13:00:16","slug":"bemutatkozasok-csaba","status":"publish","type":"page","link":"https:\/\/www.pecsisitter.hu\/hu\/bemutatkozasok-csaba\/","title":{"rendered":"Bemutatkoz\u00e1sok Csaba"},"content":{"rendered":"\t\t<div data-elementor-type=\"wp-page\" data-elementor-id=\"13011\" class=\"elementor elementor-13011\">\n\t\t\t\t\t\t<div class=\"elementor-inner\">\n\t\t\t\t<div class=\"elementor-section-wrap\">\n\t\t\t\t\t\t\t\t\t<section class=\"elementor-section elementor-top-section elementor-element elementor-element-e000a0e elementor-section-boxed elementor-section-height-default elementor-section-height-default\" data-id=\"e000a0e\" data-element_type=\"section\">\n\t\t\t\t\t\t<div class=\"elementor-container elementor-column-gap-default\">\n\t\t\t\t\t\t\t<div class=\"elementor-row\">\n\t\t\t\t\t<div class=\"elementor-column elementor-col-100 elementor-top-column elementor-element elementor-element-c60347e\" data-id=\"c60347e\" data-element_type=\"column\">\n\t\t\t<div class=\"elementor-column-wrap\">\n\t\t\t\t\t\t\t<div class=\"elementor-widget-wrap\">\n\t\t\t\t\t\t\t\t<\/div>\n\t\t\t\t\t<\/div>\n\t\t<\/div>\n\t\t\t\t\t\t\t\t<\/div>\n\t\t\t\t\t<\/div>\n\t\t<\/section>\n\t\t\t\t<section class=\"elementor-section elementor-top-section elementor-element elementor-element-5fe9512 elementor-section-boxed elementor-section-height-default elementor-section-height-default\" data-id=\"5fe9512\" data-element_type=\"section\" data-settings=\"{&quot;background_background&quot;:&quot;video&quot;,&quot;background_video_link&quot;:&quot;https:\\\/\\\/www.youtube.com\\\/watch?v=xqjDrZJwk4E&amp;ab_channel=CKFreeVideoTemplates&quot;}\">\n\t\t\t\t\t\t\t\t<div class=\"elementor-background-video-container elementor-hidden-phone\">\n\t\t\t\t\t\t\t\t\t\t\t\t\t<div class=\"elementor-background-video-embed\"><\/div>\n\t\t\t\t\t\t\t\t\t\t\t\t<\/div>\n\t\t\t\t\t\t\t\t<div class=\"elementor-container elementor-column-gap-default\">\n\t\t\t\t\t\t\t<div class=\"elementor-row\">\n\t\t\t\t\t<div class=\"elementor-column elementor-col-50 elementor-top-column elementor-element elementor-element-d6ea96e\" data-id=\"d6ea96e\" data-element_type=\"column\">\n\t\t\t<div class=\"elementor-column-wrap elementor-element-populated\">\n\t\t\t\t\t\t\t<div class=\"elementor-widget-wrap\">\n\t\t\t\t\t\t<div class=\"elementor-element elementor-element-ae16bb4 elementor-widget elementor-widget-image\" data-id=\"ae16bb4\" data-element_type=\"widget\" data-widget_type=\"image.default\">\n\t\t\t\t<div class=\"elementor-widget-container\">\n\t\t\t\t\t\t\t\t<div class=\"elementor-image\">\n\t\t\t\t\t\t\t\t\t\t\t\t<img decoding=\"async\" width=\"800\" height=\"806\" src=\"https:\/\/www.pecsisitter.hu\/wp-content\/uploads\/2022\/04\/Csaba-szerk-1-1016x1024.jpg\" class=\"attachment-large size-large\" alt=\"\" loading=\"lazy\" srcset=\"https:\/\/www.pecsisitter.hu\/wp-content\/uploads\/2022\/04\/Csaba-szerk-1-1016x1024.jpg 1016w, https:\/\/www.pecsisitter.hu\/wp-content\/uploads\/2022\/04\/Csaba-szerk-1-298x300.jpg 298w, https:\/\/www.pecsisitter.hu\/wp-content\/uploads\/2022\/04\/Csaba-szerk-1-150x150.jpg 150w, https:\/\/www.pecsisitter.hu\/wp-content\/uploads\/2022\/04\/Csaba-szerk-1-768x774.jpg 768w, https:\/\/www.pecsisitter.hu\/wp-content\/uploads\/2022\/04\/Csaba-szerk-1-1524x1536.jpg 1524w, https:\/\/www.pecsisitter.hu\/wp-content\/uploads\/2022\/04\/Csaba-szerk-1-2033x2048.jpg 2033w, https:\/\/www.pecsisitter.hu\/wp-content\/uploads\/2022\/04\/Csaba-szerk-1-12x12.jpg 12w\" sizes=\"(max-width: 800px) 100vw, 800px\" \/>\t\t\t\t\t\t\t\t\t\t\t\t\t\t<\/div>\n\t\t\t\t\t\t<\/div>\n\t\t\t\t<\/div>\n\t\t\t\t\t\t<\/div>\n\t\t\t\t\t<\/div>\n\t\t<\/div>\n\t\t\t\t<div class=\"elementor-column elementor-col-50 elementor-top-column elementor-element elementor-element-d81054a\" data-id=\"d81054a\" data-element_type=\"column\">\n\t\t\t<div class=\"elementor-column-wrap elementor-element-populated\">\n\t\t\t\t\t\t\t<div class=\"elementor-widget-wrap\">\n\t\t\t\t\t\t<div class=\"elementor-element elementor-element-fd831ab elementor-widget elementor-widget-heading\" data-id=\"fd831ab\" data-element_type=\"widget\" data-widget_type=\"heading.default\">\n\t\t\t\t<div class=\"elementor-widget-container\">\n\t\t\t<h2 class=\"elementor-heading-title elementor-size-default\">Csaba<\/h2>\t\t<\/div>\n\t\t\t\t<\/div>\n\t\t\t\t<div class=\"elementor-element elementor-element-0ab318f elementor-widget elementor-widget-text-editor\" data-id=\"0ab318f\" data-element_type=\"widget\" data-widget_type=\"text-editor.default\">\n\t\t\t\t<div class=\"elementor-widget-container\">\n\t\t\t\t\t\t\t\t<div class=\"elementor-text-editor elementor-clearfix\">\n\t\t\t\t<p><strong>Csaba vagyok 35 \u00e9ves. Eredeti v\u00e9gzetts\u00e9gem CNC g\u00e9pkezel\u0151. Jelenleg az SOS gyermekfalvakn\u00e1l dolgozom, \u00e9s a PTE pedag\u00f3giai kar\u00e1n Szeksz\u00e1rdon vagyok, v\u00e9gz\u0151s hallgat\u00f3 csecsem\u0151 \u00e9s kisgyermeknevel\u0151 szakon, \u00e9s nagyon szeretem. Ugye el\u00e9g nagy a kontraszt az eredeti szakm\u00e1m \u00e9s ak\u00f6z\u00f6tt, amit most csin\u00e1lok?Hogy minek k\u00f6sz\u00f6nhet\u0151 ez a nagy kontraszt? Sosem szerettem azt amit csin\u00e1lok, \u00e9s 7 \u00e9vvel ezel\u0151tt bel\u00e9pett az \u00e9letembe a nevetnik\u00e9k alap\u00edtv\u00e1ny. Enn\u00e9l a szervezetn\u00e9l a beteg gyerekeket l\u00e1togatjuk a gyerekklinik\u00e1n, \u00e9s pr\u00f3b\u00e1lunk mosolyt csalni az arcukra. Ez b\u00e1rmi t\u00falz\u00e1s n\u00e9lk\u00fcl \u00e1ll\u00edthatom, hogy szinte mindig siker\u00fcl. Rengeteg foglalkoz\u00e1st tartottam az elm\u00falt \u00e9vekben, \u00e9s nagyon sok pozit\u00edv visszajelz\u00e9st kaptam, ak\u00e1r gyermeki mosoly form\u00e1j\u00e1ban, ak\u00e1r a sz\u00fcl\u0151kt\u0151l. Gyakorlatilag az alap\u00edtv\u00e1nyn\u00e1l elt\u00f6lt\u00f6tt \u00f6nk\u00e9ntes munka hat\u00e1rozta meg az \u00e9n p\u00e1lyam\u00f3dos\u00edt\u00e1somat. Ezzel p\u00e1rhuzamosan \u00f6nk\u00e9nteskedtem a p\u00e9csi gyermekotthonban is, ott egy akkor 5.-es sr\u00e1cnak seg\u00edtettem felk\u00e9sz\u00fclni a matek p\u00f3tvizsg\u00e1j\u00e1ra, amit sikerrel vett. Szeretek focizni, sz\u00ednh\u00e1zba \u00e9s moziba j\u00e1rni. Nyitott bar\u00e1ts\u00e1gos szem\u00e9lynek tartom magam \u00e9s n\u00e1lam mindig az els\u0151dleges, hogy a gyermek vid\u00e1m legyen \u00e9s j\u00f3l \u00e9rezze mag\u00e1t<\/strong><\/p>\t\t\t\t\t<\/div>\n\t\t\t\t\t\t<\/div>\n\t\t\t\t<\/div>\n\t\t\t\t<div class=\"elementor-element elementor-element-de4061e elementor-align-center elementor-widget elementor-widget-button\" data-id=\"de4061e\" data-element_type=\"widget\" data-widget_type=\"button.default\">\n\t\t\t\t<div class=\"elementor-widget-container\">\n\t\t\t\t\t<div class=\"elementor-button-wrapper\">\n\t\t\t<a href=\"https:\/\/www.pecsisitter.hu\/babysitterek\/\" class=\"elementor-button-link elementor-button elementor-size-sm\" role=\"button\">\n\t\t\t\t\t\t<span class=\"elementor-button-content-wrapper\">\n\t\t\t\t\t\t<span class=\"elementor-button-text\">Vissza a P\u00e9csiSitterekhez<\/span>\n\t\t<\/span>\n\t\t\t\t\t<\/a>\n\t\t<\/div>\n\t\t\t\t<\/div>\n\t\t\t\t<\/div>\n\t\t\t\t\t\t<\/div>\n\t\t\t\t\t<\/div>\n\t\t<\/div>\n\t\t\t\t\t\t\t\t<\/div>\n\t\t\t\t\t<\/div>\n\t\t<\/section>\n\t\t\t\t\t\t\t\t\t<\/div>\n\t\t\t<\/div>\n\t\t\t\t\t<\/div>\n\t\t","protected":false},"excerpt":{"rendered":"<p>Csaba Csaba vagyok 35 \u00e9ves. Eredeti v\u00e9gzetts\u00e9gem CNC g\u00e9pkezel\u0151. Jelenleg&hellip;<\/p>\n<p> <a class=\"more-link\" href=\"https:\/\/www.pecsisitter.hu\/hu\/bemutatkozasok-csaba\/\">B\u0151vebben<\/a><\/p>\n","protected":false},"author":1,"featured_media":0,"parent":0,"menu_order":0,"comment_status":"closed","ping_status":"closed","template":"elementor_header_footer","meta":[],"yoast_head":"<!-- This site is optimized with the Yoast SEO plugin v18.6 - https:\/\/yoast.com\/wordpress\/plugins\/seo\/ -->\n<title>Bemutatkoz\u00e1sok Csaba - P&eacute;csi Sitter<\/title>\n<meta name=\"robots\" content=\"index, follow, max-snippet:-1, max-image-preview:large, max-video-preview:-1\" \/>\n<link rel=\"canonical\" href=\"https:\/\/www.pecsisitter.hu\/hu\/bemutatkozasok-csaba\/\" \/>\n<meta property=\"og:locale\" content=\"hu_HU\" \/>\n<meta property=\"og:type\" content=\"article\" \/>\n<meta property=\"og:title\" content=\"Bemutatkoz\u00e1sok Csaba - P&eacute;csi Sitter\" \/>\n<meta property=\"og:description\" content=\"Csaba Csaba vagyok 35 \u00e9ves. Eredeti v\u00e9gzetts\u00e9gem CNC g\u00e9pkezel\u0151. Jelenleg&hellip;  B\u0151vebben\" \/>\n<meta property=\"og:url\" content=\"https:\/\/www.pecsisitter.hu\/hu\/bemutatkozasok-csaba\/\" \/>\n<meta property=\"og:site_name\" content=\"P&eacute;csi Sitter\" \/>\n<meta property=\"article:publisher\" content=\"https:\/\/www.facebook.com\/pecsisitter\" \/>\n<meta property=\"article:modified_time\" content=\"2022-04-21T13:00:16+00:00\" \/>\n<meta property=\"og:image\" content=\"https:\/\/www.pecsisitter.hu\/wp-content\/uploads\/2022\/04\/Csaba-szerk-1-1016x1024.jpg\" \/>\n<meta name=\"twitter:card\" content=\"summary_large_image\" \/>\n<meta name=\"twitter:label1\" content=\"Becs\u00fclt olvas\u00e1si id\u0151\" \/>\n\t<meta name=\"twitter:data1\" content=\"2 perc\" \/>\n<script type=\"application\/ld+json\" class=\"yoast-schema-graph\">{\"@context\":\"https:\/\/schema.org\",\"@graph\":[{\"@type\":\"Organization\",\"@id\":\"https:\/\/www.pecsisitter.hu\/hu\/#organization\",\"name\":\"P\u00e9csiSitter\",\"url\":\"https:\/\/www.pecsisitter.hu\/hu\/\",\"sameAs\":[\"https:\/\/www.facebook.com\/pecsisitter\",\"https:\/\/www.instagram.com\/pecsisitter\"],\"logo\":{\"@type\":\"ImageObject\",\"@id\":\"https:\/\/www.pecsisitter.hu\/hu\/#logo\",\"inLanguage\":\"hu\",\"url\":\"https:\/\/www.pecsisitter.hu\/wp-content\/uploads\/2020\/10\/PS-logo-icon.jpg\",\"contentUrl\":\"https:\/\/www.pecsisitter.hu\/wp-content\/uploads\/2020\/10\/PS-logo-icon.jpg\",\"width\":997,\"height\":997,\"caption\":\"P\u00e9csiSitter\"},\"image\":{\"@id\":\"https:\/\/www.pecsisitter.hu\/hu\/#logo\"}},{\"@type\":\"WebSite\",\"@id\":\"https:\/\/www.pecsisitter.hu\/hu\/#website\",\"url\":\"https:\/\/www.pecsisitter.hu\/hu\/\",\"name\":\"P\u00e9csi Sitter\",\"description\":\"P&eacute;cs b&eacute;biszitter &eacute;s id\u0151sgondoz&aacute;s\",\"publisher\":{\"@id\":\"https:\/\/www.pecsisitter.hu\/hu\/#organization\"},\"potentialAction\":[{\"@type\":\"SearchAction\",\"target\":{\"@type\":\"EntryPoint\",\"urlTemplate\":\"https:\/\/www.pecsisitter.hu\/hu\/?s={search_term_string}\"},\"query-input\":\"required name=search_term_string\"}],\"inLanguage\":\"hu\"},{\"@type\":\"ImageObject\",\"@id\":\"https:\/\/www.pecsisitter.hu\/hu\/bemutatkozasok-csaba\/#primaryimage\",\"inLanguage\":\"hu\",\"url\":\"https:\/\/www.pecsisitter.hu\/wp-content\/uploads\/2022\/04\/Csaba-szerk-1-1016x1024.jpg\",\"contentUrl\":\"https:\/\/www.pecsisitter.hu\/wp-content\/uploads\/2022\/04\/Csaba-szerk-1-1016x1024.jpg\"},{\"@type\":\"WebPage\",\"@id\":\"https:\/\/www.pecsisitter.hu\/hu\/bemutatkozasok-csaba\/#webpage\",\"url\":\"https:\/\/www.pecsisitter.hu\/hu\/bemutatkozasok-csaba\/\",\"name\":\"Bemutatkoz\u00e1sok Csaba - P&eacute;csi Sitter\",\"isPartOf\":{\"@id\":\"https:\/\/www.pecsisitter.hu\/hu\/#website\"},\"primaryImageOfPage\":{\"@id\":\"https:\/\/www.pecsisitter.hu\/hu\/bemutatkozasok-csaba\/#primaryimage\"},\"datePublished\":\"2020-10-09T07:28:31+00:00\",\"dateModified\":\"2022-04-21T13:00:16+00:00\",\"breadcrumb\":{\"@id\":\"https:\/\/www.pecsisitter.hu\/hu\/bemutatkozasok-csaba\/#breadcrumb\"},\"inLanguage\":\"hu\",\"potentialAction\":[{\"@type\":\"ReadAction\",\"target\":[\"https:\/\/www.pecsisitter.hu\/hu\/bemutatkozasok-csaba\/\"]}]},{\"@type\":\"BreadcrumbList\",\"@id\":\"https:\/\/www.pecsisitter.hu\/hu\/bemutatkozasok-csaba\/#breadcrumb\",\"itemListElement\":[{\"@type\":\"ListItem\",\"position\":1,\"name\":\"Kezd\u0151lap\",\"item\":\"https:\/\/www.pecsisitter.hu\/hu\/\"},{\"@type\":\"ListItem\",\"position\":2,\"name\":\"Bemutatkoz\u00e1sok Csaba\"}]}]}<\/script>\n<!-- \/ Yoast SEO plugin. -->","yoast_head_json":{"title":"Bemutatkoz\u00e1sok Csaba - P&eacute;csi Sitter","robots":{"index":"index","follow":"follow","max-snippet":"max-snippet:-1","max-image-preview":"max-image-preview:large","max-video-preview":"max-video-preview:-1"},"canonical":"https:\/\/www.pecsisitter.hu\/hu\/bemutatkozasok-csaba\/","og_locale":"hu_HU","og_type":"article","og_title":"Bemutatkoz\u00e1sok Csaba - P&eacute;csi Sitter","og_description":"Csaba Csaba vagyok 35 \u00e9ves. Eredeti v\u00e9gzetts\u00e9gem CNC g\u00e9pkezel\u0151. Jelenleg&hellip;  B\u0151vebben","og_url":"https:\/\/www.pecsisitter.hu\/hu\/bemutatkozasok-csaba\/","og_site_name":"P&eacute;csi Sitter","article_publisher":"https:\/\/www.facebook.com\/pecsisitter","article_modified_time":"2022-04-21T13:00:16+00:00","og_image":[{"url":"https:\/\/www.pecsisitter.hu\/wp-content\/uploads\/2022\/04\/Csaba-szerk-1-1016x1024.jpg"}],"twitter_card":"summary_large_image","twitter_misc":{"Becs\u00fclt olvas\u00e1si id\u0151":"2 perc"},"schema":{"@context":"https:\/\/schema.org","@graph":[{"@type":"Organization","@id":"https:\/\/www.pecsisitter.hu\/hu\/#organization","name":"P\u00e9csiSitter","url":"https:\/\/www.pecsisitter.hu\/hu\/","sameAs":["https:\/\/www.facebook.com\/pecsisitter","https:\/\/www.instagram.com\/pecsisitter"],"logo":{"@type":"ImageObject","@id":"https:\/\/www.pecsisitter.hu\/hu\/#logo","inLanguage":"hu","url":"https:\/\/www.pecsisitter.hu\/wp-content\/uploads\/2020\/10\/PS-logo-icon.jpg","contentUrl":"https:\/\/www.pecsisitter.hu\/wp-content\/uploads\/2020\/10\/PS-logo-icon.jpg","width":997,"height":997,"caption":"P\u00e9csiSitter"},"image":{"@id":"https:\/\/www.pecsisitter.hu\/hu\/#logo"}},{"@type":"WebSite","@id":"https:\/\/www.pecsisitter.hu\/hu\/#website","url":"https:\/\/www.pecsisitter.hu\/hu\/","name":"P\u00e9csi Sitter","description":"P&eacute;cs b&eacute;biszitter &eacute;s id\u0151sgondoz&aacute;s","publisher":{"@id":"https:\/\/www.pecsisitter.hu\/hu\/#organization"},"potentialAction":[{"@type":"SearchAction","target":{"@type":"EntryPoint","urlTemplate":"https:\/\/www.pecsisitter.hu\/hu\/?s={search_term_string}"},"query-input":"required name=search_term_string"}],"inLanguage":"hu"},{"@type":"ImageObject","@id":"https:\/\/www.pecsisitter.hu\/hu\/bemutatkozasok-csaba\/#primaryimage","inLanguage":"hu","url":"https:\/\/www.pecsisitter.hu\/wp-content\/uploads\/2022\/04\/Csaba-szerk-1-1016x1024.jpg","contentUrl":"https:\/\/www.pecsisitter.hu\/wp-content\/uploads\/2022\/04\/Csaba-szerk-1-1016x1024.jpg"},{"@type":"WebPage","@id":"https:\/\/www.pecsisitter.hu\/hu\/bemutatkozasok-csaba\/#webpage","url":"https:\/\/www.pecsisitter.hu\/hu\/bemutatkozasok-csaba\/","name":"Bemutatkoz\u00e1sok Csaba - P&eacute;csi Sitter","isPartOf":{"@id":"https:\/\/www.pecsisitter.hu\/hu\/#website"},"primaryImageOfPage":{"@id":"https:\/\/www.pecsisitter.hu\/hu\/bemutatkozasok-csaba\/#primaryimage"},"datePublished":"2020-10-09T07:28:31+00:00","dateModified":"2022-04-21T13:00:16+00:00","breadcrumb":{"@id":"https:\/\/www.pecsisitter.hu\/hu\/bemutatkozasok-csaba\/#breadcrumb"},"inLanguage":"hu","potentialAction":[{"@type":"ReadAction","target":["https:\/\/www.pecsisitter.hu\/hu\/bemutatkozasok-csaba\/"]}]},{"@type":"BreadcrumbList","@id":"https:\/\/www.pecsisitter.hu\/hu\/bemutatkozasok-csaba\/#breadcrumb","itemListElement":[{"@type":"ListItem","position":1,"name":"Kezd\u0151lap","item":"https:\/\/www.pecsisitter.hu\/hu\/"},{"@type":"ListItem","position":2,"name":"Bemutatkoz\u00e1sok Csaba"}]}]}},"_links":{"self":[{"href":"https:\/\/www.pecsisitter.hu\/hu\/wp-json\/wp\/v2\/pages\/13011"}],"collection":[{"href":"https:\/\/www.pecsisitter.hu\/hu\/wp-json\/wp\/v2\/pages"}],"about":[{"href":"https:\/\/www.pecsisitter.hu\/hu\/wp-json\/wp\/v2\/types\/page"}],"author":[{"embeddable":true,"href":"https:\/\/www.pecsisitter.hu\/hu\/wp-json\/wp\/v2\/users\/1"}],"replies":[{"embeddable":true,"href":"https:\/\/www.pecsisitter.hu\/hu\/wp-json\/wp\/v2\/comments?post=13011"}],"version-history":[{"count":15,"href":"https:\/\/www.pecsisitter.hu\/hu\/wp-json\/wp\/v2\/pages\/13011\/revisions"}],"predecessor-version":[{"id":15268,"href":"https:\/\/www.pecsisitter.hu\/hu\/wp-json\/wp\/v2\/pages\/13011\/revisions\/15268"}],"wp:attachment":[{"href":"https:\/\/www.pecsisitter.hu\/hu\/wp-json\/wp\/v2\/media?parent=13011"}],"curies":[{"name":"wp","href":"https:\/\/api.w.org\/{rel}","templated":true}]}}