{"id":12923,"date":"2020-10-07T15:09:56","date_gmt":"2020-10-07T15:09:56","guid":{"rendered":"https:\/\/www.pecsisitter.hu\/?page_id=12923"},"modified":"2023-09-23T13:09:56","modified_gmt":"2023-09-23T11:09:56","slug":"bemutatkozasok-evelin","status":"publish","type":"page","link":"https:\/\/www.pecsisitter.hu\/hu\/bemutatkozasok-evelin\/","title":{"rendered":"Bemutatkoz\u00e1sok Evelin"},"content":{"rendered":"\t\t<div data-elementor-type=\"wp-page\" data-elementor-id=\"12923\" class=\"elementor elementor-12923\">\n\t\t\t\t\t\t<div class=\"elementor-inner\">\n\t\t\t\t<div class=\"elementor-section-wrap\">\n\t\t\t\t\t\t\t\t\t<section class=\"elementor-section elementor-top-section elementor-element elementor-element-e000a0e elementor-section-boxed elementor-section-height-default elementor-section-height-default\" data-id=\"e000a0e\" data-element_type=\"section\">\n\t\t\t\t\t\t<div class=\"elementor-container elementor-column-gap-default\">\n\t\t\t\t\t\t\t<div class=\"elementor-row\">\n\t\t\t\t\t<div class=\"elementor-column elementor-col-100 elementor-top-column elementor-element elementor-element-5a76c22\" data-id=\"5a76c22\" data-element_type=\"column\">\n\t\t\t<div class=\"elementor-column-wrap\">\n\t\t\t\t\t\t\t<div class=\"elementor-widget-wrap\">\n\t\t\t\t\t\t\t\t<\/div>\n\t\t\t\t\t<\/div>\n\t\t<\/div>\n\t\t\t\t\t\t\t\t<\/div>\n\t\t\t\t\t<\/div>\n\t\t<\/section>\n\t\t\t\t<section class=\"elementor-section elementor-top-section elementor-element elementor-element-5fe9512 elementor-section-boxed elementor-section-height-default elementor-section-height-default\" data-id=\"5fe9512\" data-element_type=\"section\" data-settings=\"{&quot;background_background&quot;:&quot;video&quot;,&quot;background_video_link&quot;:&quot;https:\\\/\\\/www.youtube.com\\\/watch?v=xqjDrZJwk4E&amp;ab_channel=CKFreeVideoTemplates&quot;}\">\n\t\t\t\t\t\t\t\t<div class=\"elementor-background-video-container elementor-hidden-phone\">\n\t\t\t\t\t\t\t\t\t\t\t\t\t<div class=\"elementor-background-video-embed\"><\/div>\n\t\t\t\t\t\t\t\t\t\t\t\t<\/div>\n\t\t\t\t\t\t\t\t<div class=\"elementor-container elementor-column-gap-default\">\n\t\t\t\t\t\t\t<div class=\"elementor-row\">\n\t\t\t\t\t<div class=\"elementor-column elementor-col-50 elementor-top-column elementor-element elementor-element-d6ea96e\" data-id=\"d6ea96e\" data-element_type=\"column\">\n\t\t\t<div class=\"elementor-column-wrap elementor-element-populated\">\n\t\t\t\t\t\t\t<div class=\"elementor-widget-wrap\">\n\t\t\t\t\t\t<div class=\"elementor-element elementor-element-ae16bb4 elementor-widget elementor-widget-image\" data-id=\"ae16bb4\" data-element_type=\"widget\" data-widget_type=\"image.default\">\n\t\t\t\t<div class=\"elementor-widget-container\">\n\t\t\t\t\t\t\t\t<div class=\"elementor-image\">\n\t\t\t\t\t\t\t\t\t\t\t\t<img decoding=\"async\" width=\"576\" height=\"1024\" src=\"https:\/\/www.pecsisitter.hu\/wp-content\/uploads\/2020\/09\/Molnar-Evelin-576x1024.jpg\" class=\"attachment-large size-large\" alt=\"\" loading=\"lazy\" srcset=\"https:\/\/www.pecsisitter.hu\/wp-content\/uploads\/2020\/09\/Molnar-Evelin-576x1024.jpg 576w, https:\/\/www.pecsisitter.hu\/wp-content\/uploads\/2020\/09\/Molnar-Evelin-169x300.jpg 169w, https:\/\/www.pecsisitter.hu\/wp-content\/uploads\/2020\/09\/Molnar-Evelin-768x1365.jpg 768w, https:\/\/www.pecsisitter.hu\/wp-content\/uploads\/2020\/09\/Molnar-Evelin-864x1536.jpg 864w, https:\/\/www.pecsisitter.hu\/wp-content\/uploads\/2020\/09\/Molnar-Evelin-600x1067.jpg 600w, https:\/\/www.pecsisitter.hu\/wp-content\/uploads\/2020\/09\/Molnar-Evelin-rotated.jpg 1080w\" sizes=\"(max-width: 576px) 100vw, 576px\" \/>\t\t\t\t\t\t\t\t\t\t\t\t\t\t<\/div>\n\t\t\t\t\t\t<\/div>\n\t\t\t\t<\/div>\n\t\t\t\t\t\t<\/div>\n\t\t\t\t\t<\/div>\n\t\t<\/div>\n\t\t\t\t<div class=\"elementor-column elementor-col-50 elementor-top-column elementor-element elementor-element-d81054a\" data-id=\"d81054a\" data-element_type=\"column\">\n\t\t\t<div class=\"elementor-column-wrap elementor-element-populated\">\n\t\t\t\t\t\t\t<div class=\"elementor-widget-wrap\">\n\t\t\t\t\t\t<div class=\"elementor-element elementor-element-fd831ab elementor-widget elementor-widget-heading\" data-id=\"fd831ab\" data-element_type=\"widget\" data-widget_type=\"heading.default\">\n\t\t\t\t<div class=\"elementor-widget-container\">\n\t\t\t<h2 class=\"elementor-heading-title elementor-size-default\">Evelin<\/h2>\t\t<\/div>\n\t\t\t\t<\/div>\n\t\t\t\t<div class=\"elementor-element elementor-element-0ab318f elementor-widget elementor-widget-text-editor\" data-id=\"0ab318f\" data-element_type=\"widget\" data-widget_type=\"text-editor.default\">\n\t\t\t\t<div class=\"elementor-widget-container\">\n\t\t\t\t\t\t\t\t<div class=\"elementor-text-editor elementor-clearfix\">\n\t\t\t\t<p>Evelin vagyok, 22 \u00e9ves.<\/p><p>Gy\u00f3gymassz\u0151rk\u00e9nt v\u00e9geztem. Tanulm\u00e1nyaim alatt gyakorlatomat a hark\u00e1nyi k\u00f3rh\u00e1zban t\u00f6lt\u00f6ttem. Ennek k\u00f6sz\u00f6nhet\u0151en az id\u0151sekkel val\u00f3 kapcsolatteremt\u00e9s \u00e9s kommunik\u00e1ci\u00f3 k\u00f6nnyed\u00e9n megy sz\u00e1momra. 2021 nyar\u00e1n nyitottam meg massz\u00e1zs szalonomat \u00e9s jelenleg is ezzel foglalkozom. Elv\u00e9geztem egy gy\u00f3gypedag\u00f3giai asszisztens k\u00e9pz\u00e9st, ennek k\u00f6sz\u00f6nhet\u0151en tudom, hogy ez az \u00e9n utam \u00e9s 2023 szeptember\u00e9ben a Kaposv\u00e1ri egyetem gy\u00f3gypedag\u00f3giai szakon kezdtem meg tanulm\u00e1nyaim, hogy ez\u00e1ltal is seg\u00edthessek az embereken. A k\u00e9pz\u00e9s \u00e1ltal volt alkalmam autista gyerk\u0151c\u00f6kre is vigy\u00e1zni.\u00a0<\/p><p>\u00a0<\/p><p>Szeretek a gyerekek k\u00f6zt lenni, vel\u00fck foglalkozni, mert k\u00f6nnyen megtal\u00e1lom a k\u00f6z\u00f6s hangot vel\u00fck. Ismer\u0151s\u00f6k k\u00f6r\u00e9ben, amikor lehet\u0151s\u00e9gem volt, mindig sz\u00edvesen beseg\u00edtettem a picik fel\u00fcgyelet\u00e9ben. Ny\u00e1ri munk\u00e1im sor\u00e1n anim\u00e1tor voltam egy kempingben, \u00e9s az ott nyaral\u00f3<\/p><p>csal\u00e1doknak \u00e9s gyerk\u0151c\u00f6knek szerveztem programokat.<\/p><p>Sz\u00edvesen besz\u00e9lgetek, viszont j\u00f3 hallgat\u00f3s\u00e1g is vagyok. Szeretek a term\u00e9szetben mozogni, s\u00e9t\u00e1lni, de a belt\u00e9ri programokat is nagyon \u00e9lvezem, mint p\u00e9ld\u00e1ul t\u00e1rsasoz\u00e1s, k\u00e1rty\u00e1z\u00e1s, ak\u00e1r olvas\u00e1s. Ha sz\u00fcks\u00e9g van r\u00e1, sz\u00edvesen seg\u00edtek a hivatalos \u00fcgyek int\u00e9z\u00e9s\u00e9ben is.<\/p>\t\t\t\t\t<\/div>\n\t\t\t\t\t\t<\/div>\n\t\t\t\t<\/div>\n\t\t\t\t<div class=\"elementor-element elementor-element-36c3d0c elementor-aspect-ratio-169 elementor-widget elementor-widget-video\" data-id=\"36c3d0c\" data-element_type=\"widget\" data-settings=\"{&quot;youtube_url&quot;:&quot;https:\\\/\\\/youtu.be\\\/vn-ps9bH1W4&quot;,&quot;video_type&quot;:&quot;youtube&quot;,&quot;controls&quot;:&quot;yes&quot;,&quot;aspect_ratio&quot;:&quot;169&quot;}\" data-widget_type=\"video.default\">\n\t\t\t\t<div class=\"elementor-widget-container\">\n\t\t\t\t\t<div class=\"elementor-wrapper elementor-fit-aspect-ratio elementor-open-inline\">\n\t\t\t<div class=\"elementor-video\"><\/div>\t\t<\/div>\n\t\t\t\t<\/div>\n\t\t\t\t<\/div>\n\t\t\t\t<div class=\"elementor-element elementor-element-de4061e elementor-align-center elementor-widget elementor-widget-button\" data-id=\"de4061e\" data-element_type=\"widget\" data-widget_type=\"button.default\">\n\t\t\t\t<div class=\"elementor-widget-container\">\n\t\t\t\t\t<div class=\"elementor-button-wrapper\">\n\t\t\t<a href=\"https:\/\/www.pecsisitter.hu\/babysitterek\/\" class=\"elementor-button-link elementor-button elementor-size-sm\" role=\"button\">\n\t\t\t\t\t\t<span class=\"elementor-button-content-wrapper\">\n\t\t\t\t\t\t<span class=\"elementor-button-text\">Vissza a P\u00e9csiSitterekhez<\/span>\n\t\t<\/span>\n\t\t\t\t\t<\/a>\n\t\t<\/div>\n\t\t\t\t<\/div>\n\t\t\t\t<\/div>\n\t\t\t\t\t\t<\/div>\n\t\t\t\t\t<\/div>\n\t\t<\/div>\n\t\t\t\t\t\t\t\t<\/div>\n\t\t\t\t\t<\/div>\n\t\t<\/section>\n\t\t\t\t\t\t\t\t\t<\/div>\n\t\t\t<\/div>\n\t\t\t\t\t<\/div>\n\t\t","protected":false},"excerpt":{"rendered":"<p>Evelin Evelin vagyok, 22 \u00e9ves. Gy\u00f3gymassz\u0151rk\u00e9nt v\u00e9geztem. Tanulm\u00e1nyaim alatt gyakorlatomat&hellip;<\/p>\n<p> <a class=\"more-link\" href=\"https:\/\/www.pecsisitter.hu\/hu\/bemutatkozasok-evelin\/\">B\u0151vebben<\/a><\/p>\n","protected":false},"author":1,"featured_media":0,"parent":0,"menu_order":0,"comment_status":"closed","ping_status":"closed","template":"elementor_header_footer","meta":[],"yoast_head":"<!-- This site is optimized with the Yoast SEO plugin v18.6 - https:\/\/yoast.com\/wordpress\/plugins\/seo\/ -->\n<title>Bemutatkoz\u00e1sok Evelin - P&eacute;csi Sitter<\/title>\n<meta name=\"robots\" content=\"index, follow, max-snippet:-1, max-image-preview:large, max-video-preview:-1\" \/>\n<link rel=\"canonical\" href=\"https:\/\/www.pecsisitter.hu\/hu\/bemutatkozasok-evelin\/\" \/>\n<meta property=\"og:locale\" content=\"hu_HU\" \/>\n<meta property=\"og:type\" content=\"article\" \/>\n<meta property=\"og:title\" content=\"Bemutatkoz\u00e1sok Evelin - P&eacute;csi Sitter\" \/>\n<meta property=\"og:description\" content=\"Evelin Evelin vagyok, 22 \u00e9ves. Gy\u00f3gymassz\u0151rk\u00e9nt v\u00e9geztem. Tanulm\u00e1nyaim alatt gyakorlatomat&hellip;  B\u0151vebben\" \/>\n<meta property=\"og:url\" content=\"https:\/\/www.pecsisitter.hu\/hu\/bemutatkozasok-evelin\/\" \/>\n<meta property=\"og:site_name\" content=\"P&eacute;csi Sitter\" \/>\n<meta property=\"article:publisher\" content=\"https:\/\/www.facebook.com\/pecsisitter\" \/>\n<meta property=\"article:modified_time\" content=\"2023-09-23T11:09:56+00:00\" \/>\n<meta property=\"og:image\" content=\"https:\/\/www.pecsisitter.hu\/wp-content\/uploads\/2020\/09\/Molnar-Evelin-576x1024.jpg\" \/>\n<meta name=\"twitter:card\" content=\"summary_large_image\" \/>\n<meta name=\"twitter:label1\" content=\"Becs\u00fclt olvas\u00e1si id\u0151\" \/>\n\t<meta name=\"twitter:data1\" content=\"1 perc\" \/>\n<script type=\"application\/ld+json\" class=\"yoast-schema-graph\">{\"@context\":\"https:\/\/schema.org\",\"@graph\":[{\"@type\":\"Organization\",\"@id\":\"https:\/\/www.pecsisitter.hu\/hu\/#organization\",\"name\":\"P\u00e9csiSitter\",\"url\":\"https:\/\/www.pecsisitter.hu\/hu\/\",\"sameAs\":[\"https:\/\/www.facebook.com\/pecsisitter\",\"https:\/\/www.instagram.com\/pecsisitter\"],\"logo\":{\"@type\":\"ImageObject\",\"@id\":\"https:\/\/www.pecsisitter.hu\/hu\/#logo\",\"inLanguage\":\"hu\",\"url\":\"https:\/\/www.pecsisitter.hu\/wp-content\/uploads\/2020\/10\/PS-logo-icon.jpg\",\"contentUrl\":\"https:\/\/www.pecsisitter.hu\/wp-content\/uploads\/2020\/10\/PS-logo-icon.jpg\",\"width\":997,\"height\":997,\"caption\":\"P\u00e9csiSitter\"},\"image\":{\"@id\":\"https:\/\/www.pecsisitter.hu\/hu\/#logo\"}},{\"@type\":\"WebSite\",\"@id\":\"https:\/\/www.pecsisitter.hu\/hu\/#website\",\"url\":\"https:\/\/www.pecsisitter.hu\/hu\/\",\"name\":\"P\u00e9csi Sitter\",\"description\":\"P&eacute;cs b&eacute;biszitter &eacute;s id\u0151sgondoz&aacute;s\",\"publisher\":{\"@id\":\"https:\/\/www.pecsisitter.hu\/hu\/#organization\"},\"potentialAction\":[{\"@type\":\"SearchAction\",\"target\":{\"@type\":\"EntryPoint\",\"urlTemplate\":\"https:\/\/www.pecsisitter.hu\/hu\/?s={search_term_string}\"},\"query-input\":\"required name=search_term_string\"}],\"inLanguage\":\"hu\"},{\"@type\":\"ImageObject\",\"@id\":\"https:\/\/www.pecsisitter.hu\/bemutatkozasok-evelin\/#primaryimage\",\"inLanguage\":\"hu\",\"url\":\"https:\/\/www.pecsisitter.hu\/wp-content\/uploads\/2020\/09\/Molnar-Evelin-576x1024.jpg\",\"contentUrl\":\"https:\/\/www.pecsisitter.hu\/wp-content\/uploads\/2020\/09\/Molnar-Evelin-576x1024.jpg\"},{\"@type\":\"WebPage\",\"@id\":\"https:\/\/www.pecsisitter.hu\/bemutatkozasok-evelin\/#webpage\",\"url\":\"https:\/\/www.pecsisitter.hu\/bemutatkozasok-evelin\/\",\"name\":\"Bemutatkoz\u00e1sok Evelin - P&eacute;csi Sitter\",\"isPartOf\":{\"@id\":\"https:\/\/www.pecsisitter.hu\/hu\/#website\"},\"primaryImageOfPage\":{\"@id\":\"https:\/\/www.pecsisitter.hu\/bemutatkozasok-evelin\/#primaryimage\"},\"datePublished\":\"2020-10-07T15:09:56+00:00\",\"dateModified\":\"2023-09-23T11:09:56+00:00\",\"breadcrumb\":{\"@id\":\"https:\/\/www.pecsisitter.hu\/bemutatkozasok-evelin\/#breadcrumb\"},\"inLanguage\":\"hu\",\"potentialAction\":[{\"@type\":\"ReadAction\",\"target\":[\"https:\/\/www.pecsisitter.hu\/bemutatkozasok-evelin\/\"]}]},{\"@type\":\"BreadcrumbList\",\"@id\":\"https:\/\/www.pecsisitter.hu\/bemutatkozasok-evelin\/#breadcrumb\",\"itemListElement\":[{\"@type\":\"ListItem\",\"position\":1,\"name\":\"Kezd\u0151lap\",\"item\":\"https:\/\/www.pecsisitter.hu\/hu\/\"},{\"@type\":\"ListItem\",\"position\":2,\"name\":\"Bemutatkoz\u00e1sok Evelin\"}]}]}<\/script>\n<!-- \/ Yoast SEO plugin. -->","yoast_head_json":{"title":"Bemutatkoz\u00e1sok Evelin - P&eacute;csi Sitter","robots":{"index":"index","follow":"follow","max-snippet":"max-snippet:-1","max-image-preview":"max-image-preview:large","max-video-preview":"max-video-preview:-1"},"canonical":"https:\/\/www.pecsisitter.hu\/hu\/bemutatkozasok-evelin\/","og_locale":"hu_HU","og_type":"article","og_title":"Bemutatkoz\u00e1sok Evelin - P&eacute;csi Sitter","og_description":"Evelin Evelin vagyok, 22 \u00e9ves. Gy\u00f3gymassz\u0151rk\u00e9nt v\u00e9geztem. Tanulm\u00e1nyaim alatt gyakorlatomat&hellip;  B\u0151vebben","og_url":"https:\/\/www.pecsisitter.hu\/hu\/bemutatkozasok-evelin\/","og_site_name":"P&eacute;csi Sitter","article_publisher":"https:\/\/www.facebook.com\/pecsisitter","article_modified_time":"2023-09-23T11:09:56+00:00","og_image":[{"url":"https:\/\/www.pecsisitter.hu\/wp-content\/uploads\/2020\/09\/Molnar-Evelin-576x1024.jpg"}],"twitter_card":"summary_large_image","twitter_misc":{"Becs\u00fclt olvas\u00e1si id\u0151":"1 perc"},"schema":{"@context":"https:\/\/schema.org","@graph":[{"@type":"Organization","@id":"https:\/\/www.pecsisitter.hu\/hu\/#organization","name":"P\u00e9csiSitter","url":"https:\/\/www.pecsisitter.hu\/hu\/","sameAs":["https:\/\/www.facebook.com\/pecsisitter","https:\/\/www.instagram.com\/pecsisitter"],"logo":{"@type":"ImageObject","@id":"https:\/\/www.pecsisitter.hu\/hu\/#logo","inLanguage":"hu","url":"https:\/\/www.pecsisitter.hu\/wp-content\/uploads\/2020\/10\/PS-logo-icon.jpg","contentUrl":"https:\/\/www.pecsisitter.hu\/wp-content\/uploads\/2020\/10\/PS-logo-icon.jpg","width":997,"height":997,"caption":"P\u00e9csiSitter"},"image":{"@id":"https:\/\/www.pecsisitter.hu\/hu\/#logo"}},{"@type":"WebSite","@id":"https:\/\/www.pecsisitter.hu\/hu\/#website","url":"https:\/\/www.pecsisitter.hu\/hu\/","name":"P\u00e9csi Sitter","description":"P&eacute;cs b&eacute;biszitter &eacute;s id\u0151sgondoz&aacute;s","publisher":{"@id":"https:\/\/www.pecsisitter.hu\/hu\/#organization"},"potentialAction":[{"@type":"SearchAction","target":{"@type":"EntryPoint","urlTemplate":"https:\/\/www.pecsisitter.hu\/hu\/?s={search_term_string}"},"query-input":"required name=search_term_string"}],"inLanguage":"hu"},{"@type":"ImageObject","@id":"https:\/\/www.pecsisitter.hu\/bemutatkozasok-evelin\/#primaryimage","inLanguage":"hu","url":"https:\/\/www.pecsisitter.hu\/wp-content\/uploads\/2020\/09\/Molnar-Evelin-576x1024.jpg","contentUrl":"https:\/\/www.pecsisitter.hu\/wp-content\/uploads\/2020\/09\/Molnar-Evelin-576x1024.jpg"},{"@type":"WebPage","@id":"https:\/\/www.pecsisitter.hu\/bemutatkozasok-evelin\/#webpage","url":"https:\/\/www.pecsisitter.hu\/bemutatkozasok-evelin\/","name":"Bemutatkoz\u00e1sok Evelin - P&eacute;csi Sitter","isPartOf":{"@id":"https:\/\/www.pecsisitter.hu\/hu\/#website"},"primaryImageOfPage":{"@id":"https:\/\/www.pecsisitter.hu\/bemutatkozasok-evelin\/#primaryimage"},"datePublished":"2020-10-07T15:09:56+00:00","dateModified":"2023-09-23T11:09:56+00:00","breadcrumb":{"@id":"https:\/\/www.pecsisitter.hu\/bemutatkozasok-evelin\/#breadcrumb"},"inLanguage":"hu","potentialAction":[{"@type":"ReadAction","target":["https:\/\/www.pecsisitter.hu\/bemutatkozasok-evelin\/"]}]},{"@type":"BreadcrumbList","@id":"https:\/\/www.pecsisitter.hu\/bemutatkozasok-evelin\/#breadcrumb","itemListElement":[{"@type":"ListItem","position":1,"name":"Kezd\u0151lap","item":"https:\/\/www.pecsisitter.hu\/hu\/"},{"@type":"ListItem","position":2,"name":"Bemutatkoz\u00e1sok Evelin"}]}]}},"_links":{"self":[{"href":"https:\/\/www.pecsisitter.hu\/hu\/wp-json\/wp\/v2\/pages\/12923"}],"collection":[{"href":"https:\/\/www.pecsisitter.hu\/hu\/wp-json\/wp\/v2\/pages"}],"about":[{"href":"https:\/\/www.pecsisitter.hu\/hu\/wp-json\/wp\/v2\/types\/page"}],"author":[{"embeddable":true,"href":"https:\/\/www.pecsisitter.hu\/hu\/wp-json\/wp\/v2\/users\/1"}],"replies":[{"embeddable":true,"href":"https:\/\/www.pecsisitter.hu\/hu\/wp-json\/wp\/v2\/comments?post=12923"}],"version-history":[{"count":15,"href":"https:\/\/www.pecsisitter.hu\/hu\/wp-json\/wp\/v2\/pages\/12923\/revisions"}],"predecessor-version":[{"id":15911,"href":"https:\/\/www.pecsisitter.hu\/hu\/wp-json\/wp\/v2\/pages\/12923\/revisions\/15911"}],"wp:attachment":[{"href":"https:\/\/www.pecsisitter.hu\/hu\/wp-json\/wp\/v2\/media?parent=12923"}],"curies":[{"name":"wp","href":"https:\/\/api.w.org\/{rel}","templated":true}]}}