{"id":12907,"date":"2020-10-07T13:01:48","date_gmt":"2020-10-07T13:01:48","guid":{"rendered":"https:\/\/www.pecsisitter.hu\/?page_id=12907"},"modified":"2021-09-10T20:23:18","modified_gmt":"2021-09-10T18:23:18","slug":"bemutatkozasok-eszter-2","status":"publish","type":"page","link":"https:\/\/www.pecsisitter.hu\/hu\/bemutatkozasok-eszter-2\/","title":{"rendered":"Bemutatkoz\u00e1sok Eszter"},"content":{"rendered":"\t\t<div data-elementor-type=\"wp-page\" data-elementor-id=\"12907\" class=\"elementor elementor-12907\">\n\t\t\t\t\t\t<div class=\"elementor-inner\">\n\t\t\t\t<div class=\"elementor-section-wrap\">\n\t\t\t\t\t\t\t\t\t<section class=\"elementor-section elementor-top-section elementor-element elementor-element-e000a0e elementor-section-boxed elementor-section-height-default elementor-section-height-default\" data-id=\"e000a0e\" data-element_type=\"section\">\n\t\t\t\t\t\t<div class=\"elementor-container elementor-column-gap-default\">\n\t\t\t\t\t\t\t<div class=\"elementor-row\">\n\t\t\t\t\t<div class=\"elementor-column elementor-col-100 elementor-top-column elementor-element elementor-element-5a76c22\" data-id=\"5a76c22\" data-element_type=\"column\">\n\t\t\t<div class=\"elementor-column-wrap\">\n\t\t\t\t\t\t\t<div class=\"elementor-widget-wrap\">\n\t\t\t\t\t\t\t\t<\/div>\n\t\t\t\t\t<\/div>\n\t\t<\/div>\n\t\t\t\t\t\t\t\t<\/div>\n\t\t\t\t\t<\/div>\n\t\t<\/section>\n\t\t\t\t<section class=\"elementor-section elementor-top-section elementor-element elementor-element-5fe9512 elementor-section-boxed elementor-section-height-default elementor-section-height-default\" data-id=\"5fe9512\" data-element_type=\"section\" data-settings=\"{&quot;background_background&quot;:&quot;video&quot;,&quot;background_video_link&quot;:&quot;https:\\\/\\\/www.youtube.com\\\/watch?v=xqjDrZJwk4E&amp;ab_channel=CKFreeVideoTemplates&quot;}\">\n\t\t\t\t\t\t\t\t<div class=\"elementor-background-video-container elementor-hidden-phone\">\n\t\t\t\t\t\t\t\t\t\t\t\t\t<div class=\"elementor-background-video-embed\"><\/div>\n\t\t\t\t\t\t\t\t\t\t\t\t<\/div>\n\t\t\t\t\t\t\t\t<div class=\"elementor-container elementor-column-gap-default\">\n\t\t\t\t\t\t\t<div class=\"elementor-row\">\n\t\t\t\t\t<div class=\"elementor-column elementor-col-50 elementor-top-column elementor-element elementor-element-d6ea96e\" data-id=\"d6ea96e\" data-element_type=\"column\">\n\t\t\t<div class=\"elementor-column-wrap elementor-element-populated\">\n\t\t\t\t\t\t\t<div class=\"elementor-widget-wrap\">\n\t\t\t\t\t\t<div class=\"elementor-element elementor-element-ae16bb4 elementor-widget elementor-widget-image\" data-id=\"ae16bb4\" data-element_type=\"widget\" data-widget_type=\"image.default\">\n\t\t\t\t<div class=\"elementor-widget-container\">\n\t\t\t\t\t\t\t\t<div class=\"elementor-image\">\n\t\t\t\t\t\t\t\t\t\t\t\t<img decoding=\"async\" width=\"768\" height=\"1024\" src=\"https:\/\/www.pecsisitter.hu\/wp-content\/uploads\/2021\/09\/eszter-768x1024.jpg\" class=\"attachment-large size-large\" alt=\"\" loading=\"lazy\" srcset=\"https:\/\/www.pecsisitter.hu\/wp-content\/uploads\/2021\/09\/eszter-768x1024.jpg 768w, https:\/\/www.pecsisitter.hu\/wp-content\/uploads\/2021\/09\/eszter-225x300.jpg 225w, https:\/\/www.pecsisitter.hu\/wp-content\/uploads\/2021\/09\/eszter-1152x1536.jpg 1152w, https:\/\/www.pecsisitter.hu\/wp-content\/uploads\/2021\/09\/eszter-1536x2048.jpg 1536w, https:\/\/www.pecsisitter.hu\/wp-content\/uploads\/2021\/09\/eszter-9x12.jpg 9w, https:\/\/www.pecsisitter.hu\/wp-content\/uploads\/2021\/09\/eszter-scaled.jpg 1920w\" sizes=\"(max-width: 768px) 100vw, 768px\" \/>\t\t\t\t\t\t\t\t\t\t\t\t\t\t<\/div>\n\t\t\t\t\t\t<\/div>\n\t\t\t\t<\/div>\n\t\t\t\t\t\t<\/div>\n\t\t\t\t\t<\/div>\n\t\t<\/div>\n\t\t\t\t<div class=\"elementor-column elementor-col-50 elementor-top-column elementor-element elementor-element-d81054a\" data-id=\"d81054a\" data-element_type=\"column\">\n\t\t\t<div class=\"elementor-column-wrap elementor-element-populated\">\n\t\t\t\t\t\t\t<div class=\"elementor-widget-wrap\">\n\t\t\t\t\t\t<div class=\"elementor-element elementor-element-fd831ab elementor-widget elementor-widget-heading\" data-id=\"fd831ab\" data-element_type=\"widget\" data-widget_type=\"heading.default\">\n\t\t\t\t<div class=\"elementor-widget-container\">\n\t\t\t<h2 class=\"elementor-heading-title elementor-size-default\">ESzter<\/h2>\t\t<\/div>\n\t\t\t\t<\/div>\n\t\t\t\t<div class=\"elementor-element elementor-element-0ab318f elementor-widget elementor-widget-text-editor\" data-id=\"0ab318f\" data-element_type=\"widget\" data-widget_type=\"text-editor.default\">\n\t\t\t\t<div class=\"elementor-widget-container\">\n\t\t\t\t\t\t\t\t<div class=\"elementor-text-editor elementor-clearfix\">\n\t\t\t\t<p><strong>Eszter vagyok 23 \u00e9ves. Csecsem\u0151 \u00e9s kisgyermeknevel\u0151 v\u00e9gzetts\u00e9ggel m\u00e1r rendelkezem, de jelenleg a P\u00e9csi Tudom\u00e1nyegyetemen is ezt a szakot v\u00e1lasztottam, \u00edgy most ott tanulok levelez\u0151 szakon. Hossz\u00fa t\u00e1v\u00fa c\u00e9lom pedig egy mesterdiploma megszerz\u00e9se.<\/strong><\/p><p><strong>M\u00e1r gimn\u00e1ziumban elhat\u00e1roztam, hogy gyerekekkel szeretn\u00e9k foglalkozni, \u00e9s hogy tov\u00e1bb akarom vinni a csal\u00e1di \u00f6r\u00f6ks\u00e9get, m\u00e9gpedig azt, hogy a csal\u00e1dom minden n\u0151i tagja gyerekekkel foglalkozik.<\/strong><\/p><p><strong>F\u0151\u00e1ll\u00e1sban egy p\u00e9csi csal\u00e1di b\u00f6lcs\u0151d\u00e9ben dolgozom, \u00edgy viszonylag sok tapasztalattal rendelkezem b\u00e1r ez az els\u0151 munkahelyem.<\/strong><\/p><p><strong>Szabadid\u0151mben nagyon szeretek kir\u00e1ndulni, f\u0151leg a v\u00edzpartra. Illetve rengeteget olvasok. De m\u00e9gis a legnagyobb kikapcsol\u00f3d\u00e1s az sz\u00e1momra, ha gyerekek k\u00f6zt lehetek.:)<\/strong><\/p><p><strong>Fontosnak tartom a gyermekek k\u00f6rnyezet\u00e9t, mivel ez alapozza meg a j\u00f6v\u0151k\u00e9p\u00fcket is, \u00edgy, ha gyermekek k\u00f6zel\u00e9ben vagyok igyekszek j\u00f3 mint\u00e1t ny\u00fajtani. Nyitottnak \u00e9s t\u00fcrelmesnek tartom magam, illetve szeretek a gyerekek nyelv\u00e9n kommunik\u00e1lni, ez miatt \u00e1ltal\u00e1ban k\u00f6nnyen meg\u00e9rtem \u0151ket.<\/strong><\/p><p><strong><em>\u00a0\u201eAkkor j\u00f3 a vil\u00e1g, ha j\u00f3 benne gyermeknek lenni \u201e<\/em><\/strong><\/p><p><strong><em>\/ V\u00e9ghelyi Bal\u00e1zs\/<\/em><\/strong><\/p><p><strong>\u00a0<\/strong><\/p><p style=\"text-align: center;\"><span style=\"color: #000000;\"><strong>Csomagok:<\/strong><\/span><\/p><p style=\"text-align: center;\"><span style=\"color: #ffffff;\"><img decoding=\"async\" loading=\"lazy\" class=\"alignnone  wp-image-12552\" src=\"https:\/\/www.pecsisitter.hu\/wp-content\/uploads\/2020\/10\/baby-bottle-icon-svg.svg\" alt=\"bab\u00e1z\u00f3s\" width=\"53\" height=\"53\" \/>\u00a0<strong><img decoding=\"async\" loading=\"lazy\" class=\"alignnone wp-image-12203\" src=\"https:\/\/www.pecsisitter.hu\/wp-content\/uploads\/2020\/09\/IMGBIN_delivery-sales-united-parcel-service-png_YZELqvdP-1-300x300.png\" alt=\"\" width=\"50\" height=\"50\" srcset=\"https:\/\/www.pecsisitter.hu\/wp-content\/uploads\/2020\/09\/IMGBIN_delivery-sales-united-parcel-service-png_YZELqvdP-1-300x300.png 300w, https:\/\/www.pecsisitter.hu\/wp-content\/uploads\/2020\/09\/IMGBIN_delivery-sales-united-parcel-service-png_YZELqvdP-1-150x150.png 150w, https:\/\/www.pecsisitter.hu\/wp-content\/uploads\/2020\/09\/IMGBIN_delivery-sales-united-parcel-service-png_YZELqvdP-1.png 600w\" sizes=\"(max-width: 50px) 100vw, 50px\" \/><img decoding=\"async\" loading=\"lazy\" class=\"alignnone wp-image-13006\" src=\"https:\/\/www.pecsisitter.hu\/wp-content\/uploads\/2020\/10\/baby-and-toys-movie-icons-293x300.png\" alt=\"j\u00e1tsz\u00f3s babysitter csomag\" width=\"50\" height=\"51\" srcset=\"https:\/\/www.pecsisitter.hu\/wp-content\/uploads\/2020\/10\/baby-and-toys-movie-icons-293x300.png 293w, https:\/\/www.pecsisitter.hu\/wp-content\/uploads\/2020\/10\/baby-and-toys-movie-icons-150x150.png 150w, https:\/\/www.pecsisitter.hu\/wp-content\/uploads\/2020\/10\/baby-and-toys-movie-icons-768x785.png 768w, https:\/\/www.pecsisitter.hu\/wp-content\/uploads\/2020\/10\/baby-and-toys-movie-icons-12x12.png 12w, https:\/\/www.pecsisitter.hu\/wp-content\/uploads\/2020\/10\/baby-and-toys-movie-icons-300x300.png 300w, https:\/\/www.pecsisitter.hu\/wp-content\/uploads\/2020\/10\/baby-and-toys-movie-icons.png 840w\" sizes=\"(max-width: 50px) 100vw, 50px\" \/> <\/strong><\/span><\/p>\t\t\t\t\t<\/div>\n\t\t\t\t\t\t<\/div>\n\t\t\t\t<\/div>\n\t\t\t\t<div class=\"elementor-element elementor-element-de4061e elementor-align-center elementor-widget elementor-widget-button\" data-id=\"de4061e\" data-element_type=\"widget\" data-widget_type=\"button.default\">\n\t\t\t\t<div class=\"elementor-widget-container\">\n\t\t\t\t\t<div class=\"elementor-button-wrapper\">\n\t\t\t<a href=\"https:\/\/www.pecsisitter.hu\/babysitterek\/\" class=\"elementor-button-link elementor-button elementor-size-sm\" role=\"button\">\n\t\t\t\t\t\t<span class=\"elementor-button-content-wrapper\">\n\t\t\t\t\t\t<span class=\"elementor-button-text\">Vissza a P\u00e9csiSitterekhez<\/span>\n\t\t<\/span>\n\t\t\t\t\t<\/a>\n\t\t<\/div>\n\t\t\t\t<\/div>\n\t\t\t\t<\/div>\n\t\t\t\t\t\t<\/div>\n\t\t\t\t\t<\/div>\n\t\t<\/div>\n\t\t\t\t\t\t\t\t<\/div>\n\t\t\t\t\t<\/div>\n\t\t<\/section>\n\t\t\t\t\t\t\t\t\t<\/div>\n\t\t\t<\/div>\n\t\t\t\t\t<\/div>\n\t\t","protected":false},"excerpt":{"rendered":"<p>ESzter Eszter vagyok 23 \u00e9ves. Csecsem\u0151 \u00e9s kisgyermeknevel\u0151 v\u00e9gzetts\u00e9ggel m\u00e1r&hellip;<\/p>\n<p> <a class=\"more-link\" href=\"https:\/\/www.pecsisitter.hu\/hu\/bemutatkozasok-eszter-2\/\">B\u0151vebben<\/a><\/p>\n","protected":false},"author":1,"featured_media":0,"parent":0,"menu_order":0,"comment_status":"closed","ping_status":"closed","template":"elementor_header_footer","meta":[],"yoast_head":"<!-- This site is optimized with the Yoast SEO plugin v18.6 - https:\/\/yoast.com\/wordpress\/plugins\/seo\/ -->\n<title>Bemutatkoz\u00e1sok Eszter - P&eacute;csi Sitter<\/title>\n<meta name=\"robots\" content=\"index, follow, max-snippet:-1, max-image-preview:large, max-video-preview:-1\" \/>\n<link rel=\"canonical\" href=\"https:\/\/www.pecsisitter.hu\/hu\/bemutatkozasok-eszter-2\/\" \/>\n<meta property=\"og:locale\" content=\"hu_HU\" \/>\n<meta property=\"og:type\" content=\"article\" \/>\n<meta property=\"og:title\" content=\"Bemutatkoz\u00e1sok Eszter - P&eacute;csi Sitter\" \/>\n<meta property=\"og:description\" content=\"ESzter Eszter vagyok 23 \u00e9ves. Csecsem\u0151 \u00e9s kisgyermeknevel\u0151 v\u00e9gzetts\u00e9ggel m\u00e1r&hellip;  B\u0151vebben\" \/>\n<meta property=\"og:url\" content=\"https:\/\/www.pecsisitter.hu\/hu\/bemutatkozasok-eszter-2\/\" \/>\n<meta property=\"og:site_name\" content=\"P&eacute;csi Sitter\" \/>\n<meta property=\"article:publisher\" content=\"https:\/\/www.facebook.com\/pecsisitter\" \/>\n<meta property=\"article:modified_time\" content=\"2021-09-10T18:23:18+00:00\" \/>\n<meta property=\"og:image\" content=\"https:\/\/www.pecsisitter.hu\/wp-content\/uploads\/2021\/09\/eszter-768x1024.jpg\" \/>\n<meta name=\"twitter:card\" content=\"summary_large_image\" \/>\n<meta name=\"twitter:label1\" content=\"Becs\u00fclt olvas\u00e1si id\u0151\" \/>\n\t<meta name=\"twitter:data1\" content=\"2 perc\" \/>\n<script type=\"application\/ld+json\" class=\"yoast-schema-graph\">{\"@context\":\"https:\/\/schema.org\",\"@graph\":[{\"@type\":\"Organization\",\"@id\":\"https:\/\/www.pecsisitter.hu\/hu\/#organization\",\"name\":\"P\u00e9csiSitter\",\"url\":\"https:\/\/www.pecsisitter.hu\/hu\/\",\"sameAs\":[\"https:\/\/www.facebook.com\/pecsisitter\",\"https:\/\/www.instagram.com\/pecsisitter\"],\"logo\":{\"@type\":\"ImageObject\",\"@id\":\"https:\/\/www.pecsisitter.hu\/hu\/#logo\",\"inLanguage\":\"hu\",\"url\":\"https:\/\/www.pecsisitter.hu\/wp-content\/uploads\/2020\/10\/PS-logo-icon.jpg\",\"contentUrl\":\"https:\/\/www.pecsisitter.hu\/wp-content\/uploads\/2020\/10\/PS-logo-icon.jpg\",\"width\":997,\"height\":997,\"caption\":\"P\u00e9csiSitter\"},\"image\":{\"@id\":\"https:\/\/www.pecsisitter.hu\/hu\/#logo\"}},{\"@type\":\"WebSite\",\"@id\":\"https:\/\/www.pecsisitter.hu\/hu\/#website\",\"url\":\"https:\/\/www.pecsisitter.hu\/hu\/\",\"name\":\"P\u00e9csi Sitter\",\"description\":\"P&eacute;cs b&eacute;biszitter &eacute;s id\u0151sgondoz&aacute;s\",\"publisher\":{\"@id\":\"https:\/\/www.pecsisitter.hu\/hu\/#organization\"},\"potentialAction\":[{\"@type\":\"SearchAction\",\"target\":{\"@type\":\"EntryPoint\",\"urlTemplate\":\"https:\/\/www.pecsisitter.hu\/hu\/?s={search_term_string}\"},\"query-input\":\"required name=search_term_string\"}],\"inLanguage\":\"hu\"},{\"@type\":\"ImageObject\",\"@id\":\"https:\/\/www.pecsisitter.hu\/hu\/bemutatkozasok-eszter-2\/#primaryimage\",\"inLanguage\":\"hu\",\"url\":\"https:\/\/www.pecsisitter.hu\/wp-content\/uploads\/2021\/09\/eszter-768x1024.jpg\",\"contentUrl\":\"https:\/\/www.pecsisitter.hu\/wp-content\/uploads\/2021\/09\/eszter-768x1024.jpg\"},{\"@type\":\"WebPage\",\"@id\":\"https:\/\/www.pecsisitter.hu\/hu\/bemutatkozasok-eszter-2\/#webpage\",\"url\":\"https:\/\/www.pecsisitter.hu\/hu\/bemutatkozasok-eszter-2\/\",\"name\":\"Bemutatkoz\u00e1sok Eszter - P&eacute;csi Sitter\",\"isPartOf\":{\"@id\":\"https:\/\/www.pecsisitter.hu\/hu\/#website\"},\"primaryImageOfPage\":{\"@id\":\"https:\/\/www.pecsisitter.hu\/hu\/bemutatkozasok-eszter-2\/#primaryimage\"},\"datePublished\":\"2020-10-07T13:01:48+00:00\",\"dateModified\":\"2021-09-10T18:23:18+00:00\",\"breadcrumb\":{\"@id\":\"https:\/\/www.pecsisitter.hu\/hu\/bemutatkozasok-eszter-2\/#breadcrumb\"},\"inLanguage\":\"hu\",\"potentialAction\":[{\"@type\":\"ReadAction\",\"target\":[\"https:\/\/www.pecsisitter.hu\/hu\/bemutatkozasok-eszter-2\/\"]}]},{\"@type\":\"BreadcrumbList\",\"@id\":\"https:\/\/www.pecsisitter.hu\/hu\/bemutatkozasok-eszter-2\/#breadcrumb\",\"itemListElement\":[{\"@type\":\"ListItem\",\"position\":1,\"name\":\"Kezd\u0151lap\",\"item\":\"https:\/\/www.pecsisitter.hu\/hu\/\"},{\"@type\":\"ListItem\",\"position\":2,\"name\":\"Bemutatkoz\u00e1sok Eszter\"}]}]}<\/script>\n<!-- \/ Yoast SEO plugin. -->","yoast_head_json":{"title":"Bemutatkoz\u00e1sok Eszter - P&eacute;csi Sitter","robots":{"index":"index","follow":"follow","max-snippet":"max-snippet:-1","max-image-preview":"max-image-preview:large","max-video-preview":"max-video-preview:-1"},"canonical":"https:\/\/www.pecsisitter.hu\/hu\/bemutatkozasok-eszter-2\/","og_locale":"hu_HU","og_type":"article","og_title":"Bemutatkoz\u00e1sok Eszter - P&eacute;csi Sitter","og_description":"ESzter Eszter vagyok 23 \u00e9ves. Csecsem\u0151 \u00e9s kisgyermeknevel\u0151 v\u00e9gzetts\u00e9ggel m\u00e1r&hellip;  B\u0151vebben","og_url":"https:\/\/www.pecsisitter.hu\/hu\/bemutatkozasok-eszter-2\/","og_site_name":"P&eacute;csi Sitter","article_publisher":"https:\/\/www.facebook.com\/pecsisitter","article_modified_time":"2021-09-10T18:23:18+00:00","og_image":[{"url":"https:\/\/www.pecsisitter.hu\/wp-content\/uploads\/2021\/09\/eszter-768x1024.jpg"}],"twitter_card":"summary_large_image","twitter_misc":{"Becs\u00fclt olvas\u00e1si id\u0151":"2 perc"},"schema":{"@context":"https:\/\/schema.org","@graph":[{"@type":"Organization","@id":"https:\/\/www.pecsisitter.hu\/hu\/#organization","name":"P\u00e9csiSitter","url":"https:\/\/www.pecsisitter.hu\/hu\/","sameAs":["https:\/\/www.facebook.com\/pecsisitter","https:\/\/www.instagram.com\/pecsisitter"],"logo":{"@type":"ImageObject","@id":"https:\/\/www.pecsisitter.hu\/hu\/#logo","inLanguage":"hu","url":"https:\/\/www.pecsisitter.hu\/wp-content\/uploads\/2020\/10\/PS-logo-icon.jpg","contentUrl":"https:\/\/www.pecsisitter.hu\/wp-content\/uploads\/2020\/10\/PS-logo-icon.jpg","width":997,"height":997,"caption":"P\u00e9csiSitter"},"image":{"@id":"https:\/\/www.pecsisitter.hu\/hu\/#logo"}},{"@type":"WebSite","@id":"https:\/\/www.pecsisitter.hu\/hu\/#website","url":"https:\/\/www.pecsisitter.hu\/hu\/","name":"P\u00e9csi Sitter","description":"P&eacute;cs b&eacute;biszitter &eacute;s id\u0151sgondoz&aacute;s","publisher":{"@id":"https:\/\/www.pecsisitter.hu\/hu\/#organization"},"potentialAction":[{"@type":"SearchAction","target":{"@type":"EntryPoint","urlTemplate":"https:\/\/www.pecsisitter.hu\/hu\/?s={search_term_string}"},"query-input":"required name=search_term_string"}],"inLanguage":"hu"},{"@type":"ImageObject","@id":"https:\/\/www.pecsisitter.hu\/hu\/bemutatkozasok-eszter-2\/#primaryimage","inLanguage":"hu","url":"https:\/\/www.pecsisitter.hu\/wp-content\/uploads\/2021\/09\/eszter-768x1024.jpg","contentUrl":"https:\/\/www.pecsisitter.hu\/wp-content\/uploads\/2021\/09\/eszter-768x1024.jpg"},{"@type":"WebPage","@id":"https:\/\/www.pecsisitter.hu\/hu\/bemutatkozasok-eszter-2\/#webpage","url":"https:\/\/www.pecsisitter.hu\/hu\/bemutatkozasok-eszter-2\/","name":"Bemutatkoz\u00e1sok Eszter - P&eacute;csi Sitter","isPartOf":{"@id":"https:\/\/www.pecsisitter.hu\/hu\/#website"},"primaryImageOfPage":{"@id":"https:\/\/www.pecsisitter.hu\/hu\/bemutatkozasok-eszter-2\/#primaryimage"},"datePublished":"2020-10-07T13:01:48+00:00","dateModified":"2021-09-10T18:23:18+00:00","breadcrumb":{"@id":"https:\/\/www.pecsisitter.hu\/hu\/bemutatkozasok-eszter-2\/#breadcrumb"},"inLanguage":"hu","potentialAction":[{"@type":"ReadAction","target":["https:\/\/www.pecsisitter.hu\/hu\/bemutatkozasok-eszter-2\/"]}]},{"@type":"BreadcrumbList","@id":"https:\/\/www.pecsisitter.hu\/hu\/bemutatkozasok-eszter-2\/#breadcrumb","itemListElement":[{"@type":"ListItem","position":1,"name":"Kezd\u0151lap","item":"https:\/\/www.pecsisitter.hu\/hu\/"},{"@type":"ListItem","position":2,"name":"Bemutatkoz\u00e1sok Eszter"}]}]}},"_links":{"self":[{"href":"https:\/\/www.pecsisitter.hu\/hu\/wp-json\/wp\/v2\/pages\/12907"}],"collection":[{"href":"https:\/\/www.pecsisitter.hu\/hu\/wp-json\/wp\/v2\/pages"}],"about":[{"href":"https:\/\/www.pecsisitter.hu\/hu\/wp-json\/wp\/v2\/types\/page"}],"author":[{"embeddable":true,"href":"https:\/\/www.pecsisitter.hu\/hu\/wp-json\/wp\/v2\/users\/1"}],"replies":[{"embeddable":true,"href":"https:\/\/www.pecsisitter.hu\/hu\/wp-json\/wp\/v2\/comments?post=12907"}],"version-history":[{"count":20,"href":"https:\/\/www.pecsisitter.hu\/hu\/wp-json\/wp\/v2\/pages\/12907\/revisions"}],"predecessor-version":[{"id":14297,"href":"https:\/\/www.pecsisitter.hu\/hu\/wp-json\/wp\/v2\/pages\/12907\/revisions\/14297"}],"wp:attachment":[{"href":"https:\/\/www.pecsisitter.hu\/hu\/wp-json\/wp\/v2\/media?parent=12907"}],"curies":[{"name":"wp","href":"https:\/\/api.w.org\/{rel}","templated":true}]}}