{"id":15751,"date":"2023-02-15T14:58:14","date_gmt":"2023-02-15T13:58:14","guid":{"rendered":"https:\/\/www.pecsisitter.hu\/?page_id=15751"},"modified":"2024-04-09T18:51:08","modified_gmt":"2024-04-09T16:51:08","slug":"bemutatkozas-ibolya","status":"publish","type":"page","link":"https:\/\/www.pecsisitter.hu\/en\/bemutatkozas-ibolya\/","title":{"rendered":"Bemutatkoz\u00e1s Ibolya"},"content":{"rendered":"<div data-elementor-type=\"wp-page\" data-elementor-id=\"15751\" class=\"elementor elementor-15751\">\n\t\t\t\t\t\t<div class=\"elementor-inner\">\n\t\t\t\t<div class=\"elementor-section-wrap\">\n\t\t\t\t\t\t\t\t\t<section class=\"elementor-section elementor-top-section elementor-element elementor-element-453b0c28 elementor-section-boxed elementor-section-height-default elementor-section-height-default\" data-id=\"453b0c28\" data-element_type=\"section\">\n\t\t\t\t\t\t<div class=\"elementor-container elementor-column-gap-default\">\n\t\t\t\t\t\t\t<div class=\"elementor-row\">\n\t\t\t\t\t<div class=\"elementor-column elementor-col-100 elementor-top-column elementor-element elementor-element-4c0eb2ab\" data-id=\"4c0eb2ab\" data-element_type=\"column\">\n\t\t\t<div class=\"elementor-column-wrap\">\n\t\t\t\t\t\t\t<div class=\"elementor-widget-wrap\">\n\t\t\t\t\t\t\t\t<\/div>\n\t\t\t\t\t<\/div>\n\t\t<\/div>\n\t\t\t\t\t\t\t\t<\/div>\n\t\t\t\t\t<\/div>\n\t\t<\/section>\n\t\t\t\t<section class=\"elementor-section elementor-top-section elementor-element elementor-element-1e9e467 elementor-section-boxed elementor-section-height-default elementor-section-height-default\" data-id=\"1e9e467\" data-element_type=\"section\" data-settings=\"{&quot;background_background&quot;:&quot;video&quot;,&quot;background_video_link&quot;:&quot;https:\\\/\\\/www.youtube.com\\\/watch?v=xqjDrZJwk4E&amp;ab_channel=CKFreeVideoTemplates&quot;}\">\n\t\t\t\t\t\t\t\t<div class=\"elementor-background-video-container elementor-hidden-phone\">\n\t\t\t\t\t\t\t\t\t\t\t\t\t<div class=\"elementor-background-video-embed\"><\/div>\n\t\t\t\t\t\t\t\t\t\t\t\t<\/div>\n\t\t\t\t\t\t\t\t<div class=\"elementor-container elementor-column-gap-default\">\n\t\t\t\t\t\t\t<div class=\"elementor-row\">\n\t\t\t\t\t<div class=\"elementor-column elementor-col-50 elementor-top-column elementor-element elementor-element-5d5c5209\" data-id=\"5d5c5209\" data-element_type=\"column\">\n\t\t\t<div class=\"elementor-column-wrap elementor-element-populated\">\n\t\t\t\t\t\t\t<div class=\"elementor-widget-wrap\">\n\t\t\t\t\t\t<div class=\"elementor-element elementor-element-84a9ef1 elementor-widget elementor-widget-image\" data-id=\"84a9ef1\" data-element_type=\"widget\" data-widget_type=\"image.default\">\n\t\t\t\t<div class=\"elementor-widget-container\">\n\t\t\t\t\t\t\t\t<div class=\"elementor-image\">\n\t\t\t\t\t\t\t\t\t\t\t\t<img decoding=\"async\" width=\"768\" height=\"1024\" src=\"https:\/\/www.pecsisitter.hu\/wp-content\/uploads\/2024\/04\/pandur-ibolya-768x1024.jpg\" class=\"attachment-large size-large\" alt=\"\" loading=\"lazy\" srcset=\"https:\/\/www.pecsisitter.hu\/wp-content\/uploads\/2024\/04\/pandur-ibolya-768x1024.jpg 768w, https:\/\/www.pecsisitter.hu\/wp-content\/uploads\/2024\/04\/pandur-ibolya-225x300.jpg 225w, https:\/\/www.pecsisitter.hu\/wp-content\/uploads\/2024\/04\/pandur-ibolya-1152x1536.jpg 1152w, https:\/\/www.pecsisitter.hu\/wp-content\/uploads\/2024\/04\/pandur-ibolya-1536x2048.jpg 1536w, https:\/\/www.pecsisitter.hu\/wp-content\/uploads\/2024\/04\/pandur-ibolya-9x12.jpg 9w, https:\/\/www.pecsisitter.hu\/wp-content\/uploads\/2024\/04\/pandur-ibolya-scaled.jpg 1920w\" sizes=\"(max-width: 768px) 100vw, 768px\" \/>\t\t\t\t\t\t\t\t\t\t\t\t\t\t<\/div>\n\t\t\t\t\t\t<\/div>\n\t\t\t\t<\/div>\n\t\t\t\t\t\t<\/div>\n\t\t\t\t\t<\/div>\n\t\t<\/div>\n\t\t\t\t<div class=\"elementor-column elementor-col-50 elementor-top-column elementor-element elementor-element-58d8f132\" data-id=\"58d8f132\" data-element_type=\"column\">\n\t\t\t<div class=\"elementor-column-wrap elementor-element-populated\">\n\t\t\t\t\t\t\t<div class=\"elementor-widget-wrap\">\n\t\t\t\t\t\t<div class=\"elementor-element elementor-element-777fa368 elementor-widget elementor-widget-spacer\" data-id=\"777fa368\" data-element_type=\"widget\" data-widget_type=\"spacer.default\">\n\t\t\t\t<div class=\"elementor-widget-container\">\n\t\t\t\t\t<div class=\"elementor-spacer\">\n\t\t\t<div class=\"elementor-spacer-inner\"><\/div>\n\t\t<\/div>\n\t\t\t\t<\/div>\n\t\t\t\t<\/div>\n\t\t\t\t<div class=\"elementor-element elementor-element-64ac05c4 elementor-widget elementor-widget-heading\" data-id=\"64ac05c4\" data-element_type=\"widget\" data-widget_type=\"heading.default\">\n\t\t\t\t<div class=\"elementor-widget-container\">\n\t\t\t<h2 class=\"elementor-heading-title elementor-size-default\">Csilla<\/h2>\t\t<\/div>\n\t\t\t\t<\/div>\n\t\t\t\t<div class=\"elementor-element elementor-element-48de25b8 elementor-widget elementor-widget-text-editor\" data-id=\"48de25b8\" data-element_type=\"widget\" data-widget_type=\"text-editor.default\">\n\t\t\t\t<div class=\"elementor-widget-container\">\n\t\t\t\t\t\t\t\t<div class=\"elementor-text-editor elementor-clearfix\">\n\t\t\t\t<p><span style=\"color: var( --e-global-color-text ); font-family: var( --e-global-typography-text-font-family ), Sans-serif; font-weight: var( --e-global-typography-text-font-weight ); background-color: initial;\">Pandur Iboly\u00e1nak h\u00edvnak. V\u00e9gzetts\u00e9gem szoci\u00e1lpedag\u00f3gus, valamint csecsem\u0151-\u00e9s kisgyermek gondoz\u00f3. A k\u00f6zszolg\u00e1latban\u00a0<\/span><span style=\"color: var( --e-global-color-text ); font-family: var( --e-global-typography-text-font-family ), Sans-serif; font-weight: var( --e-global-typography-text-font-weight ); background-color: initial;\">t\u00f6lt\u00f6ttem munka\u00e9veimet, 2015 \u00f3ta nyugd\u00edjas vagyok. Szeretem a gyerekeket \u00e9s az id\u0151s embereket is szeretem, tisztelem.\u00a0<\/span><span style=\"color: var( --e-global-color-text ); font-family: var( --e-global-typography-text-font-family ), Sans-serif; font-weight: var( --e-global-typography-text-font-weight ); background-color: initial;\">Munka\u00e9veimet az emberek szolg\u00e1lat\u00e1ban t\u00f6lt\u00f6ttem. A gyermekek szeretete abb\u00f3l ad\u00f3dik, hogy els\u0151sorban anya vagyok,\u00a0<\/span><span style=\"color: var( --e-global-color-text ); font-family: var( --e-global-typography-text-font-family ), Sans-serif; font-weight: var( --e-global-typography-text-font-weight ); background-color: initial;\">valamint dolgoztam b\u00f6lcs\u0151d\u00e9ben, ahol a szeretet m\u00e1r a szakmais\u00e1ggal is p\u00e1rosult.\u00a0<\/span><span style=\"color: var( --e-global-color-text ); font-family: var( --e-global-typography-text-font-family ), Sans-serif; font-weight: var( --e-global-typography-text-font-weight ); background-color: initial;\">Nyugd\u00edjba vonul\u00e1som ut\u00e1n egy gyerekh\u00e1zat vezettem n\u00e9gy \u00e9vig. A gyermekek a sz\u00fcl\u0151vel egy\u00fctt voltak jelen. Minden\u00a0<\/span><span style=\"color: var( --e-global-color-text ); font-family: var( --e-global-typography-text-font-family ), Sans-serif; font-weight: var( --e-global-typography-text-font-weight ); background-color: initial;\">tev\u00e9kenys\u00e9g a gyermek-sz\u00fcl\u0151 kapcsolat\u00e1nak er\u0151s\u00edt\u00e9se volt. A j\u00e1t\u00e9k kiemelt helyen szerepelt az \u00e9let\u00fcnkben.\u00a0<\/span><span style=\"color: var( --e-global-color-text ); font-family: var( --e-global-typography-text-font-family ), Sans-serif; font-weight: var( --e-global-typography-text-font-weight ); background-color: initial;\">Tov\u00e1bbra is szeretn\u00e9m szolg\u00e1lni az embereket, a szeretet egyidej\u0171 k\u00f6zl\u00e9s\u00e9vel.<\/span><\/p><p>\u00a0<\/p><p>\u201eA gyermek lelke tiszta lap.\u00a0<span style=\"color: var( --e-global-color-text ); font-family: var( --e-global-typography-text-font-family ), Sans-serif; font-weight: var( --e-global-typography-text-font-weight ); background-color: initial;\">Gondold meg, mivel \u00edrja tele a k\u00f6nyv,\u00a0<\/span><span style=\"color: var( --e-global-color-text ); font-family: var( --e-global-typography-text-font-family ), Sans-serif; font-weight: var( --e-global-typography-text-font-weight ); background-color: initial;\">amelyet kez\u00e9be adsz.\u201d\u00a0<\/span><span style=\"color: var( --e-global-color-text ); font-family: var( --e-global-typography-text-font-family ), Sans-serif; font-weight: var( --e-global-typography-text-font-weight ); background-color: initial;\">(M\u00f3ricz Zsigmond)<\/span><\/p>\t\t\t\t\t<\/div>\n\t\t\t\t\t\t<\/div>\n\t\t\t\t<\/div>\n\t\t\t\t<div class=\"elementor-element elementor-element-11d43aa4 elementor-align-center elementor-widget elementor-widget-button\" data-id=\"11d43aa4\" data-element_type=\"widget\" data-widget_type=\"button.default\">\n\t\t\t\t<div class=\"elementor-widget-container\">\n\t\t\t\t\t<div class=\"elementor-button-wrapper\">\n\t\t\t<a href=\"https:\/\/www.pecsisitter.hu\/en\/babysitterek\/\" class=\"elementor-button-link elementor-button elementor-size-sm\" role=\"button\">\n\t\t\t\t\t\t<span class=\"elementor-button-content-wrapper\">\n\t\t\t\t\t\t<span class=\"elementor-button-text\">Back to p\u00e9csisitters<\/span>\n\t\t<\/span>\n\t\t\t\t\t<\/a>\n\t\t<\/div>\n\t\t\t\t<\/div>\n\t\t\t\t<\/div>\n\t\t\t\t\t\t<\/div>\n\t\t\t\t\t<\/div>\n\t\t<\/div>\n\t\t\t\t\t\t\t\t<\/div>\n\t\t\t\t\t<\/div>\n\t\t<\/section>\n\t\t\t\t\t\t\t\t\t<\/div>\n\t\t\t<\/div>\n\t\t\t\t\t<\/div>","protected":false},"excerpt":{"rendered":"<p>Csilla Pandur Iboly\u00e1nak h\u00edvnak. V\u00e9gzetts\u00e9gem szoci\u00e1lpedag\u00f3gus, valamint csecsem\u0151-\u00e9s kisgyermek gondoz\u00f3.&hellip;<\/p>\n<p> <a class=\"more-link\" href=\"https:\/\/www.pecsisitter.hu\/en\/bemutatkozas-ibolya\/\">Read more<\/a><\/p>","protected":false},"author":1,"featured_media":0,"parent":0,"menu_order":0,"comment_status":"closed","ping_status":"closed","template":"elementor_header_footer","meta":[],"yoast_head":"<!-- This site is optimized with the Yoast SEO plugin v18.6 - https:\/\/yoast.com\/wordpress\/plugins\/seo\/ -->\n<title>Bemutatkoz\u00e1s Ibolya - P&eacute;csi Sitter<\/title>\n<meta name=\"robots\" content=\"index, follow, max-snippet:-1, max-image-preview:large, max-video-preview:-1\" \/>\n<link rel=\"canonical\" href=\"https:\/\/www.pecsisitter.hu\/en\/bemutatkozas-ibolya\/\" \/>\n<meta property=\"og:locale\" content=\"en_GB\" \/>\n<meta property=\"og:type\" content=\"article\" \/>\n<meta property=\"og:title\" content=\"Bemutatkoz\u00e1s Ibolya - P&eacute;csi Sitter\" \/>\n<meta property=\"og:description\" content=\"Csilla Pandur Iboly\u00e1nak h\u00edvnak. V\u00e9gzetts\u00e9gem szoci\u00e1lpedag\u00f3gus, valamint csecsem\u0151-\u00e9s kisgyermek gondoz\u00f3.&hellip;  Read more\" \/>\n<meta property=\"og:url\" content=\"https:\/\/www.pecsisitter.hu\/en\/bemutatkozas-ibolya\/\" \/>\n<meta property=\"og:site_name\" content=\"P&eacute;csi Sitter\" \/>\n<meta property=\"article:publisher\" content=\"https:\/\/www.facebook.com\/pecsisitter\" \/>\n<meta property=\"article:modified_time\" content=\"2024-04-09T16:51:08+00:00\" \/>\n<meta property=\"og:image\" content=\"https:\/\/www.pecsisitter.hu\/wp-content\/uploads\/2024\/04\/pandur-ibolya-768x1024.jpg\" \/>\n<meta name=\"twitter:card\" content=\"summary_large_image\" \/>\n<meta name=\"twitter:label1\" content=\"Estimated reading time\" \/>\n\t<meta name=\"twitter:data1\" content=\"1 minute\" \/>\n<script type=\"application\/ld+json\" class=\"yoast-schema-graph\">{\"@context\":\"https:\/\/schema.org\",\"@graph\":[{\"@type\":\"Organization\",\"@id\":\"https:\/\/www.pecsisitter.hu\/hu\/#organization\",\"name\":\"P\u00e9csiSitter\",\"url\":\"https:\/\/www.pecsisitter.hu\/hu\/\",\"sameAs\":[\"https:\/\/www.facebook.com\/pecsisitter\",\"https:\/\/www.instagram.com\/pecsisitter\"],\"logo\":{\"@type\":\"ImageObject\",\"@id\":\"https:\/\/www.pecsisitter.hu\/hu\/#logo\",\"inLanguage\":\"en-GB\",\"url\":\"https:\/\/www.pecsisitter.hu\/wp-content\/uploads\/2020\/10\/PS-logo-icon.jpg\",\"contentUrl\":\"https:\/\/www.pecsisitter.hu\/wp-content\/uploads\/2020\/10\/PS-logo-icon.jpg\",\"width\":997,\"height\":997,\"caption\":\"P\u00e9csiSitter\"},\"image\":{\"@id\":\"https:\/\/www.pecsisitter.hu\/hu\/#logo\"}},{\"@type\":\"WebSite\",\"@id\":\"https:\/\/www.pecsisitter.hu\/hu\/#website\",\"url\":\"https:\/\/www.pecsisitter.hu\/hu\/\",\"name\":\"P\u00e9csi Sitter\",\"description\":\"P&eacute;cs b&eacute;biszitter &eacute;s id\u0151sgondoz&aacute;s\",\"publisher\":{\"@id\":\"https:\/\/www.pecsisitter.hu\/hu\/#organization\"},\"potentialAction\":[{\"@type\":\"SearchAction\",\"target\":{\"@type\":\"EntryPoint\",\"urlTemplate\":\"https:\/\/www.pecsisitter.hu\/hu\/?s={search_term_string}\"},\"query-input\":\"required name=search_term_string\"}],\"inLanguage\":\"en-GB\"},{\"@type\":\"ImageObject\",\"@id\":\"https:\/\/www.pecsisitter.hu\/bemutatkozas-ibolya\/#primaryimage\",\"inLanguage\":\"en-GB\",\"url\":\"https:\/\/www.pecsisitter.hu\/wp-content\/uploads\/2024\/04\/pandur-ibolya-scaled.jpg\",\"contentUrl\":\"https:\/\/www.pecsisitter.hu\/wp-content\/uploads\/2024\/04\/pandur-ibolya-scaled.jpg\",\"width\":1920,\"height\":2560},{\"@type\":\"WebPage\",\"@id\":\"https:\/\/www.pecsisitter.hu\/bemutatkozas-ibolya\/#webpage\",\"url\":\"https:\/\/www.pecsisitter.hu\/bemutatkozas-ibolya\/\",\"name\":\"Bemutatkoz\u00e1s Ibolya - P&eacute;csi Sitter\",\"isPartOf\":{\"@id\":\"https:\/\/www.pecsisitter.hu\/hu\/#website\"},\"primaryImageOfPage\":{\"@id\":\"https:\/\/www.pecsisitter.hu\/bemutatkozas-ibolya\/#primaryimage\"},\"datePublished\":\"2023-02-15T13:58:14+00:00\",\"dateModified\":\"2024-04-09T16:51:08+00:00\",\"breadcrumb\":{\"@id\":\"https:\/\/www.pecsisitter.hu\/bemutatkozas-ibolya\/#breadcrumb\"},\"inLanguage\":\"en-GB\",\"potentialAction\":[{\"@type\":\"ReadAction\",\"target\":[\"https:\/\/www.pecsisitter.hu\/bemutatkozas-ibolya\/\"]}]},{\"@type\":\"BreadcrumbList\",\"@id\":\"https:\/\/www.pecsisitter.hu\/bemutatkozas-ibolya\/#breadcrumb\",\"itemListElement\":[{\"@type\":\"ListItem\",\"position\":1,\"name\":\"Kezd\u0151lap\",\"item\":\"https:\/\/www.pecsisitter.hu\/hu\/\"},{\"@type\":\"ListItem\",\"position\":2,\"name\":\"Bemutatkoz\u00e1s Ibolya\"}]}]}<\/script>\n<!-- \/ Yoast SEO plugin. -->","yoast_head_json":{"title":"Bemutatkoz\u00e1s Ibolya - P&eacute;csi Sitter","robots":{"index":"index","follow":"follow","max-snippet":"max-snippet:-1","max-image-preview":"max-image-preview:large","max-video-preview":"max-video-preview:-1"},"canonical":"https:\/\/www.pecsisitter.hu\/en\/bemutatkozas-ibolya\/","og_locale":"en_GB","og_type":"article","og_title":"Bemutatkoz\u00e1s Ibolya - P&eacute;csi Sitter","og_description":"Csilla Pandur Iboly\u00e1nak h\u00edvnak. V\u00e9gzetts\u00e9gem szoci\u00e1lpedag\u00f3gus, valamint csecsem\u0151-\u00e9s kisgyermek gondoz\u00f3.&hellip;  Read more","og_url":"https:\/\/www.pecsisitter.hu\/en\/bemutatkozas-ibolya\/","og_site_name":"P&eacute;csi Sitter","article_publisher":"https:\/\/www.facebook.com\/pecsisitter","article_modified_time":"2024-04-09T16:51:08+00:00","og_image":[{"url":"https:\/\/www.pecsisitter.hu\/wp-content\/uploads\/2024\/04\/pandur-ibolya-768x1024.jpg"}],"twitter_card":"summary_large_image","twitter_misc":{"Estimated reading time":"1 minute"},"schema":{"@context":"https:\/\/schema.org","@graph":[{"@type":"Organization","@id":"https:\/\/www.pecsisitter.hu\/hu\/#organization","name":"P\u00e9csiSitter","url":"https:\/\/www.pecsisitter.hu\/hu\/","sameAs":["https:\/\/www.facebook.com\/pecsisitter","https:\/\/www.instagram.com\/pecsisitter"],"logo":{"@type":"ImageObject","@id":"https:\/\/www.pecsisitter.hu\/hu\/#logo","inLanguage":"en-GB","url":"https:\/\/www.pecsisitter.hu\/wp-content\/uploads\/2020\/10\/PS-logo-icon.jpg","contentUrl":"https:\/\/www.pecsisitter.hu\/wp-content\/uploads\/2020\/10\/PS-logo-icon.jpg","width":997,"height":997,"caption":"P\u00e9csiSitter"},"image":{"@id":"https:\/\/www.pecsisitter.hu\/hu\/#logo"}},{"@type":"WebSite","@id":"https:\/\/www.pecsisitter.hu\/hu\/#website","url":"https:\/\/www.pecsisitter.hu\/hu\/","name":"P\u00e9csi Sitter","description":"P&eacute;cs b&eacute;biszitter &eacute;s id\u0151sgondoz&aacute;s","publisher":{"@id":"https:\/\/www.pecsisitter.hu\/hu\/#organization"},"potentialAction":[{"@type":"SearchAction","target":{"@type":"EntryPoint","urlTemplate":"https:\/\/www.pecsisitter.hu\/hu\/?s={search_term_string}"},"query-input":"required name=search_term_string"}],"inLanguage":"en-GB"},{"@type":"ImageObject","@id":"https:\/\/www.pecsisitter.hu\/bemutatkozas-ibolya\/#primaryimage","inLanguage":"en-GB","url":"https:\/\/www.pecsisitter.hu\/wp-content\/uploads\/2024\/04\/pandur-ibolya-scaled.jpg","contentUrl":"https:\/\/www.pecsisitter.hu\/wp-content\/uploads\/2024\/04\/pandur-ibolya-scaled.jpg","width":1920,"height":2560},{"@type":"WebPage","@id":"https:\/\/www.pecsisitter.hu\/bemutatkozas-ibolya\/#webpage","url":"https:\/\/www.pecsisitter.hu\/bemutatkozas-ibolya\/","name":"Bemutatkoz\u00e1s Ibolya - P&eacute;csi Sitter","isPartOf":{"@id":"https:\/\/www.pecsisitter.hu\/hu\/#website"},"primaryImageOfPage":{"@id":"https:\/\/www.pecsisitter.hu\/bemutatkozas-ibolya\/#primaryimage"},"datePublished":"2023-02-15T13:58:14+00:00","dateModified":"2024-04-09T16:51:08+00:00","breadcrumb":{"@id":"https:\/\/www.pecsisitter.hu\/bemutatkozas-ibolya\/#breadcrumb"},"inLanguage":"en-GB","potentialAction":[{"@type":"ReadAction","target":["https:\/\/www.pecsisitter.hu\/bemutatkozas-ibolya\/"]}]},{"@type":"BreadcrumbList","@id":"https:\/\/www.pecsisitter.hu\/bemutatkozas-ibolya\/#breadcrumb","itemListElement":[{"@type":"ListItem","position":1,"name":"Kezd\u0151lap","item":"https:\/\/www.pecsisitter.hu\/hu\/"},{"@type":"ListItem","position":2,"name":"Bemutatkoz\u00e1s Ibolya"}]}]}},"_links":{"self":[{"href":"https:\/\/www.pecsisitter.hu\/en\/wp-json\/wp\/v2\/pages\/15751"}],"collection":[{"href":"https:\/\/www.pecsisitter.hu\/en\/wp-json\/wp\/v2\/pages"}],"about":[{"href":"https:\/\/www.pecsisitter.hu\/en\/wp-json\/wp\/v2\/types\/page"}],"author":[{"embeddable":true,"href":"https:\/\/www.pecsisitter.hu\/en\/wp-json\/wp\/v2\/users\/1"}],"replies":[{"embeddable":true,"href":"https:\/\/www.pecsisitter.hu\/en\/wp-json\/wp\/v2\/comments?post=15751"}],"version-history":[{"count":12,"href":"https:\/\/www.pecsisitter.hu\/en\/wp-json\/wp\/v2\/pages\/15751\/revisions"}],"predecessor-version":[{"id":16046,"href":"https:\/\/www.pecsisitter.hu\/en\/wp-json\/wp\/v2\/pages\/15751\/revisions\/16046"}],"wp:attachment":[{"href":"https:\/\/www.pecsisitter.hu\/en\/wp-json\/wp\/v2\/media?parent=15751"}],"curies":[{"name":"wp","href":"https:\/\/api.w.org\/{rel}","templated":true}]}}