{"id":15397,"date":"2022-06-21T17:22:25","date_gmt":"2022-06-21T15:22:25","guid":{"rendered":"https:\/\/www.pecsisitter.hu\/?page_id=15397"},"modified":"2022-07-06T20:51:43","modified_gmt":"2022-07-06T18:51:43","slug":"bemutatkozas-sara","status":"publish","type":"page","link":"https:\/\/www.pecsisitter.hu\/en\/bemutatkozas-sara\/","title":{"rendered":"Bemutatkoz\u00e1s S\u00e1ra"},"content":{"rendered":"<div data-elementor-type=\"wp-page\" data-elementor-id=\"15397\" class=\"elementor elementor-15397\">\n\t\t\t\t\t\t<div class=\"elementor-inner\">\n\t\t\t\t<div class=\"elementor-section-wrap\">\n\t\t\t\t\t\t\t\t\t<section class=\"elementor-section elementor-top-section elementor-element elementor-element-453b0c28 elementor-section-boxed elementor-section-height-default elementor-section-height-default\" data-id=\"453b0c28\" data-element_type=\"section\">\n\t\t\t\t\t\t<div class=\"elementor-container elementor-column-gap-default\">\n\t\t\t\t\t\t\t<div class=\"elementor-row\">\n\t\t\t\t\t<div class=\"elementor-column elementor-col-100 elementor-top-column elementor-element elementor-element-4c0eb2ab\" data-id=\"4c0eb2ab\" data-element_type=\"column\">\n\t\t\t<div class=\"elementor-column-wrap\">\n\t\t\t\t\t\t\t<div class=\"elementor-widget-wrap\">\n\t\t\t\t\t\t\t\t<\/div>\n\t\t\t\t\t<\/div>\n\t\t<\/div>\n\t\t\t\t\t\t\t\t<\/div>\n\t\t\t\t\t<\/div>\n\t\t<\/section>\n\t\t\t\t<section class=\"elementor-section elementor-top-section elementor-element elementor-element-1e9e467 elementor-section-boxed elementor-section-height-default elementor-section-height-default\" data-id=\"1e9e467\" data-element_type=\"section\" data-settings=\"{&quot;background_background&quot;:&quot;video&quot;,&quot;background_video_link&quot;:&quot;https:\\\/\\\/www.youtube.com\\\/watch?v=xqjDrZJwk4E&amp;ab_channel=CKFreeVideoTemplates&quot;}\">\n\t\t\t\t\t\t\t\t<div class=\"elementor-background-video-container elementor-hidden-phone\">\n\t\t\t\t\t\t\t\t\t\t\t\t\t<div class=\"elementor-background-video-embed\"><\/div>\n\t\t\t\t\t\t\t\t\t\t\t\t<\/div>\n\t\t\t\t\t\t\t\t<div class=\"elementor-container elementor-column-gap-default\">\n\t\t\t\t\t\t\t<div class=\"elementor-row\">\n\t\t\t\t\t<div class=\"elementor-column elementor-col-50 elementor-top-column elementor-element elementor-element-5d5c5209\" data-id=\"5d5c5209\" data-element_type=\"column\">\n\t\t\t<div class=\"elementor-column-wrap elementor-element-populated\">\n\t\t\t\t\t\t\t<div class=\"elementor-widget-wrap\">\n\t\t\t\t\t\t<div class=\"elementor-element elementor-element-84a9ef1 elementor-widget elementor-widget-image\" data-id=\"84a9ef1\" data-element_type=\"widget\" data-widget_type=\"image.default\">\n\t\t\t\t<div class=\"elementor-widget-container\">\n\t\t\t\t\t\t\t\t<div class=\"elementor-image\">\n\t\t\t\t\t\t\t\t\t\t\t\t<img decoding=\"async\" width=\"768\" height=\"1024\" src=\"https:\/\/www.pecsisitter.hu\/wp-content\/uploads\/2022\/07\/IMG_1299-768x1024.jpg\" class=\"attachment-large size-large\" alt=\"\" loading=\"lazy\" srcset=\"https:\/\/www.pecsisitter.hu\/wp-content\/uploads\/2022\/07\/IMG_1299-768x1024.jpg 768w, https:\/\/www.pecsisitter.hu\/wp-content\/uploads\/2022\/07\/IMG_1299-225x300.jpg 225w, https:\/\/www.pecsisitter.hu\/wp-content\/uploads\/2022\/07\/IMG_1299-1152x1536.jpg 1152w, https:\/\/www.pecsisitter.hu\/wp-content\/uploads\/2022\/07\/IMG_1299-1536x2048.jpg 1536w, https:\/\/www.pecsisitter.hu\/wp-content\/uploads\/2022\/07\/IMG_1299-9x12.jpg 9w, https:\/\/www.pecsisitter.hu\/wp-content\/uploads\/2022\/07\/IMG_1299-scaled.jpg 1920w\" sizes=\"(max-width: 768px) 100vw, 768px\" \/>\t\t\t\t\t\t\t\t\t\t\t\t\t\t<\/div>\n\t\t\t\t\t\t<\/div>\n\t\t\t\t<\/div>\n\t\t\t\t\t\t<\/div>\n\t\t\t\t\t<\/div>\n\t\t<\/div>\n\t\t\t\t<div class=\"elementor-column elementor-col-50 elementor-top-column elementor-element elementor-element-58d8f132\" data-id=\"58d8f132\" data-element_type=\"column\">\n\t\t\t<div class=\"elementor-column-wrap elementor-element-populated\">\n\t\t\t\t\t\t\t<div class=\"elementor-widget-wrap\">\n\t\t\t\t\t\t<div class=\"elementor-element elementor-element-777fa368 elementor-widget elementor-widget-spacer\" data-id=\"777fa368\" data-element_type=\"widget\" data-widget_type=\"spacer.default\">\n\t\t\t\t<div class=\"elementor-widget-container\">\n\t\t\t\t\t<div class=\"elementor-spacer\">\n\t\t\t<div class=\"elementor-spacer-inner\"><\/div>\n\t\t<\/div>\n\t\t\t\t<\/div>\n\t\t\t\t<\/div>\n\t\t\t\t<div class=\"elementor-element elementor-element-64ac05c4 elementor-widget elementor-widget-heading\" data-id=\"64ac05c4\" data-element_type=\"widget\" data-widget_type=\"heading.default\">\n\t\t\t\t<div class=\"elementor-widget-container\">\n\t\t\t<h2 class=\"elementor-heading-title elementor-size-default\">S\u00e1ra<\/h2>\t\t<\/div>\n\t\t\t\t<\/div>\n\t\t\t\t<div class=\"elementor-element elementor-element-48de25b8 elementor-widget elementor-widget-text-editor\" data-id=\"48de25b8\" data-element_type=\"widget\" data-widget_type=\"text-editor.default\">\n\t\t\t\t<div class=\"elementor-widget-container\">\n\t\t\t\t\t\t\t\t<div class=\"elementor-text-editor elementor-clearfix\">\n\t\t\t\t<p>S\u00e1ri vagyok, 24 \u00e9ves.\u00a0<span style=\"color: var( --e-global-color-text ); font-family: var( --e-global-typography-text-font-family ), Sans-serif; font-weight: var( --e-global-typography-text-font-weight ); background-color: initial;\">2019-ben csecsem\u0151- \u00e9s kisgyermeknevel\u0151k\u00e9nt v\u00e9geztem (BA, nappali k\u00e9pz\u00e9sen) Sopronban, majd a gy\u00f3gypedag\u00f3gia fel\u00e9 vettem az ir\u00e1nyt, \u00edgy jelenleg az ELTE gy\u00f3gypedag\u00f3gia szakos, pszichopedag\u00f3gia szakir\u00e1nyos v\u00e9gz\u0151s hallgat\u00f3ja vagyok. Mindemellett 2021-ben elv\u00e9geztem egy Nemzetk\u00f6zi Okleveles Csecsem\u0151massz\u00e1s oktat\u00f3i k\u00e9pz\u00e9st is. F\u0151\u00e1ll\u00e1sban a k\u00e9s\u0151bbiekben a gy\u00f3gypedag\u00f3gia ter\u00fclet\u00e9n szeretn\u00e9k elhelyezkedni.<\/span><\/p><p>Eg\u00e9szen kicsi korom \u00f3ta hum\u00e1n be\u00e1ll\u00edtotts\u00e1g\u00fanak vallom magam, illetve mindig is szerettem emberek k\u00f6z\u00f6tt lenni, tov\u00e1bb\u00e1 ott seg\u00edteni, ahol csak tudok. Ebben a kor\u00e1bbi \u00e9vekben v\u00e9gzett id\u00e9nyjelleg\u0171 munk\u00e1m is meger\u0151s\u00edtett, melyet v\u00e9gig gyerekek k\u00f6z\u00f6tt t\u00f6lt\u00f6ttem: egy csal\u00e1dbar\u00e1t sz\u00e1llod\u00e1ban anim\u00e1tork\u00e9nt dolgoztam, ahol a csal\u00e1di- \u00e9s gyermekprogramok el\u0151k\u00e9sz\u00edt\u00e9s\u00e9n, lebonyol\u00edt\u00e1s\u00e1n t\u00fal gyermekfel\u00fcgyelettel is foglalatoskodtam (eg\u00e9szen 1 \u00e9ves kort\u00f3l \u201ea v\u00e9gtelenbe \u00e9s tov\u00e1bb\u201d :D). \u00a0\u00a0\u00a0<br \/>\u00d6nmagamat vid\u00e1m \u00e9s gyermekcentrikus szem\u00e9lyis\u00e9gnek; t\u00fcrelmes, empatikus \u00e9s kitart\u00f3 embernek tartom, ugyanakkor a csapatmunka sincs ellenemre. Tov\u00e1bb\u00e1 szeretem a kih\u00edv\u00e1sokat is. Szabadid\u0151mben sz\u00edvesen kir\u00e1ndulok, kert\u00e9szkedem, olvasok \u00e9s kreat\u00edvkodom.&#8221;<\/p><p>\u00dcdv\u00f6zlettel: Bert\u00f3k S\u00e1ra<\/p>\t\t\t\t\t<\/div>\n\t\t\t\t\t\t<\/div>\n\t\t\t\t<\/div>\n\t\t\t\t<div class=\"elementor-element elementor-element-8a62236 elementor-aspect-ratio-169 elementor-widget elementor-widget-video\" data-id=\"8a62236\" data-element_type=\"widget\" data-settings=\"{&quot;youtube_url&quot;:&quot;https:\\\/\\\/www.youtube.com\\\/watch?v=XHOmBV4js_E&quot;,&quot;video_type&quot;:&quot;youtube&quot;,&quot;controls&quot;:&quot;yes&quot;,&quot;aspect_ratio&quot;:&quot;169&quot;}\" data-widget_type=\"video.default\">\n\t\t\t\t<div class=\"elementor-widget-container\">\n\t\t\t\t\t<div class=\"elementor-wrapper elementor-fit-aspect-ratio elementor-open-inline\">\n\t\t\t<div class=\"elementor-video\"><\/div>\t\t<\/div>\n\t\t\t\t<\/div>\n\t\t\t\t<\/div>\n\t\t\t\t<div class=\"elementor-element elementor-element-11d43aa4 elementor-align-center elementor-widget elementor-widget-button\" data-id=\"11d43aa4\" data-element_type=\"widget\" data-widget_type=\"button.default\">\n\t\t\t\t<div class=\"elementor-widget-container\">\n\t\t\t\t\t<div class=\"elementor-button-wrapper\">\n\t\t\t<a href=\"https:\/\/www.pecsisitter.hu\/en\/babysitterek\/\" class=\"elementor-button-link elementor-button elementor-size-sm\" role=\"button\">\n\t\t\t\t\t\t<span class=\"elementor-button-content-wrapper\">\n\t\t\t\t\t\t<span class=\"elementor-button-text\">Back to p\u00e9csisitters<\/span>\n\t\t<\/span>\n\t\t\t\t\t<\/a>\n\t\t<\/div>\n\t\t\t\t<\/div>\n\t\t\t\t<\/div>\n\t\t\t\t\t\t<\/div>\n\t\t\t\t\t<\/div>\n\t\t<\/div>\n\t\t\t\t\t\t\t\t<\/div>\n\t\t\t\t\t<\/div>\n\t\t<\/section>\n\t\t\t\t\t\t\t\t\t<\/div>\n\t\t\t<\/div>\n\t\t\t\t\t<\/div>","protected":false},"excerpt":{"rendered":"<p>S\u00e1ra S\u00e1ri vagyok, 24 \u00e9ves.\u00a02019-ben csecsem\u0151- \u00e9s kisgyermeknevel\u0151k\u00e9nt v\u00e9geztem (BA,&hellip;<\/p>\n<p> <a class=\"more-link\" href=\"https:\/\/www.pecsisitter.hu\/en\/bemutatkozas-sara\/\">Read more<\/a><\/p>","protected":false},"author":1,"featured_media":0,"parent":0,"menu_order":0,"comment_status":"closed","ping_status":"closed","template":"elementor_header_footer","meta":[],"yoast_head":"<!-- This site is optimized with the Yoast SEO plugin v18.6 - https:\/\/yoast.com\/wordpress\/plugins\/seo\/ -->\n<title>Bemutatkoz\u00e1s S\u00e1ra - P&eacute;csi Sitter<\/title>\n<meta name=\"robots\" content=\"index, follow, max-snippet:-1, max-image-preview:large, max-video-preview:-1\" \/>\n<link rel=\"canonical\" href=\"https:\/\/www.pecsisitter.hu\/en\/bemutatkozas-sara\/\" \/>\n<meta property=\"og:locale\" content=\"en_GB\" \/>\n<meta property=\"og:type\" content=\"article\" \/>\n<meta property=\"og:title\" content=\"Bemutatkoz\u00e1s S\u00e1ra - P&eacute;csi Sitter\" \/>\n<meta property=\"og:description\" content=\"S\u00e1ra S\u00e1ri vagyok, 24 \u00e9ves.\u00a02019-ben csecsem\u0151- \u00e9s kisgyermeknevel\u0151k\u00e9nt v\u00e9geztem (BA,&hellip;  Read more\" \/>\n<meta property=\"og:url\" content=\"https:\/\/www.pecsisitter.hu\/en\/bemutatkozas-sara\/\" \/>\n<meta property=\"og:site_name\" content=\"P&eacute;csi Sitter\" \/>\n<meta property=\"article:publisher\" content=\"https:\/\/www.facebook.com\/pecsisitter\" \/>\n<meta property=\"article:modified_time\" content=\"2022-07-06T18:51:43+00:00\" \/>\n<meta property=\"og:image\" content=\"https:\/\/www.pecsisitter.hu\/wp-content\/uploads\/2022\/07\/IMG_1299-768x1024.jpg\" \/>\n<meta name=\"twitter:card\" content=\"summary_large_image\" \/>\n<meta name=\"twitter:label1\" content=\"Estimated reading time\" \/>\n\t<meta name=\"twitter:data1\" content=\"1 minute\" \/>\n<script type=\"application\/ld+json\" class=\"yoast-schema-graph\">{\"@context\":\"https:\/\/schema.org\",\"@graph\":[{\"@type\":\"Organization\",\"@id\":\"https:\/\/www.pecsisitter.hu\/hu\/#organization\",\"name\":\"P\u00e9csiSitter\",\"url\":\"https:\/\/www.pecsisitter.hu\/hu\/\",\"sameAs\":[\"https:\/\/www.facebook.com\/pecsisitter\",\"https:\/\/www.instagram.com\/pecsisitter\"],\"logo\":{\"@type\":\"ImageObject\",\"@id\":\"https:\/\/www.pecsisitter.hu\/hu\/#logo\",\"inLanguage\":\"en-GB\",\"url\":\"https:\/\/www.pecsisitter.hu\/wp-content\/uploads\/2020\/10\/PS-logo-icon.jpg\",\"contentUrl\":\"https:\/\/www.pecsisitter.hu\/wp-content\/uploads\/2020\/10\/PS-logo-icon.jpg\",\"width\":997,\"height\":997,\"caption\":\"P\u00e9csiSitter\"},\"image\":{\"@id\":\"https:\/\/www.pecsisitter.hu\/hu\/#logo\"}},{\"@type\":\"WebSite\",\"@id\":\"https:\/\/www.pecsisitter.hu\/hu\/#website\",\"url\":\"https:\/\/www.pecsisitter.hu\/hu\/\",\"name\":\"P\u00e9csi Sitter\",\"description\":\"P&eacute;cs b&eacute;biszitter &eacute;s id\u0151sgondoz&aacute;s\",\"publisher\":{\"@id\":\"https:\/\/www.pecsisitter.hu\/hu\/#organization\"},\"potentialAction\":[{\"@type\":\"SearchAction\",\"target\":{\"@type\":\"EntryPoint\",\"urlTemplate\":\"https:\/\/www.pecsisitter.hu\/hu\/?s={search_term_string}\"},\"query-input\":\"required name=search_term_string\"}],\"inLanguage\":\"en-GB\"},{\"@type\":\"ImageObject\",\"@id\":\"https:\/\/www.pecsisitter.hu\/hu\/bemutatkozas-sara\/#primaryimage\",\"inLanguage\":\"en-GB\",\"url\":\"https:\/\/www.pecsisitter.hu\/wp-content\/uploads\/2022\/07\/IMG_1299-768x1024.jpg\",\"contentUrl\":\"https:\/\/www.pecsisitter.hu\/wp-content\/uploads\/2022\/07\/IMG_1299-768x1024.jpg\"},{\"@type\":\"WebPage\",\"@id\":\"https:\/\/www.pecsisitter.hu\/hu\/bemutatkozas-sara\/#webpage\",\"url\":\"https:\/\/www.pecsisitter.hu\/hu\/bemutatkozas-sara\/\",\"name\":\"Bemutatkoz\u00e1s S\u00e1ra - P&eacute;csi Sitter\",\"isPartOf\":{\"@id\":\"https:\/\/www.pecsisitter.hu\/hu\/#website\"},\"primaryImageOfPage\":{\"@id\":\"https:\/\/www.pecsisitter.hu\/hu\/bemutatkozas-sara\/#primaryimage\"},\"datePublished\":\"2022-06-21T15:22:25+00:00\",\"dateModified\":\"2022-07-06T18:51:43+00:00\",\"breadcrumb\":{\"@id\":\"https:\/\/www.pecsisitter.hu\/hu\/bemutatkozas-sara\/#breadcrumb\"},\"inLanguage\":\"en-GB\",\"potentialAction\":[{\"@type\":\"ReadAction\",\"target\":[\"https:\/\/www.pecsisitter.hu\/hu\/bemutatkozas-sara\/\"]}]},{\"@type\":\"BreadcrumbList\",\"@id\":\"https:\/\/www.pecsisitter.hu\/hu\/bemutatkozas-sara\/#breadcrumb\",\"itemListElement\":[{\"@type\":\"ListItem\",\"position\":1,\"name\":\"Kezd\u0151lap\",\"item\":\"https:\/\/www.pecsisitter.hu\/hu\/\"},{\"@type\":\"ListItem\",\"position\":2,\"name\":\"Bemutatkoz\u00e1s S\u00e1ra\"}]}]}<\/script>\n<!-- \/ Yoast SEO plugin. -->","yoast_head_json":{"title":"Bemutatkoz\u00e1s S\u00e1ra - P&eacute;csi Sitter","robots":{"index":"index","follow":"follow","max-snippet":"max-snippet:-1","max-image-preview":"max-image-preview:large","max-video-preview":"max-video-preview:-1"},"canonical":"https:\/\/www.pecsisitter.hu\/en\/bemutatkozas-sara\/","og_locale":"en_GB","og_type":"article","og_title":"Bemutatkoz\u00e1s S\u00e1ra - P&eacute;csi Sitter","og_description":"S\u00e1ra S\u00e1ri vagyok, 24 \u00e9ves.\u00a02019-ben csecsem\u0151- \u00e9s kisgyermeknevel\u0151k\u00e9nt v\u00e9geztem (BA,&hellip;  Read more","og_url":"https:\/\/www.pecsisitter.hu\/en\/bemutatkozas-sara\/","og_site_name":"P&eacute;csi Sitter","article_publisher":"https:\/\/www.facebook.com\/pecsisitter","article_modified_time":"2022-07-06T18:51:43+00:00","og_image":[{"url":"https:\/\/www.pecsisitter.hu\/wp-content\/uploads\/2022\/07\/IMG_1299-768x1024.jpg"}],"twitter_card":"summary_large_image","twitter_misc":{"Estimated reading time":"1 minute"},"schema":{"@context":"https:\/\/schema.org","@graph":[{"@type":"Organization","@id":"https:\/\/www.pecsisitter.hu\/hu\/#organization","name":"P\u00e9csiSitter","url":"https:\/\/www.pecsisitter.hu\/hu\/","sameAs":["https:\/\/www.facebook.com\/pecsisitter","https:\/\/www.instagram.com\/pecsisitter"],"logo":{"@type":"ImageObject","@id":"https:\/\/www.pecsisitter.hu\/hu\/#logo","inLanguage":"en-GB","url":"https:\/\/www.pecsisitter.hu\/wp-content\/uploads\/2020\/10\/PS-logo-icon.jpg","contentUrl":"https:\/\/www.pecsisitter.hu\/wp-content\/uploads\/2020\/10\/PS-logo-icon.jpg","width":997,"height":997,"caption":"P\u00e9csiSitter"},"image":{"@id":"https:\/\/www.pecsisitter.hu\/hu\/#logo"}},{"@type":"WebSite","@id":"https:\/\/www.pecsisitter.hu\/hu\/#website","url":"https:\/\/www.pecsisitter.hu\/hu\/","name":"P\u00e9csi Sitter","description":"P&eacute;cs b&eacute;biszitter &eacute;s id\u0151sgondoz&aacute;s","publisher":{"@id":"https:\/\/www.pecsisitter.hu\/hu\/#organization"},"potentialAction":[{"@type":"SearchAction","target":{"@type":"EntryPoint","urlTemplate":"https:\/\/www.pecsisitter.hu\/hu\/?s={search_term_string}"},"query-input":"required name=search_term_string"}],"inLanguage":"en-GB"},{"@type":"ImageObject","@id":"https:\/\/www.pecsisitter.hu\/hu\/bemutatkozas-sara\/#primaryimage","inLanguage":"en-GB","url":"https:\/\/www.pecsisitter.hu\/wp-content\/uploads\/2022\/07\/IMG_1299-768x1024.jpg","contentUrl":"https:\/\/www.pecsisitter.hu\/wp-content\/uploads\/2022\/07\/IMG_1299-768x1024.jpg"},{"@type":"WebPage","@id":"https:\/\/www.pecsisitter.hu\/hu\/bemutatkozas-sara\/#webpage","url":"https:\/\/www.pecsisitter.hu\/hu\/bemutatkozas-sara\/","name":"Bemutatkoz\u00e1s S\u00e1ra - P&eacute;csi Sitter","isPartOf":{"@id":"https:\/\/www.pecsisitter.hu\/hu\/#website"},"primaryImageOfPage":{"@id":"https:\/\/www.pecsisitter.hu\/hu\/bemutatkozas-sara\/#primaryimage"},"datePublished":"2022-06-21T15:22:25+00:00","dateModified":"2022-07-06T18:51:43+00:00","breadcrumb":{"@id":"https:\/\/www.pecsisitter.hu\/hu\/bemutatkozas-sara\/#breadcrumb"},"inLanguage":"en-GB","potentialAction":[{"@type":"ReadAction","target":["https:\/\/www.pecsisitter.hu\/hu\/bemutatkozas-sara\/"]}]},{"@type":"BreadcrumbList","@id":"https:\/\/www.pecsisitter.hu\/hu\/bemutatkozas-sara\/#breadcrumb","itemListElement":[{"@type":"ListItem","position":1,"name":"Kezd\u0151lap","item":"https:\/\/www.pecsisitter.hu\/hu\/"},{"@type":"ListItem","position":2,"name":"Bemutatkoz\u00e1s S\u00e1ra"}]}]}},"_links":{"self":[{"href":"https:\/\/www.pecsisitter.hu\/en\/wp-json\/wp\/v2\/pages\/15397"}],"collection":[{"href":"https:\/\/www.pecsisitter.hu\/en\/wp-json\/wp\/v2\/pages"}],"about":[{"href":"https:\/\/www.pecsisitter.hu\/en\/wp-json\/wp\/v2\/types\/page"}],"author":[{"embeddable":true,"href":"https:\/\/www.pecsisitter.hu\/en\/wp-json\/wp\/v2\/users\/1"}],"replies":[{"embeddable":true,"href":"https:\/\/www.pecsisitter.hu\/en\/wp-json\/wp\/v2\/comments?post=15397"}],"version-history":[{"count":10,"href":"https:\/\/www.pecsisitter.hu\/en\/wp-json\/wp\/v2\/pages\/15397\/revisions"}],"predecessor-version":[{"id":15487,"href":"https:\/\/www.pecsisitter.hu\/en\/wp-json\/wp\/v2\/pages\/15397\/revisions\/15487"}],"wp:attachment":[{"href":"https:\/\/www.pecsisitter.hu\/en\/wp-json\/wp\/v2\/media?parent=15397"}],"curies":[{"name":"wp","href":"https:\/\/api.w.org\/{rel}","templated":true}]}}