{"id":13773,"date":"2020-12-22T19:49:09","date_gmt":"2020-12-22T18:49:09","guid":{"rendered":"https:\/\/www.pecsisitter.hu\/?page_id=13773"},"modified":"2022-09-20T21:15:41","modified_gmt":"2022-09-20T19:15:41","slug":"bemutatkozasok-zita","status":"publish","type":"page","link":"https:\/\/www.pecsisitter.hu\/en\/bemutatkozasok-zita\/","title":{"rendered":"Bemutatkoz\u00e1sok Zita"},"content":{"rendered":"<div data-elementor-type=\"wp-page\" data-elementor-id=\"13773\" class=\"elementor elementor-13773\">\n\t\t\t\t\t\t<div class=\"elementor-inner\">\n\t\t\t\t<div class=\"elementor-section-wrap\">\n\t\t\t\t\t\t\t\t\t<section class=\"elementor-section elementor-top-section elementor-element elementor-element-65874551 elementor-section-boxed elementor-section-height-default elementor-section-height-default\" data-id=\"65874551\" data-element_type=\"section\">\n\t\t\t\t\t\t<div class=\"elementor-container elementor-column-gap-default\">\n\t\t\t\t\t\t\t<div class=\"elementor-row\">\n\t\t\t\t\t<div class=\"elementor-column elementor-col-100 elementor-top-column elementor-element elementor-element-72727972\" data-id=\"72727972\" data-element_type=\"column\">\n\t\t\t<div class=\"elementor-column-wrap\">\n\t\t\t\t\t\t\t<div class=\"elementor-widget-wrap\">\n\t\t\t\t\t\t\t\t<\/div>\n\t\t\t\t\t<\/div>\n\t\t<\/div>\n\t\t\t\t\t\t\t\t<\/div>\n\t\t\t\t\t<\/div>\n\t\t<\/section>\n\t\t\t\t<section class=\"elementor-section elementor-top-section elementor-element elementor-element-4ad5d2d3 elementor-section-boxed elementor-section-height-default elementor-section-height-default\" data-id=\"4ad5d2d3\" data-element_type=\"section\" data-settings=\"{&quot;background_background&quot;:&quot;video&quot;,&quot;background_video_link&quot;:&quot;https:\\\/\\\/www.youtube.com\\\/watch?v=xqjDrZJwk4E&amp;ab_channel=CKFreeVideoTemplates&quot;}\">\n\t\t\t\t\t\t\t\t<div class=\"elementor-background-video-container elementor-hidden-phone\">\n\t\t\t\t\t\t\t\t\t\t\t\t\t<div class=\"elementor-background-video-embed\"><\/div>\n\t\t\t\t\t\t\t\t\t\t\t\t<\/div>\n\t\t\t\t\t\t\t\t<div class=\"elementor-container elementor-column-gap-default\">\n\t\t\t\t\t\t\t<div class=\"elementor-row\">\n\t\t\t\t\t<div class=\"elementor-column elementor-col-50 elementor-top-column elementor-element elementor-element-2313a4e9\" data-id=\"2313a4e9\" data-element_type=\"column\">\n\t\t\t<div class=\"elementor-column-wrap elementor-element-populated\">\n\t\t\t\t\t\t\t<div class=\"elementor-widget-wrap\">\n\t\t\t\t\t\t<div class=\"elementor-element elementor-element-ba9ed19 elementor-widget elementor-widget-image\" data-id=\"ba9ed19\" data-element_type=\"widget\" data-widget_type=\"image.default\">\n\t\t\t\t<div class=\"elementor-widget-container\">\n\t\t\t\t\t\t\t\t<div class=\"elementor-image\">\n\t\t\t\t\t\t\t\t\t\t\t\t<img decoding=\"async\" width=\"317\" height=\"317\" src=\"https:\/\/www.pecsisitter.hu\/wp-content\/uploads\/2022\/09\/zita.png\" class=\"attachment-large size-large\" alt=\"\" loading=\"lazy\" srcset=\"https:\/\/www.pecsisitter.hu\/wp-content\/uploads\/2022\/09\/zita.png 317w, https:\/\/www.pecsisitter.hu\/wp-content\/uploads\/2022\/09\/zita-300x300.png 300w, https:\/\/www.pecsisitter.hu\/wp-content\/uploads\/2022\/09\/zita-150x150.png 150w, https:\/\/www.pecsisitter.hu\/wp-content\/uploads\/2022\/09\/zita-12x12.png 12w\" sizes=\"(max-width: 317px) 100vw, 317px\" \/>\t\t\t\t\t\t\t\t\t\t\t\t\t\t<\/div>\n\t\t\t\t\t\t<\/div>\n\t\t\t\t<\/div>\n\t\t\t\t\t\t<\/div>\n\t\t\t\t\t<\/div>\n\t\t<\/div>\n\t\t\t\t<div class=\"elementor-column elementor-col-50 elementor-top-column elementor-element elementor-element-61d7e88d\" data-id=\"61d7e88d\" data-element_type=\"column\">\n\t\t\t<div class=\"elementor-column-wrap elementor-element-populated\">\n\t\t\t\t\t\t\t<div class=\"elementor-widget-wrap\">\n\t\t\t\t\t\t<div class=\"elementor-element elementor-element-33c8d6c5 elementor-widget elementor-widget-heading\" data-id=\"33c8d6c5\" data-element_type=\"widget\" data-widget_type=\"heading.default\">\n\t\t\t\t<div class=\"elementor-widget-container\">\n\t\t\t<h2 class=\"elementor-heading-title elementor-size-default\">Zita<\/h2>\t\t<\/div>\n\t\t\t\t<\/div>\n\t\t\t\t<div class=\"elementor-element elementor-element-58802176 elementor-widget elementor-widget-text-editor\" data-id=\"58802176\" data-element_type=\"widget\" data-widget_type=\"text-editor.default\">\n\t\t\t\t<div class=\"elementor-widget-container\">\n\t\t\t\t\t\t\t\t<div class=\"elementor-text-editor elementor-clearfix\">\n\t\t\t\t<p><span lang=\"HU\" style=\"font-size:12.0pt;line-height:107%\">Zita vagyok a p\u00e9csi orvosi egyetemen vagyok hallgat\u00f3.<br>\nK\u00e9t n\u00e1lam kisebb testv\u00e9rem van, r\u00e1juk sokat vigy\u00e1ztam az \u00e9vek sor\u00e1n. A\ngyerekekkel k\u00f6nnyen megtal\u00e1lom a k\u00f6z\u00f6s hangot, szeretek a kicsikkel rajzolni,\nolvasni vagy ak\u00e1r kinti futk\u00e1roz\u00f3s j\u00e1t\u00e9kokat j\u00e1tszani. T\u00fcrelmesnek tartom magam\n\u00e9s mindig is szerettem tanulni, magyar\u00e1zni ez\u00e1ltal a h\u00e1zi feladatok meg\u00edr\u00e1s\u00e1nak\nseg\u00edt\u00e9s\u00e9ben is van b\u0151ven tapasztalatom. <br>\nSzabadid\u0151mben szeretek kir\u00e1ndulni, amire sz\u00edvesen viszem magammal a\nkiskuty\u00e1mat.<br>\n12\u00e9vig klasszikus balett \u00e9s modern t\u00e1ncoltam, t\u00f6bbsz\u00f6r seg\u00edtettem a kisebbeknek\n\u00f3r\u00e1t tartani, versenyeken elk\u00e9sz\u00fclni \u00e9s t\u00e1borokban elfoglalts\u00e1got tal\u00e1lni.&nbsp;<o:p><\/o:p><\/span><\/p>\t\t\t\t\t<\/div>\n\t\t\t\t\t\t<\/div>\n\t\t\t\t<\/div>\n\t\t\t\t<div class=\"elementor-element elementor-element-317a6003 elementor-align-center elementor-widget elementor-widget-button\" data-id=\"317a6003\" data-element_type=\"widget\" data-widget_type=\"button.default\">\n\t\t\t\t<div class=\"elementor-widget-container\">\n\t\t\t\t\t<div class=\"elementor-button-wrapper\">\n\t\t\t<a href=\"https:\/\/www.pecsisitter.hu\/en\/babysitterek\/\" class=\"elementor-button-link elementor-button elementor-size-sm\" role=\"button\">\n\t\t\t\t\t\t<span class=\"elementor-button-content-wrapper\">\n\t\t\t\t\t\t<span class=\"elementor-button-text\">Back to p\u00e9csisitters<\/span>\n\t\t<\/span>\n\t\t\t\t\t<\/a>\n\t\t<\/div>\n\t\t\t\t<\/div>\n\t\t\t\t<\/div>\n\t\t\t\t\t\t<\/div>\n\t\t\t\t\t<\/div>\n\t\t<\/div>\n\t\t\t\t\t\t\t\t<\/div>\n\t\t\t\t\t<\/div>\n\t\t<\/section>\n\t\t\t\t\t\t\t\t\t<\/div>\n\t\t\t<\/div>\n\t\t\t\t\t<\/div>","protected":false},"excerpt":{"rendered":"<p>Zita Zita vagyok a p\u00e9csi orvosi egyetemen vagyok hallgat\u00f3. K\u00e9t&hellip;<\/p>\n<p> <a class=\"more-link\" href=\"https:\/\/www.pecsisitter.hu\/en\/bemutatkozasok-zita\/\">Read more<\/a><\/p>","protected":false},"author":1,"featured_media":0,"parent":0,"menu_order":0,"comment_status":"closed","ping_status":"closed","template":"elementor_header_footer","meta":[],"yoast_head":"<!-- This site is optimized with the Yoast SEO plugin v18.6 - https:\/\/yoast.com\/wordpress\/plugins\/seo\/ -->\n<title>Bemutatkoz\u00e1sok Zita - P&eacute;csi Sitter<\/title>\n<meta name=\"robots\" content=\"index, follow, max-snippet:-1, max-image-preview:large, max-video-preview:-1\" \/>\n<link rel=\"canonical\" href=\"https:\/\/www.pecsisitter.hu\/en\/bemutatkozasok-zita\/\" \/>\n<meta property=\"og:locale\" content=\"en_GB\" \/>\n<meta property=\"og:type\" content=\"article\" \/>\n<meta property=\"og:title\" content=\"Bemutatkoz\u00e1sok Zita - P&eacute;csi Sitter\" \/>\n<meta property=\"og:description\" content=\"Zita Zita vagyok a p\u00e9csi orvosi egyetemen vagyok hallgat\u00f3. K\u00e9t&hellip;  Read more\" \/>\n<meta property=\"og:url\" content=\"https:\/\/www.pecsisitter.hu\/en\/bemutatkozasok-zita\/\" \/>\n<meta property=\"og:site_name\" content=\"P&eacute;csi Sitter\" \/>\n<meta property=\"article:publisher\" content=\"https:\/\/www.facebook.com\/pecsisitter\" \/>\n<meta property=\"article:modified_time\" content=\"2022-09-20T19:15:41+00:00\" \/>\n<meta property=\"og:image\" content=\"https:\/\/www.pecsisitter.hu\/wp-content\/uploads\/2022\/09\/zita.png\" \/>\n<meta name=\"twitter:card\" content=\"summary_large_image\" \/>\n<meta name=\"twitter:label1\" content=\"Estimated reading time\" \/>\n\t<meta name=\"twitter:data1\" content=\"1 minute\" \/>\n<script type=\"application\/ld+json\" class=\"yoast-schema-graph\">{\"@context\":\"https:\/\/schema.org\",\"@graph\":[{\"@type\":\"Organization\",\"@id\":\"https:\/\/www.pecsisitter.hu\/hu\/#organization\",\"name\":\"P\u00e9csiSitter\",\"url\":\"https:\/\/www.pecsisitter.hu\/hu\/\",\"sameAs\":[\"https:\/\/www.facebook.com\/pecsisitter\",\"https:\/\/www.instagram.com\/pecsisitter\"],\"logo\":{\"@type\":\"ImageObject\",\"@id\":\"https:\/\/www.pecsisitter.hu\/hu\/#logo\",\"inLanguage\":\"en-GB\",\"url\":\"https:\/\/www.pecsisitter.hu\/wp-content\/uploads\/2020\/10\/PS-logo-icon.jpg\",\"contentUrl\":\"https:\/\/www.pecsisitter.hu\/wp-content\/uploads\/2020\/10\/PS-logo-icon.jpg\",\"width\":997,\"height\":997,\"caption\":\"P\u00e9csiSitter\"},\"image\":{\"@id\":\"https:\/\/www.pecsisitter.hu\/hu\/#logo\"}},{\"@type\":\"WebSite\",\"@id\":\"https:\/\/www.pecsisitter.hu\/hu\/#website\",\"url\":\"https:\/\/www.pecsisitter.hu\/hu\/\",\"name\":\"P\u00e9csi Sitter\",\"description\":\"P&eacute;cs b&eacute;biszitter &eacute;s id\u0151sgondoz&aacute;s\",\"publisher\":{\"@id\":\"https:\/\/www.pecsisitter.hu\/hu\/#organization\"},\"potentialAction\":[{\"@type\":\"SearchAction\",\"target\":{\"@type\":\"EntryPoint\",\"urlTemplate\":\"https:\/\/www.pecsisitter.hu\/hu\/?s={search_term_string}\"},\"query-input\":\"required name=search_term_string\"}],\"inLanguage\":\"en-GB\"},{\"@type\":\"ImageObject\",\"@id\":\"https:\/\/www.pecsisitter.hu\/hu\/bemutatkozasok-zita\/#primaryimage\",\"inLanguage\":\"en-GB\",\"url\":\"https:\/\/www.pecsisitter.hu\/wp-content\/uploads\/2022\/09\/zita.png\",\"contentUrl\":\"https:\/\/www.pecsisitter.hu\/wp-content\/uploads\/2022\/09\/zita.png\",\"width\":317,\"height\":317},{\"@type\":\"WebPage\",\"@id\":\"https:\/\/www.pecsisitter.hu\/hu\/bemutatkozasok-zita\/#webpage\",\"url\":\"https:\/\/www.pecsisitter.hu\/hu\/bemutatkozasok-zita\/\",\"name\":\"Bemutatkoz\u00e1sok Zita - P&eacute;csi Sitter\",\"isPartOf\":{\"@id\":\"https:\/\/www.pecsisitter.hu\/hu\/#website\"},\"primaryImageOfPage\":{\"@id\":\"https:\/\/www.pecsisitter.hu\/hu\/bemutatkozasok-zita\/#primaryimage\"},\"datePublished\":\"2020-12-22T18:49:09+00:00\",\"dateModified\":\"2022-09-20T19:15:41+00:00\",\"breadcrumb\":{\"@id\":\"https:\/\/www.pecsisitter.hu\/hu\/bemutatkozasok-zita\/#breadcrumb\"},\"inLanguage\":\"en-GB\",\"potentialAction\":[{\"@type\":\"ReadAction\",\"target\":[\"https:\/\/www.pecsisitter.hu\/hu\/bemutatkozasok-zita\/\"]}]},{\"@type\":\"BreadcrumbList\",\"@id\":\"https:\/\/www.pecsisitter.hu\/hu\/bemutatkozasok-zita\/#breadcrumb\",\"itemListElement\":[{\"@type\":\"ListItem\",\"position\":1,\"name\":\"Kezd\u0151lap\",\"item\":\"https:\/\/www.pecsisitter.hu\/hu\/\"},{\"@type\":\"ListItem\",\"position\":2,\"name\":\"Bemutatkoz\u00e1sok Zita\"}]}]}<\/script>\n<!-- \/ Yoast SEO plugin. -->","yoast_head_json":{"title":"Bemutatkoz\u00e1sok Zita - P&eacute;csi Sitter","robots":{"index":"index","follow":"follow","max-snippet":"max-snippet:-1","max-image-preview":"max-image-preview:large","max-video-preview":"max-video-preview:-1"},"canonical":"https:\/\/www.pecsisitter.hu\/en\/bemutatkozasok-zita\/","og_locale":"en_GB","og_type":"article","og_title":"Bemutatkoz\u00e1sok Zita - P&eacute;csi Sitter","og_description":"Zita Zita vagyok a p\u00e9csi orvosi egyetemen vagyok hallgat\u00f3. K\u00e9t&hellip;  Read more","og_url":"https:\/\/www.pecsisitter.hu\/en\/bemutatkozasok-zita\/","og_site_name":"P&eacute;csi Sitter","article_publisher":"https:\/\/www.facebook.com\/pecsisitter","article_modified_time":"2022-09-20T19:15:41+00:00","og_image":[{"url":"https:\/\/www.pecsisitter.hu\/wp-content\/uploads\/2022\/09\/zita.png"}],"twitter_card":"summary_large_image","twitter_misc":{"Estimated reading time":"1 minute"},"schema":{"@context":"https:\/\/schema.org","@graph":[{"@type":"Organization","@id":"https:\/\/www.pecsisitter.hu\/hu\/#organization","name":"P\u00e9csiSitter","url":"https:\/\/www.pecsisitter.hu\/hu\/","sameAs":["https:\/\/www.facebook.com\/pecsisitter","https:\/\/www.instagram.com\/pecsisitter"],"logo":{"@type":"ImageObject","@id":"https:\/\/www.pecsisitter.hu\/hu\/#logo","inLanguage":"en-GB","url":"https:\/\/www.pecsisitter.hu\/wp-content\/uploads\/2020\/10\/PS-logo-icon.jpg","contentUrl":"https:\/\/www.pecsisitter.hu\/wp-content\/uploads\/2020\/10\/PS-logo-icon.jpg","width":997,"height":997,"caption":"P\u00e9csiSitter"},"image":{"@id":"https:\/\/www.pecsisitter.hu\/hu\/#logo"}},{"@type":"WebSite","@id":"https:\/\/www.pecsisitter.hu\/hu\/#website","url":"https:\/\/www.pecsisitter.hu\/hu\/","name":"P\u00e9csi Sitter","description":"P&eacute;cs b&eacute;biszitter &eacute;s id\u0151sgondoz&aacute;s","publisher":{"@id":"https:\/\/www.pecsisitter.hu\/hu\/#organization"},"potentialAction":[{"@type":"SearchAction","target":{"@type":"EntryPoint","urlTemplate":"https:\/\/www.pecsisitter.hu\/hu\/?s={search_term_string}"},"query-input":"required name=search_term_string"}],"inLanguage":"en-GB"},{"@type":"ImageObject","@id":"https:\/\/www.pecsisitter.hu\/hu\/bemutatkozasok-zita\/#primaryimage","inLanguage":"en-GB","url":"https:\/\/www.pecsisitter.hu\/wp-content\/uploads\/2022\/09\/zita.png","contentUrl":"https:\/\/www.pecsisitter.hu\/wp-content\/uploads\/2022\/09\/zita.png","width":317,"height":317},{"@type":"WebPage","@id":"https:\/\/www.pecsisitter.hu\/hu\/bemutatkozasok-zita\/#webpage","url":"https:\/\/www.pecsisitter.hu\/hu\/bemutatkozasok-zita\/","name":"Bemutatkoz\u00e1sok Zita - P&eacute;csi Sitter","isPartOf":{"@id":"https:\/\/www.pecsisitter.hu\/hu\/#website"},"primaryImageOfPage":{"@id":"https:\/\/www.pecsisitter.hu\/hu\/bemutatkozasok-zita\/#primaryimage"},"datePublished":"2020-12-22T18:49:09+00:00","dateModified":"2022-09-20T19:15:41+00:00","breadcrumb":{"@id":"https:\/\/www.pecsisitter.hu\/hu\/bemutatkozasok-zita\/#breadcrumb"},"inLanguage":"en-GB","potentialAction":[{"@type":"ReadAction","target":["https:\/\/www.pecsisitter.hu\/hu\/bemutatkozasok-zita\/"]}]},{"@type":"BreadcrumbList","@id":"https:\/\/www.pecsisitter.hu\/hu\/bemutatkozasok-zita\/#breadcrumb","itemListElement":[{"@type":"ListItem","position":1,"name":"Kezd\u0151lap","item":"https:\/\/www.pecsisitter.hu\/hu\/"},{"@type":"ListItem","position":2,"name":"Bemutatkoz\u00e1sok Zita"}]}]}},"_links":{"self":[{"href":"https:\/\/www.pecsisitter.hu\/en\/wp-json\/wp\/v2\/pages\/13773"}],"collection":[{"href":"https:\/\/www.pecsisitter.hu\/en\/wp-json\/wp\/v2\/pages"}],"about":[{"href":"https:\/\/www.pecsisitter.hu\/en\/wp-json\/wp\/v2\/types\/page"}],"author":[{"embeddable":true,"href":"https:\/\/www.pecsisitter.hu\/en\/wp-json\/wp\/v2\/users\/1"}],"replies":[{"embeddable":true,"href":"https:\/\/www.pecsisitter.hu\/en\/wp-json\/wp\/v2\/comments?post=13773"}],"version-history":[{"count":38,"href":"https:\/\/www.pecsisitter.hu\/en\/wp-json\/wp\/v2\/pages\/13773\/revisions"}],"predecessor-version":[{"id":15591,"href":"https:\/\/www.pecsisitter.hu\/en\/wp-json\/wp\/v2\/pages\/13773\/revisions\/15591"}],"wp:attachment":[{"href":"https:\/\/www.pecsisitter.hu\/en\/wp-json\/wp\/v2\/media?parent=13773"}],"curies":[{"name":"wp","href":"https:\/\/api.w.org\/{rel}","templated":true}]}}