{"id":12679,"date":"2020-10-04T20:28:47","date_gmt":"2020-10-04T18:28:47","guid":{"rendered":"https:\/\/www.pecsisitter.hu\/?page_id=12679"},"modified":"2020-10-12T12:35:04","modified_gmt":"2020-10-12T10:35:04","slug":"regisztracio","status":"publish","type":"page","link":"https:\/\/www.pecsisitter.hu\/en\/regisztracio\/","title":{"rendered":"Regisztracio"},"content":{"rendered":"<div data-elementor-type=\"wp-page\" data-elementor-id=\"12679\" class=\"elementor elementor-12679\">\n\t\t\t\t\t\t<div class=\"elementor-inner\">\n\t\t\t\t<div class=\"elementor-section-wrap\">\n\t\t\t\t\t\t\t\t\t<section class=\"elementor-section elementor-top-section elementor-element elementor-element-9ada82b elementor-section-boxed elementor-section-height-default elementor-section-height-default\" data-id=\"9ada82b\" data-element_type=\"section\">\n\t\t\t\t\t\t<div class=\"elementor-container elementor-column-gap-default\">\n\t\t\t\t\t\t\t<div class=\"elementor-row\">\n\t\t\t\t\t<div class=\"elementor-column elementor-col-100 elementor-top-column elementor-element elementor-element-e60d1b2\" data-id=\"e60d1b2\" data-element_type=\"column\">\n\t\t\t<div class=\"elementor-column-wrap elementor-element-populated\">\n\t\t\t\t\t\t\t<div class=\"elementor-widget-wrap\">\n\t\t\t\t\t\t<div class=\"elementor-element elementor-element-fef8d05 elementor-widget elementor-widget-image\" data-id=\"fef8d05\" data-element_type=\"widget\" data-widget_type=\"image.default\">\n\t\t\t\t<div class=\"elementor-widget-container\">\n\t\t\t\t\t\t\t\t<div class=\"elementor-image\">\n\t\t\t\t\t\t\t\t\t\t\t\t<img decoding=\"async\" width=\"800\" height=\"450\" src=\"https:\/\/www.pecsisitter.hu\/wp-content\/uploads\/2020\/10\/Nyitva-vagyunk-1024x576.png\" class=\"attachment-large size-large\" alt=\"nyitva vagyunk\" loading=\"lazy\" srcset=\"https:\/\/www.pecsisitter.hu\/wp-content\/uploads\/2020\/10\/Nyitva-vagyunk-1024x576.png 1024w, https:\/\/www.pecsisitter.hu\/wp-content\/uploads\/2020\/10\/Nyitva-vagyunk-300x169.png 300w, https:\/\/www.pecsisitter.hu\/wp-content\/uploads\/2020\/10\/Nyitva-vagyunk-768x432.png 768w, https:\/\/www.pecsisitter.hu\/wp-content\/uploads\/2020\/10\/Nyitva-vagyunk-1536x864.png 1536w, https:\/\/www.pecsisitter.hu\/wp-content\/uploads\/2020\/10\/Nyitva-vagyunk-2048x1152.png 2048w, https:\/\/www.pecsisitter.hu\/wp-content\/uploads\/2020\/10\/Nyitva-vagyunk-16x9.png 16w\" sizes=\"(max-width: 800px) 100vw, 800px\" \/>\t\t\t\t\t\t\t\t\t\t\t\t\t\t<\/div>\n\t\t\t\t\t\t<\/div>\n\t\t\t\t<\/div>\n\t\t\t\t\t\t<\/div>\n\t\t\t\t\t<\/div>\n\t\t<\/div>\n\t\t\t\t\t\t\t\t<\/div>\n\t\t\t\t\t<\/div>\n\t\t<\/section>\n\t\t\t\t<section class=\"elementor-section elementor-top-section elementor-element elementor-element-7238061 elementor-section-boxed elementor-section-height-default elementor-section-height-default\" data-id=\"7238061\" data-element_type=\"section\">\n\t\t\t\t\t\t<div class=\"elementor-container elementor-column-gap-default\">\n\t\t\t\t\t\t\t<div class=\"elementor-row\">\n\t\t\t\t\t<div class=\"elementor-column elementor-col-100 elementor-top-column elementor-element elementor-element-a208c66\" data-id=\"a208c66\" data-element_type=\"column\">\n\t\t\t<div class=\"elementor-column-wrap elementor-element-populated\">\n\t\t\t\t\t\t\t<div class=\"elementor-widget-wrap\">\n\t\t\t\t\t\t<div class=\"elementor-element elementor-element-c99a63a elementor-invisible elementor-widget elementor-widget-shortcode\" data-id=\"c99a63a\" data-element_type=\"widget\" data-settings=\"{&quot;_animation&quot;:&quot;fadeInUp&quot;}\" data-widget_type=\"shortcode.default\">\n\t\t\t\t<div class=\"elementor-widget-container\">\n\t\t\t\t\t<div class=\"elementor-shortcode\"><form id=\"forminator-module-13089\" class=\"forminator-custom-form forminator-custom-form-13089\" action=\"\" method=\"post\" data-forminator-render=\"0\" data-trp-original-action=\"\"><div class=\"forminator-response-message forminator-error\" aria-hidden=\"true\"><\/div><input type=\"hidden\" name=\"trp-form-language\" value=\"en\"\/><\/form><\/div>\n\t\t\t\t<\/div>\n\t\t\t\t<\/div>\n\t\t\t\t\t\t<\/div>\n\t\t\t\t\t<\/div>\n\t\t<\/div>\n\t\t\t\t\t\t\t\t<\/div>\n\t\t\t\t\t<\/div>\n\t\t<\/section>\n\t\t\t\t<section class=\"elementor-section elementor-top-section elementor-element elementor-element-591be21 elementor-section-boxed elementor-section-height-default elementor-section-height-default\" data-id=\"591be21\" data-element_type=\"section\">\n\t\t\t\t\t\t<div class=\"elementor-container elementor-column-gap-default\">\n\t\t\t\t\t\t\t<div class=\"elementor-row\">\n\t\t\t\t\t<div class=\"elementor-column elementor-col-100 elementor-top-column elementor-element elementor-element-7dada58\" data-id=\"7dada58\" data-element_type=\"column\">\n\t\t\t<div class=\"elementor-column-wrap elementor-element-populated\">\n\t\t\t\t\t\t\t<div class=\"elementor-widget-wrap\">\n\t\t\t\t\t\t<div class=\"elementor-element elementor-element-ef60159 elementor-widget-divider--view-line elementor-widget elementor-widget-divider\" data-id=\"ef60159\" data-element_type=\"widget\" data-widget_type=\"divider.default\">\n\t\t\t\t<div class=\"elementor-widget-container\">\n\t\t\t\t\t<div class=\"elementor-divider\">\n\t\t\t<span class=\"elementor-divider-separator\">\n\t\t\t\t\t\t<\/span>\n\t\t<\/div>\n\t\t\t\t<\/div>\n\t\t\t\t<\/div>\n\t\t\t\t\t\t<\/div>\n\t\t\t\t\t<\/div>\n\t\t<\/div>\n\t\t\t\t\t\t\t\t<\/div>\n\t\t\t\t\t<\/div>\n\t\t<\/section>\n\t\t\t\t<section class=\"elementor-section elementor-top-section elementor-element elementor-element-0ba9fc6 elementor-section-boxed elementor-section-height-default elementor-section-height-default\" data-id=\"0ba9fc6\" data-element_type=\"section\">\n\t\t\t\t\t\t<div class=\"elementor-container elementor-column-gap-default\">\n\t\t\t\t\t\t\t<div class=\"elementor-row\">\n\t\t\t\t\t<div class=\"elementor-column elementor-col-100 elementor-top-column elementor-element elementor-element-da289f8\" data-id=\"da289f8\" data-element_type=\"column\">\n\t\t\t<div class=\"elementor-column-wrap elementor-element-populated\">\n\t\t\t\t\t\t\t<div class=\"elementor-widget-wrap\">\n\t\t\t\t\t\t<div class=\"elementor-element elementor-element-e0dd520 elementor-widget elementor-widget-heading\" data-id=\"e0dd520\" data-element_type=\"widget\" data-widget_type=\"heading.default\">\n\t\t\t\t<div class=\"elementor-widget-container\">\n\t\t\t<h2 class=\"elementor-heading-title elementor-size-default\">Sign up for our newsletter to always be informed about our news and promotions!<\/h2>\t\t<\/div>\n\t\t\t\t<\/div>\n\t\t\t\t<div class=\"elementor-element elementor-element-3f0065d elementor-widget elementor-widget-shortcode\" data-id=\"3f0065d\" data-element_type=\"widget\" data-widget_type=\"shortcode.default\">\n\t\t\t\t<div class=\"elementor-widget-container\">\n\t\t\t\t\t<div class=\"elementor-shortcode\"><script>(function() {\n\twindow.mc4wp = window.mc4wp || {\n\t\tlisteners: [],\n\t\tforms: {\n\t\t\ton: function(evt, cb) {\n\t\t\t\twindow.mc4wp.listeners.push(\n\t\t\t\t\t{\n\t\t\t\t\t\tevent   : evt,\n\t\t\t\t\t\tcallback: cb\n\t\t\t\t\t}\n\t\t\t\t);\n\t\t\t}\n\t\t}\n\t}\n})();\n<\/script><!-- Mailchimp for WordPress v4.8.7 - https:\/\/wordpress.org\/plugins\/mailchimp-for-wp\/ --><form id=\"mc4wp-form-1\" class=\"mc4wp-form mc4wp-form-12630\" method=\"post\" data-id=\"12630\" data-name=\"P\u00e9csi Sitter H\u00edrlap\" action=\"\" ><div class=\"mc4wp-form-fields\"><p>\r\n    <label>\r\n        <input name=\"AGREE_TO_TERMS\" type=\"checkbox\" value=\"1\" required=\"\"> <a href=\"https:\/\/www.pecsisitter.hu\/en\/contact\/\" target=\"_blank\">Elolvastam \u00e9s elfogadom a felhaszn\u00e1l\u00e1si felt\u00e9teleket<\/a>\r\n    <\/label>\r\n<\/p>\r\n<p>\r\n    <label>Name<\/label>\r\n    <input type=\"text\" name=\"FNAME\" required=\"\">\r\n<\/p>\r\n\r\n<p>\r\n\t<label>Email address \r\n\t\t<input type=\"email\" name=\"EMAIL\" placeholder=\"\" required \/>\r\n<\/label>\r\n<\/p>\r\n\r\n<p>\r\n\t<input type=\"submit\" value=\"Subscribe\" \/>\r\n<\/p><\/div><label style=\"display: none !important;\">Leave this field empty if you're human: <input type=\"text\" name=\"_mc4wp_honeypot\" value=\"\" tabindex=\"-1\" autocomplete=\"off\" \/><\/label><input type=\"hidden\" name=\"_mc4wp_timestamp\" value=\"1778051552\" \/><input type=\"hidden\" name=\"_mc4wp_form_id\" value=\"12630\" \/><input type=\"hidden\" name=\"_mc4wp_form_element_id\" value=\"mc4wp-form-1\" \/><div class=\"mc4wp-response\"><\/div><input type=\"hidden\" name=\"trp-form-language\" value=\"en\"\/><\/form><!-- \/ Mailchimp for WordPress Plugin --><\/div>\n\t\t\t\t<\/div>\n\t\t\t\t<\/div>\n\t\t\t\t\t\t<\/div>\n\t\t\t\t\t<\/div>\n\t\t<\/div>\n\t\t\t\t\t\t\t\t<\/div>\n\t\t\t\t\t<\/div>\n\t\t<\/section>\n\t\t\t\t\t\t\t\t\t<\/div>\n\t\t\t<\/div>\n\t\t\t\t\t<\/div>","protected":false},"excerpt":{"rendered":"<p>Sign up for our newsletter to always be informed about our news and promotions!<\/p>","protected":false},"author":1,"featured_media":0,"parent":0,"menu_order":0,"comment_status":"closed","ping_status":"closed","template":"elementor_header_footer","meta":[],"yoast_head":"<!-- This site is optimized with the Yoast SEO plugin v18.6 - https:\/\/yoast.com\/wordpress\/plugins\/seo\/ -->\n<title>Regisztracio - P&eacute;csi Sitter<\/title>\n<meta name=\"robots\" content=\"index, follow, max-snippet:-1, max-image-preview:large, max-video-preview:-1\" \/>\n<link rel=\"canonical\" href=\"https:\/\/www.pecsisitter.hu\/en\/regisztracio\/\" \/>\n<meta property=\"og:locale\" content=\"en_GB\" \/>\n<meta property=\"og:type\" content=\"article\" \/>\n<meta property=\"og:title\" content=\"Regisztracio - P&eacute;csi Sitter\" \/>\n<meta property=\"og:description\" content=\"Iratkozz fel h\u00edrlevel\u00fcnkre, hogy mindig \u00e9rtes\u00fclj h\u00edreinkr\u0151l \u00e9s akci\u00f3kr\u00f3l!\" \/>\n<meta property=\"og:url\" content=\"https:\/\/www.pecsisitter.hu\/en\/regisztracio\/\" \/>\n<meta property=\"og:site_name\" content=\"P&eacute;csi Sitter\" \/>\n<meta property=\"article:publisher\" content=\"https:\/\/www.facebook.com\/pecsisitter\" \/>\n<meta property=\"article:modified_time\" content=\"2020-10-12T10:35:04+00:00\" \/>\n<meta property=\"og:image\" content=\"https:\/\/www.pecsisitter.hu\/wp-content\/uploads\/2020\/10\/Nyitva-vagyunk-1024x576.png\" \/>\n<meta name=\"twitter:card\" content=\"summary_large_image\" \/>\n<script type=\"application\/ld+json\" class=\"yoast-schema-graph\">{\"@context\":\"https:\/\/schema.org\",\"@graph\":[{\"@type\":\"Organization\",\"@id\":\"https:\/\/www.pecsisitter.hu\/hu\/#organization\",\"name\":\"P\u00e9csiSitter\",\"url\":\"https:\/\/www.pecsisitter.hu\/hu\/\",\"sameAs\":[\"https:\/\/www.facebook.com\/pecsisitter\",\"https:\/\/www.instagram.com\/pecsisitter\"],\"logo\":{\"@type\":\"ImageObject\",\"@id\":\"https:\/\/www.pecsisitter.hu\/hu\/#logo\",\"inLanguage\":\"en-GB\",\"url\":\"https:\/\/www.pecsisitter.hu\/wp-content\/uploads\/2020\/10\/PS-logo-icon.jpg\",\"contentUrl\":\"https:\/\/www.pecsisitter.hu\/wp-content\/uploads\/2020\/10\/PS-logo-icon.jpg\",\"width\":997,\"height\":997,\"caption\":\"P\u00e9csiSitter\"},\"image\":{\"@id\":\"https:\/\/www.pecsisitter.hu\/hu\/#logo\"}},{\"@type\":\"WebSite\",\"@id\":\"https:\/\/www.pecsisitter.hu\/hu\/#website\",\"url\":\"https:\/\/www.pecsisitter.hu\/hu\/\",\"name\":\"P\u00e9csi Sitter\",\"description\":\"P&eacute;cs b&eacute;biszitter &eacute;s id\u0151sgondoz&aacute;s\",\"publisher\":{\"@id\":\"https:\/\/www.pecsisitter.hu\/hu\/#organization\"},\"potentialAction\":[{\"@type\":\"SearchAction\",\"target\":{\"@type\":\"EntryPoint\",\"urlTemplate\":\"https:\/\/www.pecsisitter.hu\/hu\/?s={search_term_string}\"},\"query-input\":\"required name=search_term_string\"}],\"inLanguage\":\"en-GB\"},{\"@type\":\"ImageObject\",\"@id\":\"https:\/\/www.pecsisitter.hu\/hu\/regisztracio\/#primaryimage\",\"inLanguage\":\"en-GB\",\"url\":\"https:\/\/www.pecsisitter.hu\/wp-content\/uploads\/2020\/10\/Nyitva-vagyunk.png\",\"contentUrl\":\"https:\/\/www.pecsisitter.hu\/wp-content\/uploads\/2020\/10\/Nyitva-vagyunk.png\",\"width\":2240,\"height\":1260,\"caption\":\"Nyitva vagyunk\"},{\"@type\":\"WebPage\",\"@id\":\"https:\/\/www.pecsisitter.hu\/hu\/regisztracio\/#webpage\",\"url\":\"https:\/\/www.pecsisitter.hu\/hu\/regisztracio\/\",\"name\":\"Regisztracio - P&eacute;csi Sitter\",\"isPartOf\":{\"@id\":\"https:\/\/www.pecsisitter.hu\/hu\/#website\"},\"primaryImageOfPage\":{\"@id\":\"https:\/\/www.pecsisitter.hu\/hu\/regisztracio\/#primaryimage\"},\"datePublished\":\"2020-10-04T18:28:47+00:00\",\"dateModified\":\"2020-10-12T10:35:04+00:00\",\"breadcrumb\":{\"@id\":\"https:\/\/www.pecsisitter.hu\/hu\/regisztracio\/#breadcrumb\"},\"inLanguage\":\"en-GB\",\"potentialAction\":[{\"@type\":\"ReadAction\",\"target\":[\"https:\/\/www.pecsisitter.hu\/hu\/regisztracio\/\"]}]},{\"@type\":\"BreadcrumbList\",\"@id\":\"https:\/\/www.pecsisitter.hu\/hu\/regisztracio\/#breadcrumb\",\"itemListElement\":[{\"@type\":\"ListItem\",\"position\":1,\"name\":\"Kezd\u0151lap\",\"item\":\"https:\/\/www.pecsisitter.hu\/hu\/\"},{\"@type\":\"ListItem\",\"position\":2,\"name\":\"Regisztracio\"}]}]}<\/script>\n<!-- \/ Yoast SEO plugin. -->","yoast_head_json":{"title":"Regisztracio - P&eacute;csi Sitter","robots":{"index":"index","follow":"follow","max-snippet":"max-snippet:-1","max-image-preview":"max-image-preview:large","max-video-preview":"max-video-preview:-1"},"canonical":"https:\/\/www.pecsisitter.hu\/en\/regisztracio\/","og_locale":"en_GB","og_type":"article","og_title":"Regisztracio - P&eacute;csi Sitter","og_description":"Iratkozz fel h\u00edrlevel\u00fcnkre, hogy mindig \u00e9rtes\u00fclj h\u00edreinkr\u0151l \u00e9s akci\u00f3kr\u00f3l!","og_url":"https:\/\/www.pecsisitter.hu\/en\/regisztracio\/","og_site_name":"P&eacute;csi Sitter","article_publisher":"https:\/\/www.facebook.com\/pecsisitter","article_modified_time":"2020-10-12T10:35:04+00:00","og_image":[{"url":"https:\/\/www.pecsisitter.hu\/wp-content\/uploads\/2020\/10\/Nyitva-vagyunk-1024x576.png"}],"twitter_card":"summary_large_image","schema":{"@context":"https:\/\/schema.org","@graph":[{"@type":"Organization","@id":"https:\/\/www.pecsisitter.hu\/hu\/#organization","name":"P\u00e9csiSitter","url":"https:\/\/www.pecsisitter.hu\/hu\/","sameAs":["https:\/\/www.facebook.com\/pecsisitter","https:\/\/www.instagram.com\/pecsisitter"],"logo":{"@type":"ImageObject","@id":"https:\/\/www.pecsisitter.hu\/hu\/#logo","inLanguage":"en-GB","url":"https:\/\/www.pecsisitter.hu\/wp-content\/uploads\/2020\/10\/PS-logo-icon.jpg","contentUrl":"https:\/\/www.pecsisitter.hu\/wp-content\/uploads\/2020\/10\/PS-logo-icon.jpg","width":997,"height":997,"caption":"P\u00e9csiSitter"},"image":{"@id":"https:\/\/www.pecsisitter.hu\/hu\/#logo"}},{"@type":"WebSite","@id":"https:\/\/www.pecsisitter.hu\/hu\/#website","url":"https:\/\/www.pecsisitter.hu\/hu\/","name":"P\u00e9csi Sitter","description":"P&eacute;cs b&eacute;biszitter &eacute;s id\u0151sgondoz&aacute;s","publisher":{"@id":"https:\/\/www.pecsisitter.hu\/hu\/#organization"},"potentialAction":[{"@type":"SearchAction","target":{"@type":"EntryPoint","urlTemplate":"https:\/\/www.pecsisitter.hu\/hu\/?s={search_term_string}"},"query-input":"required name=search_term_string"}],"inLanguage":"en-GB"},{"@type":"ImageObject","@id":"https:\/\/www.pecsisitter.hu\/hu\/regisztracio\/#primaryimage","inLanguage":"en-GB","url":"https:\/\/www.pecsisitter.hu\/wp-content\/uploads\/2020\/10\/Nyitva-vagyunk.png","contentUrl":"https:\/\/www.pecsisitter.hu\/wp-content\/uploads\/2020\/10\/Nyitva-vagyunk.png","width":2240,"height":1260,"caption":"Nyitva vagyunk"},{"@type":"WebPage","@id":"https:\/\/www.pecsisitter.hu\/hu\/regisztracio\/#webpage","url":"https:\/\/www.pecsisitter.hu\/hu\/regisztracio\/","name":"Regisztracio - P&eacute;csi Sitter","isPartOf":{"@id":"https:\/\/www.pecsisitter.hu\/hu\/#website"},"primaryImageOfPage":{"@id":"https:\/\/www.pecsisitter.hu\/hu\/regisztracio\/#primaryimage"},"datePublished":"2020-10-04T18:28:47+00:00","dateModified":"2020-10-12T10:35:04+00:00","breadcrumb":{"@id":"https:\/\/www.pecsisitter.hu\/hu\/regisztracio\/#breadcrumb"},"inLanguage":"en-GB","potentialAction":[{"@type":"ReadAction","target":["https:\/\/www.pecsisitter.hu\/hu\/regisztracio\/"]}]},{"@type":"BreadcrumbList","@id":"https:\/\/www.pecsisitter.hu\/hu\/regisztracio\/#breadcrumb","itemListElement":[{"@type":"ListItem","position":1,"name":"Kezd\u0151lap","item":"https:\/\/www.pecsisitter.hu\/hu\/"},{"@type":"ListItem","position":2,"name":"Regisztracio"}]}]}},"_links":{"self":[{"href":"https:\/\/www.pecsisitter.hu\/en\/wp-json\/wp\/v2\/pages\/12679"}],"collection":[{"href":"https:\/\/www.pecsisitter.hu\/en\/wp-json\/wp\/v2\/pages"}],"about":[{"href":"https:\/\/www.pecsisitter.hu\/en\/wp-json\/wp\/v2\/types\/page"}],"author":[{"embeddable":true,"href":"https:\/\/www.pecsisitter.hu\/en\/wp-json\/wp\/v2\/users\/1"}],"replies":[{"embeddable":true,"href":"https:\/\/www.pecsisitter.hu\/en\/wp-json\/wp\/v2\/comments?post=12679"}],"version-history":[{"count":19,"href":"https:\/\/www.pecsisitter.hu\/en\/wp-json\/wp\/v2\/pages\/12679\/revisions"}],"predecessor-version":[{"id":13090,"href":"https:\/\/www.pecsisitter.hu\/en\/wp-json\/wp\/v2\/pages\/12679\/revisions\/13090"}],"wp:attachment":[{"href":"https:\/\/www.pecsisitter.hu\/en\/wp-json\/wp\/v2\/media?parent=12679"}],"curies":[{"name":"wp","href":"https:\/\/api.w.org\/{rel}","templated":true}]}}